{"id":191,"date":"2019-09-24T18:56:25","date_gmt":"2019-09-24T18:56:25","guid":{"rendered":"https:\/\/www.parashihtzu.top\/?page_id=191"},"modified":"2020-05-24T19:20:21","modified_gmt":"2020-05-24T19:20:21","slug":"ropa-para-perros-pequenos-trajes-y-panuelos","status":"publish","type":"page","link":"https:\/\/www.parashihtzu.top\/index.php\/ropa-para-perros-pequenos-trajes-y-panuelos\/","title":{"rendered":"SHIH TZU A LA MODA: ROPA Y PA\u00d1UELOS"},"content":{"rendered":"\n<figure><iframe src=\"\/\/rcm-na.amazon-adsystem.com\/e\/cm?o=1&amp;p=48&amp;l=ez&amp;f=ifr&amp;linkID=8b1a2217f821bc7018c8257e95304f65&amp;t=jennifergar00-20&amp;tracking_id=jennifergar00-20\" width=\"728\" height=\"90\"><\/iframe><\/figure>\n\n\n\n<div class=\"wp-block-image\"><figure class=\"aligncenter is-resized\"><img src=\"https:\/\/www.parashihtzu.top\/wp-content\/uploads\/2019\/09\/71709121_2414078688835733_7564069852569158561_n.jpg\" alt=\"\" class=\"wp-image-195\" width=\"418\" height=\"417\" srcset=\"https:\/\/www.parashihtzu.top\/wp-content\/uploads\/2019\/09\/71709121_2414078688835733_7564069852569158561_n.jpg 640w, https:\/\/www.parashihtzu.top\/wp-content\/uploads\/2019\/09\/71709121_2414078688835733_7564069852569158561_n-150x150.jpg 150w, https:\/\/www.parashihtzu.top\/wp-content\/uploads\/2019\/09\/71709121_2414078688835733_7564069852569158561_n-300x300.jpg 300w, https:\/\/www.parashihtzu.top\/wp-content\/uploads\/2019\/09\/71709121_2414078688835733_7564069852569158561_n-144x144.jpg 144w\" sizes=\"(max-width: 418px) 100vw, 418px\" \/><figcaption> Posted by&nbsp;<a href=\"https:\/\/www.instagram.com\/dailydougie\/\">@dailydougie<\/a> <\/figcaption><\/figure><\/div>\n\n\n\n<p><strong>Tu que siempre est\u00e1s a la moda te adjunto unos cuantos trajes y accesorios que te van a encantar, aunque estoy segura que si estos no se ajustan a lo que necesitas, vas a encontrar la opci\u00f3n ideal solo con un par de clicks<\/strong>. <strong>No sabr\u00e1s cual elegir de lo bonitos que son todos<\/strong>! <strong>Toda la ropa para perros peque\u00f1os: trajes y pa\u00f1uelos que podr\u00e1s imaginar<\/strong><\/p>\n\n\n\n<p>Sabemos que nuestros queridos amigos ya son bonitos sin ning\u00fan tipo de accesorio pero de vez en cuando nos encanta darles un toque distinto siempre que ellos se sientan c\u00f3modos, eso es lo primordial .<\/p>\n\n\n\n<iframe style=\"width:120px;height:240px;\" marginwidth=\"0\" marginheight=\"0\" scrolling=\"no\" frameborder=\"0\" src=\"\/\/ws-na.amazon-adsystem.com\/widgets\/q?ServiceVersion=20070822&#038;OneJS=1&#038;Operation=GetAdHtml&#038;MarketPlace=US&#038;source=ss&#038;ref=as_ss_li_til&#038;ad_type=product_link&#038;tracking_id=jennifergar00-20&#038;language=es_US&#038;marketplace=amazon&#038;region=US&#038;placement=B00YTDS83K&#038;asins=B00YTDS83K&#038;linkId=e6054ef515423aaf188b8da647b81ef7&#038;show_border=true&#038;link_opens_in_new_window=true\"><\/iframe> <iframe style=\"width:120px;height:240px;\" marginwidth=\"0\" marginheight=\"0\" scrolling=\"no\" frameborder=\"0\" src=\"\/\/ws-na.amazon-adsystem.com\/widgets\/q?ServiceVersion=20070822&#038;OneJS=1&#038;Operation=GetAdHtml&#038;MarketPlace=US&#038;source=ss&#038;ref=as_ss_li_til&#038;ad_type=product_link&#038;tracking_id=jennifergar00-20&#038;language=es_US&#038;marketplace=amazon&#038;region=US&#038;placement=B01I91R7P2&#038;asins=B01I91R7P2&#038;linkId=1df813221d7665365aba04eb3bb14259&#038;show_border=true&#038;link_opens_in_new_window=true\"><\/iframe> <iframe style=\"width:120px;height:240px;\" marginwidth=\"0\" marginheight=\"0\" scrolling=\"no\" frameborder=\"0\" src=\"\/\/ws-na.amazon-adsystem.com\/widgets\/q?ServiceVersion=20070822&#038;OneJS=1&#038;Operation=GetAdHtml&#038;MarketPlace=US&#038;source=ss&#038;ref=as_ss_li_til&#038;ad_type=product_link&#038;tracking_id=jennifergar00-20&#038;language=es_US&#038;marketplace=amazon&#038;region=US&#038;placement=B07BLTQ8YQ&#038;asins=B07BLTQ8YQ&#038;linkId=6c95698c1b0de74e170af3976e88dc8f&#038;show_border=true&#038;link_opens_in_new_window=true\"><\/iframe> <iframe style=\"width:120px;height:240px;\" marginwidth=\"0\" marginheight=\"0\" scrolling=\"no\" frameborder=\"0\" src=\"\/\/ws-na.amazon-adsystem.com\/widgets\/q?ServiceVersion=20070822&#038;OneJS=1&#038;Operation=GetAdHtml&#038;MarketPlace=US&#038;source=ss&#038;ref=as_ss_li_til&#038;ad_type=product_link&#038;tracking_id=jennifergar00-20&#038;language=es_US&#038;marketplace=amazon&#038;region=US&#038;placement=B06XCLWCRW&#038;asins=B06XCLWCRW&#038;linkId=be0eba15cd3613eca2ce8a1f88273791&#038;show_border=true&#038;link_opens_in_new_window=true\"><\/iframe> <iframe style=\"width:120px;height:240px;\" marginwidth=\"0\" marginheight=\"0\" scrolling=\"no\" frameborder=\"0\" src=\"\/\/ws-na.amazon-adsystem.com\/widgets\/q?ServiceVersion=20070822&#038;OneJS=1&#038;Operation=GetAdHtml&#038;MarketPlace=US&#038;source=ss&#038;ref=as_ss_li_til&#038;ad_type=product_link&#038;tracking_id=jennifergar00-20&#038;language=es_US&#038;marketplace=amazon&#038;region=US&#038;placement=B07149VFJ6&#038;asins=B07149VFJ6&#038;linkId=b778be602482a25727067127e9985cd5&#038;show_border=true&#038;link_opens_in_new_window=true\"><\/iframe> <iframe style=\"width:120px;height:240px;\" marginwidth=\"0\" marginheight=\"0\" scrolling=\"no\" frameborder=\"0\" src=\"\/\/ws-na.amazon-adsystem.com\/widgets\/q?ServiceVersion=20070822&#038;OneJS=1&#038;Operation=GetAdHtml&#038;MarketPlace=US&#038;source=ss&#038;ref=as_ss_li_til&#038;ad_type=product_link&#038;tracking_id=jennifergar00-20&#038;language=es_US&#038;marketplace=amazon&#038;region=US&#038;placement=B07429B1GM&#038;asins=B07429B1GM&#038;linkId=575380c1bb411b2a6dfefa685c01d9a9&#038;show_border=true&#038;link_opens_in_new_window=true\"><\/iframe>\n\n\n\n<p>Los especialistas sugieren que vestir a los perros es<strong>&nbsp;solo necesario en casos muy espec\u00edficos:<\/strong><\/p>\n\n\n\n<ul><li><strong>Perros de pelo corto y poco abundante.<\/strong>&nbsp;Muchos perros tienen el pelaje tan corto que una temperatura exterior demasiado fr\u00eda puede afectar a su estado de salud. Fijaos si las bajas temperaturas le afectan negativamente.<\/li><li><strong>Perros ancianos<\/strong>. Los perros de avanzada edad pueden ser m\u00e1s vulnerables a las bajas temperaturas que los m\u00e1s j\u00f3venes, es probable que sufran artrosis, que sus m\u00fasculos est\u00e9n algo m\u00e1s debilitados, y que su sistema de defensa ya no sea tan eficiente como anta\u00f1o.<\/li><li><strong>Perros que tiemblan cuando est\u00e1n fuera<\/strong>. Deber\u00e9is fijaros si vuestro perro tiembla excesivamente cuando est\u00e1 en el exterior, tengan el pelo corto o largo. Hay perros que son muy frioleros simplemente porque, como el ser humano, toleran menos las bajas temperaturas. En el caso de que la situaci\u00f3n mejore si lleva un abrigo, ya tendr\u00e9is la respuesta: vuestro perro prefiere un calefactor a un paseo por la nieve <\/li><\/ul>\n\n\n\n<iframe style=\"width:120px;height:240px;\" marginwidth=\"0\" marginheight=\"0\" scrolling=\"no\" frameborder=\"0\" src=\"\/\/ws-na.amazon-adsystem.com\/widgets\/q?ServiceVersion=20070822&#038;OneJS=1&#038;Operation=GetAdHtml&#038;MarketPlace=US&#038;source=ss&#038;ref=as_ss_li_til&#038;ad_type=product_link&#038;tracking_id=jennifergar00-20&#038;language=es_US&#038;marketplace=amazon&#038;region=US&#038;placement=B07TW527BJ&#038;asins=B07TW527BJ&#038;linkId=8bfa53b7494354d6338f19ecc1d8bc4e&#038;show_border=true&#038;link_opens_in_new_window=true\"><\/iframe> <iframe style=\"width:120px;height:240px;\" marginwidth=\"0\" marginheight=\"0\" scrolling=\"no\" frameborder=\"0\" src=\"\/\/ws-na.amazon-adsystem.com\/widgets\/q?ServiceVersion=20070822&#038;OneJS=1&#038;Operation=GetAdHtml&#038;MarketPlace=US&#038;source=ss&#038;ref=as_ss_li_til&#038;ad_type=product_link&#038;tracking_id=jennifergar00-20&#038;language=es_US&#038;marketplace=amazon&#038;region=US&#038;placement=B07X1WSV26&#038;asins=B07X1WSV26&#038;linkId=91bc4f3277b55522ee14bbaef7899282&#038;show_border=true&#038;link_opens_in_new_window=true\"><\/iframe> <iframe style=\"width:120px;height:240px;\" marginwidth=\"0\" marginheight=\"0\" scrolling=\"no\" frameborder=\"0\" src=\"\/\/ws-na.amazon-adsystem.com\/widgets\/q?ServiceVersion=20070822&#038;OneJS=1&#038;Operation=GetAdHtml&#038;MarketPlace=US&#038;source=ss&#038;ref=as_ss_li_til&#038;ad_type=product_link&#038;tracking_id=jennifergar00-20&#038;language=es_US&#038;marketplace=amazon&#038;region=US&#038;placement=B07VMQXJ1V&#038;asins=B07VMQXJ1V&#038;linkId=bdaef595525babbcaaf180ca541ce6fc&#038;show_border=true&#038;link_opens_in_new_window=true\"><\/iframe> <iframe style=\"width:120px;height:240px;\" marginwidth=\"0\" marginheight=\"0\" scrolling=\"no\" frameborder=\"0\" src=\"\/\/ws-na.amazon-adsystem.com\/widgets\/q?ServiceVersion=20070822&#038;OneJS=1&#038;Operation=GetAdHtml&#038;MarketPlace=US&#038;source=ss&#038;ref=as_ss_li_til&#038;ad_type=product_link&#038;tracking_id=jennifergar00-20&#038;language=es_US&#038;marketplace=amazon&#038;region=US&#038;placement=B07ZNSSP7J&#038;asins=B07ZNSSP7J&#038;linkId=4551e9a6b9a42a57673352fd028a378d&#038;show_border=true&#038;link_opens_in_new_window=true\"><\/iframe> <iframe style=\"width:120px;height:240px;\" marginwidth=\"0\" marginheight=\"0\" scrolling=\"no\" frameborder=\"0\" src=\"\/\/ws-na.amazon-adsystem.com\/widgets\/q?ServiceVersion=20070822&#038;OneJS=1&#038;Operation=GetAdHtml&#038;MarketPlace=US&#038;source=ss&#038;ref=as_ss_li_til&#038;ad_type=product_link&#038;tracking_id=jennifergar00-20&#038;language=es_US&#038;marketplace=amazon&#038;region=US&#038;placement=B0811HVXQ4&#038;asins=B0811HVXQ4&#038;linkId=21e3a678176eb78af3947914c208c026&#038;show_border=true&#038;link_opens_in_new_window=true\"><\/iframe> <iframe style=\"width:120px;height:240px;\" marginwidth=\"0\" marginheight=\"0\" scrolling=\"no\" frameborder=\"0\" src=\"\/\/ws-na.amazon-adsystem.com\/widgets\/q?ServiceVersion=20070822&#038;OneJS=1&#038;Operation=GetAdHtml&#038;MarketPlace=US&#038;source=ss&#038;ref=as_ss_li_til&#038;ad_type=product_link&#038;tracking_id=jennifergar00-20&#038;language=es_US&#038;marketplace=amazon&#038;region=US&#038;placement=B07SHP4RDY&#038;asins=B07SHP4RDY&#038;linkId=5e42c2c98c5c5fc3b960dc0e1bdde995&#038;show_border=true&#038;link_opens_in_new_window=true\"><\/iframe>\n\n\n\n<p>Tambi\u00e9n puedes intentar, dependiendo de lo habilidoso que seas, el hacer los trajes tu mismo. Te dejo el enlace a un v\u00eddeo de un canal de youtube donde se dan algunos ejemplos de DIY<\/p>\n\n\n\n<figure class=\"wp-block-embed-youtube wp-block-embed is-type-video is-provider-youtube wp-embed-aspect-16-9 wp-has-aspect-ratio\"><div class=\"wp-block-embed__wrapper\">\n<iframe title=\"COMO HACER UN MOLDE O PATR\u00d3N PARA PIJAMA DE PERRITOS.\" width=\"980\" height=\"551\" src=\"https:\/\/www.youtube.com\/embed\/e3Cj-4pm9TI?feature=oembed\" frameborder=\"0\" allow=\"accelerometer; autoplay; encrypted-media; gyroscope; picture-in-picture\" allowfullscreen><\/iframe>\n<\/div><\/figure>\n","protected":false},"excerpt":{"rendered":"<p>Tu que siempre est\u00e1s a la moda te adjunto unos cuantos trajes y accesorios que te van a encantar, aunque estoy segura que si estos no se ajustan a lo que necesitas, vas a encontrar la opci\u00f3n ideal solo con un par de clicks. No sabr\u00e1s cual elegir de lo bonitos que son todos! Toda [&hellip;]<\/p>\n","protected":false},"author":1,"featured_media":195,"parent":0,"menu_order":0,"comment_status":"closed","ping_status":"closed","template":"","meta":[],"yoast_head":"<!-- This site is optimized with the Yoast SEO plugin v20.0 - https:\/\/yoast.com\/wordpress\/plugins\/seo\/ -->\n<title>SHIH TZU A LA MODA: ROPA Y PA\u00d1UELOS - UNIVERSO SHIH-TZU<\/title>\n<meta name=\"description\" content=\"Tu que siempre est\u00e1s a la moda te adjunto unos cuantos trajes y accesorios que te van a encantar para tu shih tzu. La mejor ropa que puedes encontrar\" \/>\n<meta name=\"robots\" content=\"index, follow, max-snippet:-1, max-image-preview:large, max-video-preview:-1\" \/>\n<link rel=\"canonical\" href=\"https:\/\/www.parashihtzu.top\/index.php\/ropa-para-perros-pequenos-trajes-y-panuelos\/\" \/>\n<meta property=\"og:locale\" content=\"es_ES\" \/>\n<meta property=\"og:type\" content=\"article\" \/>\n<meta property=\"og:title\" content=\"SHIH TZU A LA MODA: ROPA Y PA\u00d1UELOS - UNIVERSO SHIH-TZU\" \/>\n<meta property=\"og:description\" content=\"Tu que siempre est\u00e1s a la moda te adjunto unos cuantos trajes y accesorios que te van a encantar para tu shih tzu. La mejor ropa que puedes encontrar\" \/>\n<meta property=\"og:url\" content=\"https:\/\/www.parashihtzu.top\/index.php\/ropa-para-perros-pequenos-trajes-y-panuelos\/\" \/>\n<meta property=\"og:site_name\" content=\"UNIVERSO SHIH-TZU\" \/>\n<meta property=\"article:modified_time\" content=\"2020-05-24T19:20:21+00:00\" \/>\n<meta property=\"og:image\" content=\"https:\/\/www.parashihtzu.top\/wp-content\/uploads\/2019\/09\/71709121_2414078688835733_7564069852569158561_n.jpg\" \/>\n\t<meta property=\"og:image:width\" content=\"640\" \/>\n\t<meta property=\"og:image:height\" content=\"640\" \/>\n\t<meta property=\"og:image:type\" content=\"image\/jpeg\" \/>\n<meta name=\"twitter:card\" content=\"summary_large_image\" \/>\n<meta name=\"twitter:label1\" content=\"Tiempo de lectura\" \/>\n\t<meta name=\"twitter:data1\" content=\"2 minutos\" \/>\n<script type=\"application\/ld+json\" class=\"yoast-schema-graph\">{\"@context\":\"https:\/\/schema.org\",\"@graph\":[{\"@type\":\"WebPage\",\"@id\":\"https:\/\/www.parashihtzu.top\/index.php\/ropa-para-perros-pequenos-trajes-y-panuelos\/\",\"url\":\"https:\/\/www.parashihtzu.top\/index.php\/ropa-para-perros-pequenos-trajes-y-panuelos\/\",\"name\":\"SHIH TZU A LA MODA: ROPA Y PA\u00d1UELOS - UNIVERSO SHIH-TZU\",\"isPartOf\":{\"@id\":\"https:\/\/www.parashihtzu.top\/#website\"},\"datePublished\":\"2019-09-24T18:56:25+00:00\",\"dateModified\":\"2020-05-24T19:20:21+00:00\",\"description\":\"Tu que siempre est\u00e1s a la moda te adjunto unos cuantos trajes y accesorios que te van a encantar para tu shih tzu. La mejor ropa que puedes encontrar\",\"breadcrumb\":{\"@id\":\"https:\/\/www.parashihtzu.top\/index.php\/ropa-para-perros-pequenos-trajes-y-panuelos\/#breadcrumb\"},\"inLanguage\":\"es\",\"potentialAction\":[{\"@type\":\"ReadAction\",\"target\":[\"https:\/\/www.parashihtzu.top\/index.php\/ropa-para-perros-pequenos-trajes-y-panuelos\/\"]}]},{\"@type\":\"BreadcrumbList\",\"@id\":\"https:\/\/www.parashihtzu.top\/index.php\/ropa-para-perros-pequenos-trajes-y-panuelos\/#breadcrumb\",\"itemListElement\":[{\"@type\":\"ListItem\",\"position\":1,\"name\":\"Portada\",\"item\":\"https:\/\/www.parashihtzu.top\/\"},{\"@type\":\"ListItem\",\"position\":2,\"name\":\"SHIH TZU A LA MODA: ROPA Y PA\u00d1UELOS\"}]},{\"@type\":\"WebSite\",\"@id\":\"https:\/\/www.parashihtzu.top\/#website\",\"url\":\"https:\/\/www.parashihtzu.top\/\",\"name\":\"UNIVERSO SHIH-TZU\",\"description\":\"Web sobre la raza SHIHTZU con productos e informaci&oacute;n\",\"publisher\":{\"@id\":\"https:\/\/www.parashihtzu.top\/#organization\"},\"potentialAction\":[{\"@type\":\"SearchAction\",\"target\":{\"@type\":\"EntryPoint\",\"urlTemplate\":\"https:\/\/www.parashihtzu.top\/?s={search_term_string}\"},\"query-input\":\"required name=search_term_string\"}],\"inLanguage\":\"es\"},{\"@type\":\"Organization\",\"@id\":\"https:\/\/www.parashihtzu.top\/#organization\",\"name\":\"UNIVERSO SHIH-TZU\",\"url\":\"https:\/\/www.parashihtzu.top\/\",\"logo\":{\"@type\":\"ImageObject\",\"inLanguage\":\"es\",\"@id\":\"https:\/\/www.parashihtzu.top\/#\/schema\/logo\/image\/\",\"url\":\"https:\/\/www.parashihtzu.top\/wp-content\/uploads\/2022\/09\/cropped-Copia_de_Logo_Logotipo_de_flores_Acuarela_Floral_Pastel_rosa-removebg-preview.png\",\"contentUrl\":\"https:\/\/www.parashihtzu.top\/wp-content\/uploads\/2022\/09\/cropped-Copia_de_Logo_Logotipo_de_flores_Acuarela_Floral_Pastel_rosa-removebg-preview.png\",\"width\":500,\"height\":257,\"caption\":\"UNIVERSO SHIH-TZU\"},\"image\":{\"@id\":\"https:\/\/www.parashihtzu.top\/#\/schema\/logo\/image\/\"}}]}<\/script>\n<!-- \/ Yoast SEO plugin. -->","yoast_head_json":{"title":"SHIH TZU A LA MODA: ROPA Y PA\u00d1UELOS - UNIVERSO SHIH-TZU","description":"Tu que siempre est\u00e1s a la moda te adjunto unos cuantos trajes y accesorios que te van a encantar para tu shih tzu. La mejor ropa que puedes encontrar","robots":{"index":"index","follow":"follow","max-snippet":"max-snippet:-1","max-image-preview":"max-image-preview:large","max-video-preview":"max-video-preview:-1"},"canonical":"https:\/\/www.parashihtzu.top\/index.php\/ropa-para-perros-pequenos-trajes-y-panuelos\/","og_locale":"es_ES","og_type":"article","og_title":"SHIH TZU A LA MODA: ROPA Y PA\u00d1UELOS - UNIVERSO SHIH-TZU","og_description":"Tu que siempre est\u00e1s a la moda te adjunto unos cuantos trajes y accesorios que te van a encantar para tu shih tzu. La mejor ropa que puedes encontrar","og_url":"https:\/\/www.parashihtzu.top\/index.php\/ropa-para-perros-pequenos-trajes-y-panuelos\/","og_site_name":"UNIVERSO SHIH-TZU","article_modified_time":"2020-05-24T19:20:21+00:00","og_image":[{"width":640,"height":640,"url":"https:\/\/www.parashihtzu.top\/wp-content\/uploads\/2019\/09\/71709121_2414078688835733_7564069852569158561_n.jpg","type":"image\/jpeg"}],"twitter_card":"summary_large_image","twitter_misc":{"Tiempo de lectura":"2 minutos"},"schema":{"@context":"https:\/\/schema.org","@graph":[{"@type":"WebPage","@id":"https:\/\/www.parashihtzu.top\/index.php\/ropa-para-perros-pequenos-trajes-y-panuelos\/","url":"https:\/\/www.parashihtzu.top\/index.php\/ropa-para-perros-pequenos-trajes-y-panuelos\/","name":"SHIH TZU A LA MODA: ROPA Y PA\u00d1UELOS - UNIVERSO SHIH-TZU","isPartOf":{"@id":"https:\/\/www.parashihtzu.top\/#website"},"datePublished":"2019-09-24T18:56:25+00:00","dateModified":"2020-05-24T19:20:21+00:00","description":"Tu que siempre est\u00e1s a la moda te adjunto unos cuantos trajes y accesorios que te van a encantar para tu shih tzu. La mejor ropa que puedes encontrar","breadcrumb":{"@id":"https:\/\/www.parashihtzu.top\/index.php\/ropa-para-perros-pequenos-trajes-y-panuelos\/#breadcrumb"},"inLanguage":"es","potentialAction":[{"@type":"ReadAction","target":["https:\/\/www.parashihtzu.top\/index.php\/ropa-para-perros-pequenos-trajes-y-panuelos\/"]}]},{"@type":"BreadcrumbList","@id":"https:\/\/www.parashihtzu.top\/index.php\/ropa-para-perros-pequenos-trajes-y-panuelos\/#breadcrumb","itemListElement":[{"@type":"ListItem","position":1,"name":"Portada","item":"https:\/\/www.parashihtzu.top\/"},{"@type":"ListItem","position":2,"name":"SHIH TZU A LA MODA: ROPA Y PA\u00d1UELOS"}]},{"@type":"WebSite","@id":"https:\/\/www.parashihtzu.top\/#website","url":"https:\/\/www.parashihtzu.top\/","name":"UNIVERSO SHIH-TZU","description":"Web sobre la raza SHIHTZU con productos e informaci&oacute;n","publisher":{"@id":"https:\/\/www.parashihtzu.top\/#organization"},"potentialAction":[{"@type":"SearchAction","target":{"@type":"EntryPoint","urlTemplate":"https:\/\/www.parashihtzu.top\/?s={search_term_string}"},"query-input":"required name=search_term_string"}],"inLanguage":"es"},{"@type":"Organization","@id":"https:\/\/www.parashihtzu.top\/#organization","name":"UNIVERSO SHIH-TZU","url":"https:\/\/www.parashihtzu.top\/","logo":{"@type":"ImageObject","inLanguage":"es","@id":"https:\/\/www.parashihtzu.top\/#\/schema\/logo\/image\/","url":"https:\/\/www.parashihtzu.top\/wp-content\/uploads\/2022\/09\/cropped-Copia_de_Logo_Logotipo_de_flores_Acuarela_Floral_Pastel_rosa-removebg-preview.png","contentUrl":"https:\/\/www.parashihtzu.top\/wp-content\/uploads\/2022\/09\/cropped-Copia_de_Logo_Logotipo_de_flores_Acuarela_Floral_Pastel_rosa-removebg-preview.png","width":500,"height":257,"caption":"UNIVERSO SHIH-TZU"},"image":{"@id":"https:\/\/www.parashihtzu.top\/#\/schema\/logo\/image\/"}}]}},"_links":{"self":[{"href":"https:\/\/www.parashihtzu.top\/index.php\/wp-json\/wp\/v2\/pages\/191"}],"collection":[{"href":"https:\/\/www.parashihtzu.top\/index.php\/wp-json\/wp\/v2\/pages"}],"about":[{"href":"https:\/\/www.parashihtzu.top\/index.php\/wp-json\/wp\/v2\/types\/page"}],"author":[{"embeddable":true,"href":"https:\/\/www.parashihtzu.top\/index.php\/wp-json\/wp\/v2\/users\/1"}],"replies":[{"embeddable":true,"href":"https:\/\/www.parashihtzu.top\/index.php\/wp-json\/wp\/v2\/comments?post=191"}],"version-history":[{"count":7,"href":"https:\/\/www.parashihtzu.top\/index.php\/wp-json\/wp\/v2\/pages\/191\/revisions"}],"predecessor-version":[{"id":395,"href":"https:\/\/www.parashihtzu.top\/index.php\/wp-json\/wp\/v2\/pages\/191\/revisions\/395"}],"wp:featuredmedia":[{"embeddable":true,"href":"https:\/\/www.parashihtzu.top\/index.php\/wp-json\/wp\/v2\/media\/195"}],"wp:attachment":[{"href":"https:\/\/www.parashihtzu.top\/index.php\/wp-json\/wp\/v2\/media?parent=191"}],"curies":[{"name":"wp","href":"https:\/\/api.w.org\/{rel}","templated":true}]}}