{"id":220,"date":"2020-03-31T19:22:14","date_gmt":"2020-03-31T19:22:14","guid":{"rendered":"https:\/\/www.parashihtzu.top\/?page_id=220"},"modified":"2023-02-01T17:42:24","modified_gmt":"2023-02-01T17:42:24","slug":"como-quitar-los-nudos-de-nuestro-shih-tzu","status":"publish","type":"page","link":"https:\/\/www.parashihtzu.top\/index.php\/como-quitar-los-nudos-de-nuestro-shih-tzu\/","title":{"rendered":"\u00bfCOMO QUITAR LOS NUDOS DE NUESTRO SHIH TZU?"},"content":{"rendered":"\n<iframe src=\"\/\/rcm-na.amazon-adsystem.com\/e\/cm?o=1&amp;p=48&amp;l=ez&amp;f=ifr&amp;linkID=998e3b9044348f8b1ec90c275a97cbaf&amp;t=jennifergar00-20&amp;tracking_id=jennifergar00-20\" width=\"728\" height=\"90\" scrolling=\"no\" border=\"0\" marginwidth=\"0\" style=\"border:none;\" frameborder=\"0\"><\/iframe>\n\n\n\n<p>Es muy importante el cepillado de nuestro shih tzu cada d\u00eda y sino cada dos d\u00edas, como mucho, ya que sino se les va formando nudos en su pelaje y esto adem\u00e1s de ser un problema est\u00e9tico puede ser perjudicial para su salud.  Aprovecha para cepillar a tu perro mientras ves la tele al regresar a casa o cuando est\u00e9s tranquilamente en el sof\u00e1, creas un v\u00ednculo con \u00e9l, le ayudas y mimas para que se encuentre lo mejor posible y encima, si lo has acostumbrado desde cachorro, puede ser un momento muy relajante para ambos.<\/p>\n\n\n\n<p>Uno de los principales problemas de los nudos en el pelaje es que se forma una capa espesa en su manto que no permite a la dermis respirar por lo que es probable la proliferaci\u00f3n de hongos y bacterias. Es posible, que sin darnos cuenta, dentro de este manto hayan pulgas o garrapatas y esto ha de ser solucionado con urgencia.&nbsp;<strong>Si ba\u00f1amos a un perro que tenga el pelo enredado, en lugar de mejorar la situaci\u00f3n la estaremos empeorando.<\/strong>&nbsp;La piel se humedecer\u00e1  provocando que el pelo se adhiera a\u00fan m\u00e1s a la piel, con lo da\u00f1ino que eso puede ser.<\/p>\n\n\n\n<p>La densidad del pelaje de la raza Shih tzu se clasifica como de doble <strong>capa de pelaje largo<\/strong>. Sus capas se enredan f\u00e1cilmente, as\u00ed que el cepillado y el peinado diario es necesario. La larga y gruesa doble capa tiene una capa interna suave mezclada en ella, por lo que \u00e9s f\u00e1cil se forme una especie de lana. El Shih tzu, Lhasa apso y el Terrier s\u00f3n razas que tienen este tipo de pelaje.  Se enreda, as\u00ed que el cepillado frecuente es necesario, utilizando peines y cepillos especiales <\/p>\n\n\n<div class=\"wp-block-image SHIHTZU TRICOLOR CON PELO LARGO\">\n<figure class=\"aligncenter size-large is-resized\"><img src=\"https:\/\/www.parashihtzu.top\/wp-content\/uploads\/2020\/03\/Shih-Tzu-Information-and-Pictures-Petguide-1.jpg\" alt=\"SHIHTZU TRICOLOR CON PELO LARGO\" class=\"wp-image-234\" width=\"539\" height=\"436\" srcset=\"https:\/\/www.parashihtzu.top\/wp-content\/uploads\/2020\/03\/Shih-Tzu-Information-and-Pictures-Petguide-1.jpg 1000w, https:\/\/www.parashihtzu.top\/wp-content\/uploads\/2020\/03\/Shih-Tzu-Information-and-Pictures-Petguide-1-300x243.jpg 300w, https:\/\/www.parashihtzu.top\/wp-content\/uploads\/2020\/03\/Shih-Tzu-Information-and-Pictures-Petguide-1-768x623.jpg 768w, https:\/\/www.parashihtzu.top\/wp-content\/uploads\/2020\/03\/Shih-Tzu-Information-and-Pictures-Petguide-1-640x519.jpg 640w\" sizes=\"(max-width: 539px) 100vw, 539px\" \/><figcaption>SHIHTZU TRICOLOR CON PELO LARGO<\/figcaption><\/figure><\/div>\n\n\n<h2 class=\"has-text-align-left\"> <strong>\u00bf Cu\u00e1l es el mejor cepillo o peine para peinar al Shihtzu?<\/strong><\/h2>\n\n\n\n<p>Utilizar cepillos y peines no adecuados puede romper el pelo de nuestra mascota y adem\u00e1s da\u00f1ar su piel. Detallo a continuaci\u00f3n los cepillos correctos que debemos tener en nuestra casa para el mantenimiento de nuestro Shih tzu:<\/p>\n\n\n\n<h3 class=\"has-text-align-center\"><strong>Cepillo tipo \u00abmantequilla\u00bb para perros<\/strong><\/h3>\n\n\n\n<p>Su apodo se debe a la suavidad de sus cerdas y la base de goma que tiene, ya que no rompe el pelo ni da\u00f1a la piel . Una de las caracter\u00edsticas de este cepillo es que no tiene pin en la punta de sus cerdas, estas cerdas son met\u00e1licas y no se oxidan. Al no tener pin de goma en la punta de la cerda esto nos garantiza que no arranca el pelo ni lo da\u00f1a. Podemos encontrarlo de diferentes modelos y variar el tama\u00f1o y rigidez de sus cerdas.<\/p>\n\n\n\n<div class=\"wp-block-media-text is-stacked-on-mobile\" style=\"grid-template-columns:41% auto\"><figure class=\"wp-block-media-text__media\"><a href=\"https:\/\/amzn.to\/3DuQONy\" target=\"_blank\" rel=\"noreferrer noopener\"><img width=\"1024\" height=\"1024\" src=\"https:\/\/www.parashihtzu.top\/wp-content\/uploads\/2022\/06\/cepillo_mantequilla-1024x1024.jpg\" alt=\"cepillo tipo mantequilla\" class=\"wp-image-535 size-full\" srcset=\"https:\/\/www.parashihtzu.top\/wp-content\/uploads\/2022\/06\/cepillo_mantequilla-1024x1024.jpg 1024w, https:\/\/www.parashihtzu.top\/wp-content\/uploads\/2022\/06\/cepillo_mantequilla-300x300.jpg 300w, https:\/\/www.parashihtzu.top\/wp-content\/uploads\/2022\/06\/cepillo_mantequilla-150x150.jpg 150w, https:\/\/www.parashihtzu.top\/wp-content\/uploads\/2022\/06\/cepillo_mantequilla-768x768.jpg 768w, https:\/\/www.parashihtzu.top\/wp-content\/uploads\/2022\/06\/cepillo_mantequilla-640x640.jpg 640w, https:\/\/www.parashihtzu.top\/wp-content\/uploads\/2022\/06\/cepillo_mantequilla-144x144.jpg 144w, https:\/\/www.parashihtzu.top\/wp-content\/uploads\/2022\/06\/cepillo_mantequilla-120x120.jpg 120w, https:\/\/www.parashihtzu.top\/wp-content\/uploads\/2022\/06\/cepillo_mantequilla.jpg 1500w\" sizes=\"(max-width: 1024px) 100vw, 1024px\" \/><\/a><\/figure><div class=\"wp-block-media-text__content\">\n<ul><li><strong>Desarrollado con peluqueros profesionales<\/strong> de perros para desenredar y quitar nudos peque\u00f1os<\/li><li>Cuenta con <strong>dos cepillos y acciones<\/strong> de aseo en uno. Un lado contiene puntas de acero inoxidable con un revestimiento protector para eliminar la p\u00e9rdida de cabello y <strong>desenredar la capa<\/strong>; el otro lado tiene cerdas de nailon densas para redistribuir aceites naturales para un pelaje saludable y brillante<\/li><li><strong>Mango ergon\u00f3mico<\/strong> que permite la m\u00e1xima comodidad y control<\/li><\/ul>\n<\/div><\/div>\n\n\n\n<div class=\"wp-container-2 is-content-justification-center wp-block-buttons\">\n<div class=\"wp-block-button is-style-outline\"><a class=\"wp-block-button__link\" href=\"https:\/\/amzn.to\/3l0NWBS\" target=\"_blank\" rel=\"noreferrer noopener\"><strong><mark style=\"background-color:#7bdcb5\" class=\"has-inline-color has-black-color\">VER OFERTA<\/mark><\/strong><\/a><\/div>\n<\/div>\n\n\n\n<h3 class=\"has-text-align-center\"><strong>CafHelp Peine met\u00e1lico para perros<\/strong><\/h3>\n\n\n\n<p>Lo podemos encontrar de diferentes tama\u00f1os. Nos ayuda a que despu\u00e9s del cepillado podamos dar un efecto liso en el pelo. Es un peine de mango redondo, no se oxida y es de f\u00e1cil manejo. Tiene una secci\u00f3n mas fina la cual nos va a ayudar en el \u00e1rea del bigote y en las patas. Nos ayuda a localizar nudos que puedan estar en el manto <\/p>\n\n\n\n<div class=\"wp-block-media-text has-media-on-the-right is-stacked-on-mobile\"><figure class=\"wp-block-media-text__media\"><a href=\"https:\/\/amzn.to\/3wPb8Wu\" target=\"_blank\" rel=\"noreferrer noopener\"><img width=\"800\" height=\"800\" src=\"https:\/\/www.parashihtzu.top\/wp-content\/uploads\/2023\/02\/peine-metalico1.webp\" alt=\"peine met\u00e1lico para perros\" class=\"wp-image-673 size-full\" srcset=\"https:\/\/www.parashihtzu.top\/wp-content\/uploads\/2023\/02\/peine-metalico1.webp 800w, https:\/\/www.parashihtzu.top\/wp-content\/uploads\/2023\/02\/peine-metalico1-300x300.webp 300w, https:\/\/www.parashihtzu.top\/wp-content\/uploads\/2023\/02\/peine-metalico1-150x150.webp 150w, https:\/\/www.parashihtzu.top\/wp-content\/uploads\/2023\/02\/peine-metalico1-768x768.webp 768w, https:\/\/www.parashihtzu.top\/wp-content\/uploads\/2023\/02\/peine-metalico1-640x640.webp 640w, https:\/\/www.parashihtzu.top\/wp-content\/uploads\/2023\/02\/peine-metalico1-144x144.webp 144w, https:\/\/www.parashihtzu.top\/wp-content\/uploads\/2023\/02\/peine-metalico1-120x120.webp 120w\" sizes=\"(max-width: 800px) 100vw, 800px\" \/><\/a><\/figure><div class=\"wp-block-media-text__content\">\n<ul><li><strong>Funci\u00f3n<\/strong>: esta herramienta para perros puede eliminar enredos, nudos, pelo suelto, adem\u00e1s, es perfecta para promover la circulaci\u00f3n sangu\u00ednea y masajear la piel.<\/li><li><strong>Material de alta calidad:<\/strong> hecho de acero inoxidable de alta calidad, este peine es duradero, resistente a la corrosi\u00f3n y no se decolora, bueno para evitar la electricidad est\u00e1tica.<\/li><li><strong>C\u00f3modo y seguro:<\/strong> los extremos redondeados son suaves para la piel. Este peine prepara y masajea para un abrigo saludable, evita enganches y lesiones de mascotas.<\/li><\/ul>\n<\/div><\/div>\n\n\n\n<div class=\"wp-container-3 is-content-justification-center wp-block-buttons\">\n<div class=\"wp-block-button is-style-outline\"><a class=\"wp-block-button__link\" href=\"https:\/\/amzn.to\/3wPb8Wu\" target=\"_blank\" rel=\"noreferrer noopener\"><mark style=\"background-color:#7bdcb5\" class=\"has-inline-color has-black-color\">VER OFERTA<\/mark><\/a><\/div>\n<\/div>\n\n\n\n<h3 class=\"has-text-align-center\"><strong>Peine desenredante para mascotas Poodle pet<\/strong><\/h3>\n\n\n\n<div class=\"wp-block-media-text has-media-on-the-right is-stacked-on-mobile\" style=\"grid-template-columns:auto 34%\"><figure class=\"wp-block-media-text__media\"><a href=\"https:\/\/amzn.to\/3DzdKv8\" target=\"_blank\" rel=\"noreferrer noopener\"><img width=\"800\" height=\"800\" src=\"https:\/\/www.parashihtzu.top\/wp-content\/uploads\/2023\/02\/PEINE-DESENREDANTE.webp\" alt=\"PEINE DESENREDANTE POODLE PET\" class=\"wp-image-674 size-full\" srcset=\"https:\/\/www.parashihtzu.top\/wp-content\/uploads\/2023\/02\/PEINE-DESENREDANTE.webp 800w, https:\/\/www.parashihtzu.top\/wp-content\/uploads\/2023\/02\/PEINE-DESENREDANTE-300x300.webp 300w, https:\/\/www.parashihtzu.top\/wp-content\/uploads\/2023\/02\/PEINE-DESENREDANTE-150x150.webp 150w, https:\/\/www.parashihtzu.top\/wp-content\/uploads\/2023\/02\/PEINE-DESENREDANTE-768x768.webp 768w, https:\/\/www.parashihtzu.top\/wp-content\/uploads\/2023\/02\/PEINE-DESENREDANTE-640x640.webp 640w, https:\/\/www.parashihtzu.top\/wp-content\/uploads\/2023\/02\/PEINE-DESENREDANTE-144x144.webp 144w, https:\/\/www.parashihtzu.top\/wp-content\/uploads\/2023\/02\/PEINE-DESENREDANTE-120x120.webp 120w\" sizes=\"(max-width: 800px) 100vw, 800px\" \/><\/a><\/figure><div class=\"wp-block-media-text__content\">\n<ul><li><strong>Peine N\u00ba1 para perros y gatos<\/strong>: mejor calificado en 2022 por Pet Keen, Groomers&#8217; Land y m\u00e1s, y confiado por millones de due\u00f1os de mascotas.<\/li><li><strong>Peine desenredante 2 en 1<\/strong>: simplifica el proceso de aseo mediante el uso de nuestros peines para mascotas de doble longitud para desenredar, desenredar y peinar. Cuenta con dientes de metal largos y cortos, por lo que reduce el tiempo en la mitad<\/li><li><strong>Para cabello largo y corto<\/strong>: a diferencia de los peines promedio para el aseo, este se puede utilizar para cuidar razas de pelo largo o corto. \u00dasalo para peinar el pelo de shihtzu, pomeranias, caniches, gatitos persas, etc.<\/li><li><strong>Dientes de acero inoxidable:<\/strong> los dientes largos y cortos que aparecen en este peine para mascotas 2 en 1 con mango est\u00e1n hechos de acero inoxidable s\u00f3lido para garantizar que sean lo suficientemente fuertes como para eliminar eficazmente nudos y alfombrillas.<\/li><li><strong>Agarre de mango antideslizante:<\/strong>  Se ha mejorado con un mango antideslizante para ayudar a evitar accidentes.<\/li><\/ul>\n<\/div><\/div>\n\n\n\n<div class=\"wp-container-4 is-content-justification-center wp-block-buttons\">\n<div class=\"wp-block-button is-style-outline\"><a class=\"wp-block-button__link\" href=\"https:\/\/amzn.to\/3DzdKv8\" target=\"_blank\" rel=\"noreferrer noopener\"><strong><mark style=\"background-color:#7bdcb5\" class=\"has-inline-color has-black-color\">VER OFERTA<\/mark><\/strong><\/a><\/div>\n<\/div>\n\n\n\n<h2><strong>V\u00eddeo de recuperaci\u00f3n de manto de Shih tzu recomendado<\/strong><\/h2>\n\n\n\n<p>Os dejo un v\u00eddeo muy recomendado de recuperaci\u00f3n de manto para no tener que rasurar a nuestro shih tzu. Eso s\u00ed, mas vale prevenir que curar, por lo que es mejor cepillar cada d\u00eda a nuestro shih tzu, Os lo agradecer\u00e1!<\/p>\n\n\n\n<figure class=\"wp-block-embed is-type-rich is-provider-gestor-del-servicio wp-block-embed-gestor-del-servicio wp-embed-aspect-4-3 wp-has-aspect-ratio\"><div class=\"wp-block-embed__wrapper\">\n<iframe title=\"\u00bfC\u00f3mo desenredar un perro lleno de nudos?\" width=\"980\" height=\"735\" src=\"https:\/\/www.youtube.com\/embed\/mhDnQQSWDKg?feature=oembed\" frameborder=\"0\" allow=\"accelerometer; autoplay; clipboard-write; encrypted-media; gyroscope; picture-in-picture; web-share\" allowfullscreen><\/iframe>\n<\/div><\/figure>\n\n\n\n<div class=\"wp-container-6 wp-block-columns\">\n<div class=\"wp-container-5 wp-block-column\" style=\"flex-basis:100%\">\n<p class=\"has-text-align-center wp-embed-aspect-4-3 wp-has-aspect-ratio\"><br>Canal de Youtube  <br>Peluquer\u00eda canina Suaves <\/p>\n<\/div>\n<\/div>\n\n\n\n<h2><strong>Pasos para quitar los nudos del pelaje del Shih tzu<\/strong><\/h2>\n\n\n\n<p>En el caso que ya la situaci\u00f3n sea inevitable y ya hayan aparecido los dichosos nudos, te detallo los pasos a seguir que te pueden ayudar, pero lo que recomiendo es que acudas a un profesional:<\/p>\n\n\n\n<ul><li>Si el nudo no est\u00e1 muy apretado, ni pegado a la piel  y se mueve, puede ser desenredado sin problemas usando primero los dedos. Deja el peine porque puede cerrarlo m\u00e1s. Con mucha paciencia puedes ir deshaci\u00e9ndolos.<\/li><\/ul>\n\n\n\n<ul><li>Si no hay manera de desenredar, deber\u00e1s acudir a las tijeras. \u00dasalas siempre con mucho cuidado para no lastimar a tu fiel amigo, puedes no distinguir la piel del nudo pegado. Comienza poco a poco (la punta del nido) y sigue con el peine, con mucha paciencia.<\/li><\/ul>\n\n\n\n<ul><li>Prepara un ba\u00f1o de agua caliente para tu mascota tras haber ablandado el pelo enredado. OJO s\u00f3lo si ya has quitado todos los nudos. B\u00e1\u00f1alo con champ\u00fa especial y de calidad y aplica acondicionador que hidrate en profundidad. Deja que act\u00fae 5 minutos. Para que el animal no se inquiete o aburra, puedes entretenerlo con un\u00a0juguete.<\/li><\/ul>\n\n\n\n<p class=\"has-text-align-center has-medium-font-size\"><strong><a href=\"https:\/\/www.parashihtzu.top\/index.php\/los-cuatro-mejores-champu-para-shihtzu\/\">TE DOY ACCESO AL ART\u00cdCULO CON LOS MEJORES CHAMP\u00da PARA TU MASCOTA <\/a><\/strong><\/p>\n\n\n\n<ul><li>Enjuaga con abundante agua tibia hasta que no queden residuos. Seca usando el secador o una toalla. P\u00e9inalo con un cepillo met\u00e1lico y de p\u00faas anchas que sirve para quitar los nudos.<\/li><\/ul>\n\n\n\n<ul><li><strong>Como \u00faltima instancia, deber\u00edas usar una afeitadora o rasuradora.<\/strong>&nbsp;La piel de nuestro shihtzu est\u00e1 irritada por haber soportado los nudos, incluso puede tener alg\u00fan hematoma. Al pasar esta herramienta, empeora su condici\u00f3n. Esto traer\u00e1 como consecuencia mucho picor y enrojecimiento, pero a veces es la \u00fanica soluci\u00f3n.<\/li><\/ul>\n\n\n\n<p>Te dejo material que te ser\u00e1 necesario para poder acabar con los dichosos nudos y para realizar el mantenimiento a tu shih tzu entre visitas a peluquero profesional, adem\u00e1s te puedes ahorrar bastante dinero si te apa\u00f1as bien <\/p>\n\n\n<div class=\"wp-block-image\">\n<figure class=\"aligncenter size-full is-resized\"><a href=\"https:\/\/amzn.to\/3YjQHg5\" target=\"_blank\" rel=\"noreferrer noopener\"><img src=\"https:\/\/www.parashihtzu.top\/wp-content\/uploads\/2023\/02\/cortadora-pelo-para-shihtzu.webp\" alt=\"cortadora para pelo perros\" class=\"wp-image-677\" width=\"370\" height=\"388\" srcset=\"https:\/\/www.parashihtzu.top\/wp-content\/uploads\/2023\/02\/cortadora-pelo-para-shihtzu.webp 700w, https:\/\/www.parashihtzu.top\/wp-content\/uploads\/2023\/02\/cortadora-pelo-para-shihtzu-286x300.webp 286w, https:\/\/www.parashihtzu.top\/wp-content\/uploads\/2023\/02\/cortadora-pelo-para-shihtzu-640x671.webp 640w\" sizes=\"(max-width: 370px) 100vw, 370px\" \/><\/a><\/figure><\/div>\n\n\n<div class=\"wp-container-7 is-content-justification-center wp-block-buttons\">\n<div class=\"wp-block-button is-style-outline\"><a class=\"wp-block-button__link\" href=\"https:\/\/amzn.to\/3YjQHg5\" target=\"_blank\" rel=\"noreferrer noopener\"><strong><mark style=\"background-color:#7bdcb5\" class=\"has-inline-color has-black-color\">VER OFERTA<\/mark><\/strong><\/a><\/div>\n<\/div>\n","protected":false},"excerpt":{"rendered":"<p>Es muy importante el cepillado de nuestro shih tzu cada d\u00eda y sino cada dos d\u00edas, como mucho, ya que sino se les va formando nudos en su pelaje y esto adem\u00e1s de ser un problema est\u00e9tico puede ser perjudicial para su salud. Aprovecha para cepillar a tu perro mientras ves la tele al regresar [&hellip;]<\/p>\n","protected":false},"author":1,"featured_media":234,"parent":0,"menu_order":0,"comment_status":"closed","ping_status":"closed","template":"","meta":[],"yoast_head":"<!-- This site is optimized with the Yoast SEO plugin v20.0 - https:\/\/yoast.com\/wordpress\/plugins\/seo\/ -->\n<title>\u00bfCOMO QUITAR LOS NUDOS DE NUESTRO SHIH TZU? - UNIVERSO SHIH-TZU<\/title>\n<meta name=\"description\" content=\"Es muy importante el cepillado de nuestro shih tzu cada d\u00eda y sino cada dos d\u00edas, como mucho, ya que sino se les va formando nudos en su pelaje y esto adem\u00e1s de ser un problema est\u00e9tico puede ser perjudicial para su salud.\" \/>\n<meta name=\"robots\" content=\"index, follow, max-snippet:-1, max-image-preview:large, max-video-preview:-1\" \/>\n<link rel=\"canonical\" href=\"https:\/\/www.parashihtzu.top\/index.php\/como-quitar-los-nudos-de-nuestro-shih-tzu\/\" \/>\n<meta property=\"og:locale\" content=\"es_ES\" \/>\n<meta property=\"og:type\" content=\"article\" \/>\n<meta property=\"og:title\" content=\"\u00bfCOMO QUITAR LOS NUDOS DE NUESTRO SHIH TZU? - UNIVERSO SHIH-TZU\" \/>\n<meta property=\"og:description\" content=\"Es muy importante el cepillado de nuestro shih tzu cada d\u00eda y sino cada dos d\u00edas, como mucho, ya que sino se les va formando nudos en su pelaje y esto adem\u00e1s de ser un problema est\u00e9tico puede ser perjudicial para su salud.\" \/>\n<meta property=\"og:url\" content=\"https:\/\/www.parashihtzu.top\/index.php\/como-quitar-los-nudos-de-nuestro-shih-tzu\/\" \/>\n<meta property=\"og:site_name\" content=\"UNIVERSO SHIH-TZU\" \/>\n<meta property=\"article:modified_time\" content=\"2023-02-01T17:42:24+00:00\" \/>\n<meta property=\"og:image\" content=\"https:\/\/www.parashihtzu.top\/wp-content\/uploads\/2020\/03\/Shih-Tzu-Information-and-Pictures-Petguide-1.jpg\" \/>\n\t<meta property=\"og:image:width\" content=\"1000\" \/>\n\t<meta property=\"og:image:height\" content=\"811\" \/>\n\t<meta property=\"og:image:type\" content=\"image\/jpeg\" \/>\n<meta name=\"twitter:card\" content=\"summary_large_image\" \/>\n<meta name=\"twitter:label1\" content=\"Tiempo de lectura\" \/>\n\t<meta name=\"twitter:data1\" content=\"7 minutos\" \/>\n<script type=\"application\/ld+json\" class=\"yoast-schema-graph\">{\"@context\":\"https:\/\/schema.org\",\"@graph\":[{\"@type\":\"WebPage\",\"@id\":\"https:\/\/www.parashihtzu.top\/index.php\/como-quitar-los-nudos-de-nuestro-shih-tzu\/\",\"url\":\"https:\/\/www.parashihtzu.top\/index.php\/como-quitar-los-nudos-de-nuestro-shih-tzu\/\",\"name\":\"\u00bfCOMO QUITAR LOS NUDOS DE NUESTRO SHIH TZU? - UNIVERSO SHIH-TZU\",\"isPartOf\":{\"@id\":\"https:\/\/www.parashihtzu.top\/#website\"},\"datePublished\":\"2020-03-31T19:22:14+00:00\",\"dateModified\":\"2023-02-01T17:42:24+00:00\",\"description\":\"Es muy importante el cepillado de nuestro shih tzu cada d\u00eda y sino cada dos d\u00edas, como mucho, ya que sino se les va formando nudos en su pelaje y esto adem\u00e1s de ser un problema est\u00e9tico puede ser perjudicial para su salud.\",\"breadcrumb\":{\"@id\":\"https:\/\/www.parashihtzu.top\/index.php\/como-quitar-los-nudos-de-nuestro-shih-tzu\/#breadcrumb\"},\"inLanguage\":\"es\",\"potentialAction\":[{\"@type\":\"ReadAction\",\"target\":[\"https:\/\/www.parashihtzu.top\/index.php\/como-quitar-los-nudos-de-nuestro-shih-tzu\/\"]}]},{\"@type\":\"BreadcrumbList\",\"@id\":\"https:\/\/www.parashihtzu.top\/index.php\/como-quitar-los-nudos-de-nuestro-shih-tzu\/#breadcrumb\",\"itemListElement\":[{\"@type\":\"ListItem\",\"position\":1,\"name\":\"Portada\",\"item\":\"https:\/\/www.parashihtzu.top\/\"},{\"@type\":\"ListItem\",\"position\":2,\"name\":\"\u00bfCOMO QUITAR LOS NUDOS DE NUESTRO SHIH TZU?\"}]},{\"@type\":\"WebSite\",\"@id\":\"https:\/\/www.parashihtzu.top\/#website\",\"url\":\"https:\/\/www.parashihtzu.top\/\",\"name\":\"UNIVERSO SHIH-TZU\",\"description\":\"Web sobre la raza SHIHTZU con productos e informaci&oacute;n\",\"publisher\":{\"@id\":\"https:\/\/www.parashihtzu.top\/#organization\"},\"potentialAction\":[{\"@type\":\"SearchAction\",\"target\":{\"@type\":\"EntryPoint\",\"urlTemplate\":\"https:\/\/www.parashihtzu.top\/?s={search_term_string}\"},\"query-input\":\"required name=search_term_string\"}],\"inLanguage\":\"es\"},{\"@type\":\"Organization\",\"@id\":\"https:\/\/www.parashihtzu.top\/#organization\",\"name\":\"UNIVERSO SHIH-TZU\",\"url\":\"https:\/\/www.parashihtzu.top\/\",\"logo\":{\"@type\":\"ImageObject\",\"inLanguage\":\"es\",\"@id\":\"https:\/\/www.parashihtzu.top\/#\/schema\/logo\/image\/\",\"url\":\"https:\/\/www.parashihtzu.top\/wp-content\/uploads\/2022\/09\/cropped-Copia_de_Logo_Logotipo_de_flores_Acuarela_Floral_Pastel_rosa-removebg-preview.png\",\"contentUrl\":\"https:\/\/www.parashihtzu.top\/wp-content\/uploads\/2022\/09\/cropped-Copia_de_Logo_Logotipo_de_flores_Acuarela_Floral_Pastel_rosa-removebg-preview.png\",\"width\":500,\"height\":257,\"caption\":\"UNIVERSO SHIH-TZU\"},\"image\":{\"@id\":\"https:\/\/www.parashihtzu.top\/#\/schema\/logo\/image\/\"}}]}<\/script>\n<!-- \/ Yoast SEO plugin. -->","yoast_head_json":{"title":"\u00bfCOMO QUITAR LOS NUDOS DE NUESTRO SHIH TZU? - UNIVERSO SHIH-TZU","description":"Es muy importante el cepillado de nuestro shih tzu cada d\u00eda y sino cada dos d\u00edas, como mucho, ya que sino se les va formando nudos en su pelaje y esto adem\u00e1s de ser un problema est\u00e9tico puede ser perjudicial para su salud.","robots":{"index":"index","follow":"follow","max-snippet":"max-snippet:-1","max-image-preview":"max-image-preview:large","max-video-preview":"max-video-preview:-1"},"canonical":"https:\/\/www.parashihtzu.top\/index.php\/como-quitar-los-nudos-de-nuestro-shih-tzu\/","og_locale":"es_ES","og_type":"article","og_title":"\u00bfCOMO QUITAR LOS NUDOS DE NUESTRO SHIH TZU? - UNIVERSO SHIH-TZU","og_description":"Es muy importante el cepillado de nuestro shih tzu cada d\u00eda y sino cada dos d\u00edas, como mucho, ya que sino se les va formando nudos en su pelaje y esto adem\u00e1s de ser un problema est\u00e9tico puede ser perjudicial para su salud.","og_url":"https:\/\/www.parashihtzu.top\/index.php\/como-quitar-los-nudos-de-nuestro-shih-tzu\/","og_site_name":"UNIVERSO SHIH-TZU","article_modified_time":"2023-02-01T17:42:24+00:00","og_image":[{"width":1000,"height":811,"url":"https:\/\/www.parashihtzu.top\/wp-content\/uploads\/2020\/03\/Shih-Tzu-Information-and-Pictures-Petguide-1.jpg","type":"image\/jpeg"}],"twitter_card":"summary_large_image","twitter_misc":{"Tiempo de lectura":"7 minutos"},"schema":{"@context":"https:\/\/schema.org","@graph":[{"@type":"WebPage","@id":"https:\/\/www.parashihtzu.top\/index.php\/como-quitar-los-nudos-de-nuestro-shih-tzu\/","url":"https:\/\/www.parashihtzu.top\/index.php\/como-quitar-los-nudos-de-nuestro-shih-tzu\/","name":"\u00bfCOMO QUITAR LOS NUDOS DE NUESTRO SHIH TZU? - UNIVERSO SHIH-TZU","isPartOf":{"@id":"https:\/\/www.parashihtzu.top\/#website"},"datePublished":"2020-03-31T19:22:14+00:00","dateModified":"2023-02-01T17:42:24+00:00","description":"Es muy importante el cepillado de nuestro shih tzu cada d\u00eda y sino cada dos d\u00edas, como mucho, ya que sino se les va formando nudos en su pelaje y esto adem\u00e1s de ser un problema est\u00e9tico puede ser perjudicial para su salud.","breadcrumb":{"@id":"https:\/\/www.parashihtzu.top\/index.php\/como-quitar-los-nudos-de-nuestro-shih-tzu\/#breadcrumb"},"inLanguage":"es","potentialAction":[{"@type":"ReadAction","target":["https:\/\/www.parashihtzu.top\/index.php\/como-quitar-los-nudos-de-nuestro-shih-tzu\/"]}]},{"@type":"BreadcrumbList","@id":"https:\/\/www.parashihtzu.top\/index.php\/como-quitar-los-nudos-de-nuestro-shih-tzu\/#breadcrumb","itemListElement":[{"@type":"ListItem","position":1,"name":"Portada","item":"https:\/\/www.parashihtzu.top\/"},{"@type":"ListItem","position":2,"name":"\u00bfCOMO QUITAR LOS NUDOS DE NUESTRO SHIH TZU?"}]},{"@type":"WebSite","@id":"https:\/\/www.parashihtzu.top\/#website","url":"https:\/\/www.parashihtzu.top\/","name":"UNIVERSO SHIH-TZU","description":"Web sobre la raza SHIHTZU con productos e informaci&oacute;n","publisher":{"@id":"https:\/\/www.parashihtzu.top\/#organization"},"potentialAction":[{"@type":"SearchAction","target":{"@type":"EntryPoint","urlTemplate":"https:\/\/www.parashihtzu.top\/?s={search_term_string}"},"query-input":"required name=search_term_string"}],"inLanguage":"es"},{"@type":"Organization","@id":"https:\/\/www.parashihtzu.top\/#organization","name":"UNIVERSO SHIH-TZU","url":"https:\/\/www.parashihtzu.top\/","logo":{"@type":"ImageObject","inLanguage":"es","@id":"https:\/\/www.parashihtzu.top\/#\/schema\/logo\/image\/","url":"https:\/\/www.parashihtzu.top\/wp-content\/uploads\/2022\/09\/cropped-Copia_de_Logo_Logotipo_de_flores_Acuarela_Floral_Pastel_rosa-removebg-preview.png","contentUrl":"https:\/\/www.parashihtzu.top\/wp-content\/uploads\/2022\/09\/cropped-Copia_de_Logo_Logotipo_de_flores_Acuarela_Floral_Pastel_rosa-removebg-preview.png","width":500,"height":257,"caption":"UNIVERSO SHIH-TZU"},"image":{"@id":"https:\/\/www.parashihtzu.top\/#\/schema\/logo\/image\/"}}]}},"_links":{"self":[{"href":"https:\/\/www.parashihtzu.top\/index.php\/wp-json\/wp\/v2\/pages\/220"}],"collection":[{"href":"https:\/\/www.parashihtzu.top\/index.php\/wp-json\/wp\/v2\/pages"}],"about":[{"href":"https:\/\/www.parashihtzu.top\/index.php\/wp-json\/wp\/v2\/types\/page"}],"author":[{"embeddable":true,"href":"https:\/\/www.parashihtzu.top\/index.php\/wp-json\/wp\/v2\/users\/1"}],"replies":[{"embeddable":true,"href":"https:\/\/www.parashihtzu.top\/index.php\/wp-json\/wp\/v2\/comments?post=220"}],"version-history":[{"count":14,"href":"https:\/\/www.parashihtzu.top\/index.php\/wp-json\/wp\/v2\/pages\/220\/revisions"}],"predecessor-version":[{"id":681,"href":"https:\/\/www.parashihtzu.top\/index.php\/wp-json\/wp\/v2\/pages\/220\/revisions\/681"}],"wp:featuredmedia":[{"embeddable":true,"href":"https:\/\/www.parashihtzu.top\/index.php\/wp-json\/wp\/v2\/media\/234"}],"wp:attachment":[{"href":"https:\/\/www.parashihtzu.top\/index.php\/wp-json\/wp\/v2\/media?parent=220"}],"curies":[{"name":"wp","href":"https:\/\/api.w.org\/{rel}","templated":true}]}}