{"id":243,"date":"2020-04-03T22:35:04","date_gmt":"2020-04-03T22:35:04","guid":{"rendered":"https:\/\/www.parashihtzu.top\/?page_id=243"},"modified":"2020-05-24T18:59:54","modified_gmt":"2020-05-24T18:59:54","slug":"tu-shih-tzu-ronca-que-hacer","status":"publish","type":"page","link":"https:\/\/www.parashihtzu.top\/index.php\/tu-shih-tzu-ronca-que-hacer\/","title":{"rendered":"Tu SHIH TZU ronca \u00bfQu\u00e9 hacer?"},"content":{"rendered":"\n<figure><iframe src=\"\/\/rcm-na.amazon-adsystem.com\/e\/cm?o=1&amp;p=48&amp;l=ez&amp;f=ifr&amp;linkID=8b1a2217f821bc7018c8257e95304f65&amp;t=jennifergar00-20&amp;tracking_id=jennifergar00-20\" width=\"728\" height=\"90\"><\/iframe><\/figure>\n\n\n\n<p><strong>Por qu\u00e9 mi shih tzu ronca?<\/strong>  Tranquilo, en la mayor\u00eda de los casos , no es algo grave. Por lo que se puede comprobar, roncar ,  parece ser un acto que compartimos diferentes especies y de esto obviamente los perros no son ajenos.  El hecho de roncar es un acto normal, pero si hay razas que por razones gen\u00e9ticas pueden hacer temblar la casa con sus ronquidos, y de hecho alguna de estas razas son conocidas por esto, nuestro shih tzu no se queda atr\u00e1s.<\/p>\n\n\n\n<p>No debes preocuparte, a menos que tambi\u00e9n presente dificultades respiratorias mientras est\u00e9 despierto. Pero si duermes con tu perro, seguro que sus ronquidos ser\u00e1n un problema m\u00e1s para ti que para \u00e9l<\/p>\n\n\n\n<h2><strong>Causas que pueden provocar ronquidos en nuestro shih tzu<\/strong>:<\/h2>\n\n\n\n<ul><li>La principal causa de los ronquidos  es algo <strong>gen\u00e9tico<\/strong>, es una raza braquicef\u00e1lica, es decir tiene el hocico corto y achatado, tienen los orificios de la nariz m\u00e1s estrechos de lo normal <\/li><\/ul>\n\n\n\n<ul><li><strong>Los ronquidos se pueden deber al<\/strong> <strong>sobrepeso<\/strong> al igual que en los humanos. En este caso, una capa extra de grasa se deposita en el pecho del perro, lo que hace que ronque. Si tu perro ronca y tiene sobrepeso, aqu\u00ed tienes un motivo.<\/li><\/ul>\n\n\n\n<ul><li>Los<a href=\"https:\/\/mascotadictos.com\/2013\/02\/06\/un-perro-puede-resfriarse\/\">&nbsp;<\/a><strong>resfriados<\/strong>&nbsp;tambi\u00e9n son causa de ronquidos en perros, debido a la mucosidad que se queda en las v\u00edas respiratorias, obstruyendo las mismas.<\/li><\/ul>\n\n\n\n<ul><li><strong>Alergias<\/strong> en la piel, lo que impedir\u00eda la correcta circulaci\u00f3n del ox\u00edgeno. <\/li><\/ul>\n\n\n\n<ul><li>El <strong>envejecimiento<\/strong>;  los tejidos de las cuerdas vocales y laringe pierden su tono muscular y se debilitan, vibrando con el paso del aire y produciendo el molesto sonido. <\/li><\/ul>\n\n\n\n<ul><li><strong>Obstrucci\u00f3n nasal provocada por un objeto externo<\/strong>, como tierra o una peque\u00f1a piedra, lo que es temporal<\/li><\/ul>\n\n\n\n<ul><li><strong>Tumores o enfermedades respiratorias<\/strong><\/li><\/ul>\n\n\n\n<h2><strong>Soluciones a las diferentes causas:<\/strong><\/h2>\n\n\n\n<ul><li>El aspecto gen\u00e9tico tiene poca soluci\u00f3n pero si ves que ronca en exceso puedes <strong>consultarlo con tu veterinario<\/strong> para confirmar que est\u00e9 dentro de lo normal y ver si es necesaria cirug\u00eda<\/li><\/ul>\n\n\n\n<ul><li><strong>Ponlo a dieta!<\/strong> No solo mejoraran sus ronquidos sino que mejorar\u00e1 su salud en general, el deporte y una buena alimentaci\u00f3n son indispensables para el cuidado<\/li><\/ul>\n\n\n\n<ul><li>Si es por alg\u00fan resfriado es algo pasajero y<strong> mejorar\u00e1 en unos d\u00edas<\/strong><\/li><\/ul>\n\n\n\n<ul><li>Revisa alfombras y cortinas y vigila el polvo y el polen. Hay que eliminar los elementos que le pueden provocar inflamaci\u00f3n nasal, Se ha de <strong>limpiar el \u00e1rea donde duerme<\/strong> y su ropa de cama<\/li><\/ul>\n\n\n\n<p>Sobretodo ante cualquier duda consulta con tu veterinario y vigila si notas cambios en su comportamiento <\/p>\n\n\n\n<p>Te comparto un v\u00eddeo de un cachorro SHIH TZU y sus ronquidos&#8230; te resultan familiares?<\/p>\n\n\n\n<figure class=\"wp-block-embed-youtube wp-block-embed is-type-video is-provider-youtube wp-embed-aspect-16-9 wp-has-aspect-ratio\"><div class=\"wp-block-embed__wrapper\">\n<iframe title=\"Cachorro ShihTzu roncando\" width=\"980\" height=\"551\" src=\"https:\/\/www.youtube.com\/embed\/eQkkL5da-1M?feature=oembed\" frameborder=\"0\" allow=\"accelerometer; autoplay; encrypted-media; gyroscope; picture-in-picture\" allowfullscreen><\/iframe>\n<\/div><\/figure>\n","protected":false},"excerpt":{"rendered":"<p>Por qu\u00e9 mi shih tzu ronca? Tranquilo, en la mayor\u00eda de los casos , no es algo grave. Por lo que se puede comprobar, roncar , parece ser un acto que compartimos diferentes especies y de esto obviamente los perros no son ajenos. El hecho de roncar es un acto normal, pero si hay razas [&hellip;]<\/p>\n","protected":false},"author":1,"featured_media":247,"parent":0,"menu_order":0,"comment_status":"closed","ping_status":"closed","template":"","meta":[],"yoast_head":"<!-- This site is optimized with the Yoast SEO plugin v20.0 - https:\/\/yoast.com\/wordpress\/plugins\/seo\/ -->\n<title>Tu SHIH TZU ronca \u00bfQu\u00e9 hacer? - Tu SHIH TZU ronca \u00bfQu\u00e9 hacer?<\/title>\n<meta name=\"description\" content=\"Por qu\u00e9 mi shih tzu ronca? Tranquilo, en la mayor\u00eda de los casos , no es algo grave. Roncar es un acto normal. Verifica las posibles causas y soluciones\" \/>\n<meta name=\"robots\" content=\"index, follow, max-snippet:-1, max-image-preview:large, max-video-preview:-1\" \/>\n<link rel=\"canonical\" href=\"https:\/\/www.parashihtzu.top\/index.php\/tu-shih-tzu-ronca-que-hacer\/\" \/>\n<meta property=\"og:locale\" content=\"es_ES\" \/>\n<meta property=\"og:type\" content=\"article\" \/>\n<meta property=\"og:title\" content=\"Tu SHIH TZU ronca \u00bfQu\u00e9 hacer? - Tu SHIH TZU ronca \u00bfQu\u00e9 hacer?\" \/>\n<meta property=\"og:description\" content=\"Por qu\u00e9 mi shih tzu ronca? Tranquilo, en la mayor\u00eda de los casos , no es algo grave. Roncar es un acto normal. Verifica las posibles causas y soluciones\" \/>\n<meta property=\"og:url\" content=\"https:\/\/www.parashihtzu.top\/index.php\/tu-shih-tzu-ronca-que-hacer\/\" \/>\n<meta property=\"og:site_name\" content=\"UNIVERSO SHIH-TZU\" \/>\n<meta property=\"article:modified_time\" content=\"2020-05-24T18:59:54+00:00\" \/>\n<meta property=\"og:image\" content=\"https:\/\/www.parashihtzu.top\/wp-content\/uploads\/2020\/04\/920674712c08b827674b8fed6f1016a4-1.jpg\" \/>\n\t<meta property=\"og:image:width\" content=\"442\" \/>\n\t<meta property=\"og:image:height\" content=\"388\" \/>\n\t<meta property=\"og:image:type\" content=\"image\/jpeg\" \/>\n<meta name=\"twitter:card\" content=\"summary_large_image\" \/>\n<meta name=\"twitter:label1\" content=\"Tiempo de lectura\" \/>\n\t<meta name=\"twitter:data1\" content=\"2 minutos\" \/>\n<script type=\"application\/ld+json\" class=\"yoast-schema-graph\">{\"@context\":\"https:\/\/schema.org\",\"@graph\":[{\"@type\":\"WebPage\",\"@id\":\"https:\/\/www.parashihtzu.top\/index.php\/tu-shih-tzu-ronca-que-hacer\/\",\"url\":\"https:\/\/www.parashihtzu.top\/index.php\/tu-shih-tzu-ronca-que-hacer\/\",\"name\":\"Tu SHIH TZU ronca \u00bfQu\u00e9 hacer? - Tu SHIH TZU ronca \u00bfQu\u00e9 hacer?\",\"isPartOf\":{\"@id\":\"https:\/\/www.parashihtzu.top\/#website\"},\"datePublished\":\"2020-04-03T22:35:04+00:00\",\"dateModified\":\"2020-05-24T18:59:54+00:00\",\"description\":\"Por qu\u00e9 mi shih tzu ronca? Tranquilo, en la mayor\u00eda de los casos , no es algo grave. Roncar es un acto normal. Verifica las posibles causas y soluciones\",\"breadcrumb\":{\"@id\":\"https:\/\/www.parashihtzu.top\/index.php\/tu-shih-tzu-ronca-que-hacer\/#breadcrumb\"},\"inLanguage\":\"es\",\"potentialAction\":[{\"@type\":\"ReadAction\",\"target\":[\"https:\/\/www.parashihtzu.top\/index.php\/tu-shih-tzu-ronca-que-hacer\/\"]}]},{\"@type\":\"BreadcrumbList\",\"@id\":\"https:\/\/www.parashihtzu.top\/index.php\/tu-shih-tzu-ronca-que-hacer\/#breadcrumb\",\"itemListElement\":[{\"@type\":\"ListItem\",\"position\":1,\"name\":\"Portada\",\"item\":\"https:\/\/www.parashihtzu.top\/\"},{\"@type\":\"ListItem\",\"position\":2,\"name\":\"Tu SHIH TZU ronca \u00bfQu\u00e9 hacer?\"}]},{\"@type\":\"WebSite\",\"@id\":\"https:\/\/www.parashihtzu.top\/#website\",\"url\":\"https:\/\/www.parashihtzu.top\/\",\"name\":\"UNIVERSO SHIH-TZU\",\"description\":\"Web sobre la raza SHIHTZU con productos e informaci&oacute;n\",\"publisher\":{\"@id\":\"https:\/\/www.parashihtzu.top\/#organization\"},\"potentialAction\":[{\"@type\":\"SearchAction\",\"target\":{\"@type\":\"EntryPoint\",\"urlTemplate\":\"https:\/\/www.parashihtzu.top\/?s={search_term_string}\"},\"query-input\":\"required name=search_term_string\"}],\"inLanguage\":\"es\"},{\"@type\":\"Organization\",\"@id\":\"https:\/\/www.parashihtzu.top\/#organization\",\"name\":\"UNIVERSO SHIH-TZU\",\"url\":\"https:\/\/www.parashihtzu.top\/\",\"logo\":{\"@type\":\"ImageObject\",\"inLanguage\":\"es\",\"@id\":\"https:\/\/www.parashihtzu.top\/#\/schema\/logo\/image\/\",\"url\":\"https:\/\/www.parashihtzu.top\/wp-content\/uploads\/2022\/09\/cropped-Copia_de_Logo_Logotipo_de_flores_Acuarela_Floral_Pastel_rosa-removebg-preview.png\",\"contentUrl\":\"https:\/\/www.parashihtzu.top\/wp-content\/uploads\/2022\/09\/cropped-Copia_de_Logo_Logotipo_de_flores_Acuarela_Floral_Pastel_rosa-removebg-preview.png\",\"width\":500,\"height\":257,\"caption\":\"UNIVERSO SHIH-TZU\"},\"image\":{\"@id\":\"https:\/\/www.parashihtzu.top\/#\/schema\/logo\/image\/\"}}]}<\/script>\n<!-- \/ Yoast SEO plugin. -->","yoast_head_json":{"title":"Tu SHIH TZU ronca \u00bfQu\u00e9 hacer? - Tu SHIH TZU ronca \u00bfQu\u00e9 hacer?","description":"Por qu\u00e9 mi shih tzu ronca? Tranquilo, en la mayor\u00eda de los casos , no es algo grave. Roncar es un acto normal. Verifica las posibles causas y soluciones","robots":{"index":"index","follow":"follow","max-snippet":"max-snippet:-1","max-image-preview":"max-image-preview:large","max-video-preview":"max-video-preview:-1"},"canonical":"https:\/\/www.parashihtzu.top\/index.php\/tu-shih-tzu-ronca-que-hacer\/","og_locale":"es_ES","og_type":"article","og_title":"Tu SHIH TZU ronca \u00bfQu\u00e9 hacer? - Tu SHIH TZU ronca \u00bfQu\u00e9 hacer?","og_description":"Por qu\u00e9 mi shih tzu ronca? Tranquilo, en la mayor\u00eda de los casos , no es algo grave. Roncar es un acto normal. Verifica las posibles causas y soluciones","og_url":"https:\/\/www.parashihtzu.top\/index.php\/tu-shih-tzu-ronca-que-hacer\/","og_site_name":"UNIVERSO SHIH-TZU","article_modified_time":"2020-05-24T18:59:54+00:00","og_image":[{"width":442,"height":388,"url":"https:\/\/www.parashihtzu.top\/wp-content\/uploads\/2020\/04\/920674712c08b827674b8fed6f1016a4-1.jpg","type":"image\/jpeg"}],"twitter_card":"summary_large_image","twitter_misc":{"Tiempo de lectura":"2 minutos"},"schema":{"@context":"https:\/\/schema.org","@graph":[{"@type":"WebPage","@id":"https:\/\/www.parashihtzu.top\/index.php\/tu-shih-tzu-ronca-que-hacer\/","url":"https:\/\/www.parashihtzu.top\/index.php\/tu-shih-tzu-ronca-que-hacer\/","name":"Tu SHIH TZU ronca \u00bfQu\u00e9 hacer? - Tu SHIH TZU ronca \u00bfQu\u00e9 hacer?","isPartOf":{"@id":"https:\/\/www.parashihtzu.top\/#website"},"datePublished":"2020-04-03T22:35:04+00:00","dateModified":"2020-05-24T18:59:54+00:00","description":"Por qu\u00e9 mi shih tzu ronca? Tranquilo, en la mayor\u00eda de los casos , no es algo grave. Roncar es un acto normal. Verifica las posibles causas y soluciones","breadcrumb":{"@id":"https:\/\/www.parashihtzu.top\/index.php\/tu-shih-tzu-ronca-que-hacer\/#breadcrumb"},"inLanguage":"es","potentialAction":[{"@type":"ReadAction","target":["https:\/\/www.parashihtzu.top\/index.php\/tu-shih-tzu-ronca-que-hacer\/"]}]},{"@type":"BreadcrumbList","@id":"https:\/\/www.parashihtzu.top\/index.php\/tu-shih-tzu-ronca-que-hacer\/#breadcrumb","itemListElement":[{"@type":"ListItem","position":1,"name":"Portada","item":"https:\/\/www.parashihtzu.top\/"},{"@type":"ListItem","position":2,"name":"Tu SHIH TZU ronca \u00bfQu\u00e9 hacer?"}]},{"@type":"WebSite","@id":"https:\/\/www.parashihtzu.top\/#website","url":"https:\/\/www.parashihtzu.top\/","name":"UNIVERSO SHIH-TZU","description":"Web sobre la raza SHIHTZU con productos e informaci&oacute;n","publisher":{"@id":"https:\/\/www.parashihtzu.top\/#organization"},"potentialAction":[{"@type":"SearchAction","target":{"@type":"EntryPoint","urlTemplate":"https:\/\/www.parashihtzu.top\/?s={search_term_string}"},"query-input":"required name=search_term_string"}],"inLanguage":"es"},{"@type":"Organization","@id":"https:\/\/www.parashihtzu.top\/#organization","name":"UNIVERSO SHIH-TZU","url":"https:\/\/www.parashihtzu.top\/","logo":{"@type":"ImageObject","inLanguage":"es","@id":"https:\/\/www.parashihtzu.top\/#\/schema\/logo\/image\/","url":"https:\/\/www.parashihtzu.top\/wp-content\/uploads\/2022\/09\/cropped-Copia_de_Logo_Logotipo_de_flores_Acuarela_Floral_Pastel_rosa-removebg-preview.png","contentUrl":"https:\/\/www.parashihtzu.top\/wp-content\/uploads\/2022\/09\/cropped-Copia_de_Logo_Logotipo_de_flores_Acuarela_Floral_Pastel_rosa-removebg-preview.png","width":500,"height":257,"caption":"UNIVERSO SHIH-TZU"},"image":{"@id":"https:\/\/www.parashihtzu.top\/#\/schema\/logo\/image\/"}}]}},"_links":{"self":[{"href":"https:\/\/www.parashihtzu.top\/index.php\/wp-json\/wp\/v2\/pages\/243"}],"collection":[{"href":"https:\/\/www.parashihtzu.top\/index.php\/wp-json\/wp\/v2\/pages"}],"about":[{"href":"https:\/\/www.parashihtzu.top\/index.php\/wp-json\/wp\/v2\/types\/page"}],"author":[{"embeddable":true,"href":"https:\/\/www.parashihtzu.top\/index.php\/wp-json\/wp\/v2\/users\/1"}],"replies":[{"embeddable":true,"href":"https:\/\/www.parashihtzu.top\/index.php\/wp-json\/wp\/v2\/comments?post=243"}],"version-history":[{"count":3,"href":"https:\/\/www.parashihtzu.top\/index.php\/wp-json\/wp\/v2\/pages\/243\/revisions"}],"predecessor-version":[{"id":392,"href":"https:\/\/www.parashihtzu.top\/index.php\/wp-json\/wp\/v2\/pages\/243\/revisions\/392"}],"wp:featuredmedia":[{"embeddable":true,"href":"https:\/\/www.parashihtzu.top\/index.php\/wp-json\/wp\/v2\/media\/247"}],"wp:attachment":[{"href":"https:\/\/www.parashihtzu.top\/index.php\/wp-json\/wp\/v2\/media?parent=243"}],"curies":[{"name":"wp","href":"https:\/\/api.w.org\/{rel}","templated":true}]}}