{"id":347,"date":"2020-05-24T20:14:16","date_gmt":"2020-05-24T20:14:16","guid":{"rendered":"https:\/\/www.parashihtzu.top\/?page_id=347"},"modified":"2022-08-23T20:40:53","modified_gmt":"2022-08-23T20:40:53","slug":"las-5-mejores-camas-para-perros-pequenos-del-2022","status":"publish","type":"page","link":"https:\/\/www.parashihtzu.top\/index.php\/las-5-mejores-camas-para-perros-pequenos-del-2022\/","title":{"rendered":"Las 5 mejores camas para perros peque\u00f1os del 2022"},"content":{"rendered":"\n<iframe src=\"\/\/rcm-na.amazon-adsystem.com\/e\/cm?o=1&amp;p=48&amp;l=ez&amp;f=ifr&amp;linkID=998e3b9044348f8b1ec90c275a97cbaf&amp;t=jennifergar00-20&amp;tracking_id=jennifergar00-20\" width=\"728\" height=\"90\" scrolling=\"no\" border=\"0\" marginwidth=\"0\" style=\"border:none;\" frameborder=\"0\"><\/iframe>\n\n\n\n<p>Queremos que nuestro shih tzu tenga un sue\u00f1o reparador, que descanse lo mejor posible y que se encuentre c\u00f3modo, por eso he querido recopilar las <strong>5 mejores camas especializadas en perros peque\u00f1os de este 2022.  <\/strong><\/p>\n\n\n\n<p>Es importante crear un equilibrio entre el sue\u00f1o y el ejercicio ya que es clave para que nuestro perro tenga una vida saludable, y es imprescindible un buen lugar para sus horas de sue\u00f1o ya que un perro adulto puede llegar a dormir hasta 8-9 horas por la noche y siestas durante el d\u00eda.<\/p>\n\n\n\n<h2>1 &#8211; DOCATGO &#8211; la famosa \u00abcama donut\u00bb<\/h2>\n\n\n<div class=\"wp-block-image is-style-default\">\n<figure class=\"aligncenter size-large is-resized\"><a href=\"https:\/\/amzn.to\/3AhmWlA\"><img src=\"https:\/\/www.parashihtzu.top\/wp-content\/uploads\/2020\/04\/cama-donut.jpg\" alt=\"cama donut Docatgo\" class=\"wp-image-348\" width=\"750\" height=\"250\"\/><\/a><figcaption>Cama para perros y gatos marca Docatgo<\/figcaption><\/figure><\/div>\n\n\n<p>Estoy segura que hab\u00e9is visto este tipo de cama anunciada por sus fabulosas caracter\u00edsticas, se ha hecho famosa entre los amantes de los perros y no es para menos ya que promete la relajaci\u00f3n y comodidad de nuestra mascota y los comentarios positivos de compradores la avalan<\/p>\n\n\n\n<ul><li>El relleno ultra suave alivia el dolor de las articulaciones y el dolor muscular. El refuerzo circundante ofrece mayor comodidad ya que proporciona mayor soporte a cabeza y cuello<\/li><li>Apto para mascotas peque\u00f1as, \u00a1perfecta para nuestro shih tzu! y tambi\u00e9n perros medianos: 60x60cm de dise\u00f1o de forma redonda. Tambi\u00e9n apto para gatos<\/li><li>Se puede usar tanto en invierno como en verano ya que lleva un una almohadilla que se puede extraer en verano para ofrecer mayor frescor <\/li><li>F\u00e1cil de limpiar, lavable m\u00e1quina<\/li><li>No est\u00e1 de m\u00e1s a\u00f1adir que la cama donut se suma a la decoraci\u00f3n de nuestra vivienda y ofrece un lugar c\u00f3modo para nuestro perro <\/li><\/ul>\n\n\n\n<div class=\"wp-container-2 is-content-justification-center wp-block-buttons\">\n<div class=\"wp-block-button is-style-outline\"><a class=\"wp-block-button__link\" href=\"https:\/\/amzn.to\/3AhmWlA\" target=\"_blank\" rel=\"noreferrer noopener\"><strong><mark style=\"background-color:#7bdcb5\" class=\"has-inline-color has-black-color\">VER OFERTA<\/mark><\/strong><\/a><\/div>\n<\/div>\n\n\n\n<h2>2 &#8211;  Tienda TIPI NUKied (incluye coj\u00edn) y sin coj\u00edn del vendedor Dewel<\/h2>\n\n\n\n<div class=\"wp-container-8 wp-block-group\"><div class=\"wp-block-group__inner-container\">\n<div class=\"wp-container-7 wp-block-columns\">\n<div class=\"wp-container-6 wp-block-column\" style=\"flex-basis:100%\">\n<div class=\"wp-container-3 wp-block-group\"><div class=\"wp-block-group__inner-container\"><div class=\"wp-block-image\">\n<figure class=\"alignleft size-large is-resized\"><a href=\"https:\/\/amzn.to\/3dNOWFO\" target=\"_blank\" rel=\"noreferrer noopener\"><img src=\"https:\/\/www.parashihtzu.top\/wp-content\/uploads\/2022\/08\/61T8WsnYKML._AC_SL1500_-922x1024.jpg\" alt=\"TEEPEE PARA PERROS PEQUE\u00d1OS\" class=\"wp-image-557\" width=\"357\" height=\"396\" srcset=\"https:\/\/www.parashihtzu.top\/wp-content\/uploads\/2022\/08\/61T8WsnYKML._AC_SL1500_-922x1024.jpg 922w, https:\/\/www.parashihtzu.top\/wp-content\/uploads\/2022\/08\/61T8WsnYKML._AC_SL1500_-270x300.jpg 270w, https:\/\/www.parashihtzu.top\/wp-content\/uploads\/2022\/08\/61T8WsnYKML._AC_SL1500_-768x853.jpg 768w, https:\/\/www.parashihtzu.top\/wp-content\/uploads\/2022\/08\/61T8WsnYKML._AC_SL1500_-640x711.jpg 640w, https:\/\/www.parashihtzu.top\/wp-content\/uploads\/2022\/08\/61T8WsnYKML._AC_SL1500_.jpg 1276w\" sizes=\"(max-width: 357px) 100vw, 357px\" \/><\/a><figcaption><mark style=\"background-color:rgba(0, 0, 0, 0)\" class=\"has-inline-color has-black-color\"><strong>Teepee para perros peque\u00f1os<\/strong><\/mark><\/figcaption><\/figure><\/div><\/div><\/div>\n\n\n\n<div class=\"wp-container-5 wp-block-columns\">\n<div class=\"wp-container-4 wp-block-column\">\n<figure class=\"wp-block-image size-full is-resized\"><a href=\"https:\/\/amzn.to\/3wqcx5W\" target=\"_blank\" rel=\"noreferrer noopener\"><img src=\"https:\/\/www.parashihtzu.top\/wp-content\/uploads\/2022\/08\/TEEPEE-MARCA-DEWEL-1.jpg\" alt=\"\" class=\"wp-image-559\" width=\"417\" height=\"424\" srcset=\"https:\/\/www.parashihtzu.top\/wp-content\/uploads\/2022\/08\/TEEPEE-MARCA-DEWEL-1.jpg 908w, https:\/\/www.parashihtzu.top\/wp-content\/uploads\/2022\/08\/TEEPEE-MARCA-DEWEL-1-295x300.jpg 295w, https:\/\/www.parashihtzu.top\/wp-content\/uploads\/2022\/08\/TEEPEE-MARCA-DEWEL-1-768x782.jpg 768w, https:\/\/www.parashihtzu.top\/wp-content\/uploads\/2022\/08\/TEEPEE-MARCA-DEWEL-1-640x651.jpg 640w\" sizes=\"(max-width: 417px) 100vw, 417px\" \/><\/a><figcaption><strong><mark style=\"background-color:rgba(0, 0, 0, 0)\" class=\"has-inline-color has-black-color\">Tipi Marca Dewel<\/mark><\/strong><\/figcaption><\/figure>\n<\/div>\n<\/div>\n<\/div>\n<\/div>\n<\/div><\/div>\n\n\n\n<p>He querido incluir en este TOP FIVE de las mejores camas del 2022 la casita Tipi ya que me parece muy curiosa y original , te traigo dos opciones una de ellas viene sin coj\u00edn por si quieres aprovechar alguno que ya tengas y otra que si viene incluido el coj\u00edn y adem\u00e1s va a juego con el dibujo de la tela de la tienda. Trae una pizarrita para poner el nombre de tu perro por ejemplo.  Se les puede a\u00f1adir luces y queda muy especial.<\/p>\n\n\n\n<p>De las opciones que traigo la veo la m\u00e1s original y muy acorde con el car\u00e1cter de nuestro Shih tzu, elegante a la par que divertido. Aconsejo la de la marca Arkimiido ya que la veo mucho m\u00e1s completa pero os he querido incluir ambas opciones para que pod\u00e1is escoger seg\u00fan vuestras necesidades<\/p>\n\n\n\n<ul><li>Es muy f\u00e1cil de montar y el material es de 100% algod\u00f3n <\/li><li>Coj\u00edn de 60 cm<\/li><li>Tambi\u00e9n sirve para gatos<\/li><li>Su caracter\u00edstica destacada es la <strong>originalidad<\/strong> <\/li><\/ul>\n\n\n\n<div class=\"wp-container-9 is-content-justification-center wp-block-buttons\">\n<div class=\"wp-block-button is-style-outline\"><a class=\"wp-block-button__link\"><strong><mark style=\"background-color:#7bdcb5\" class=\"has-inline-color has-black-color\">VER OFERTA TIPI MARCA NUKIED<\/mark><\/strong><\/a><\/div>\n\n\n\n<div class=\"wp-block-button is-style-outline\"><a class=\"wp-block-button__link\" href=\"https:\/\/amzn.to\/3wqcx5W\"><strong><mark style=\"background-color:#7bdcb5\" class=\"has-inline-color has-black-color\">VER OFERTA TIPI MARCA DEWEL<\/mark><\/strong><\/a><\/div>\n<\/div>\n\n\n\n<h2>3 &#8211; BESDSURE &#8211; Lujosa cama rectangular ortop\u00e9dica<\/h2>\n\n\n<div class=\"wp-block-image\">\n<figure class=\"aligncenter size-large is-resized\"><a href=\"https:\/\/amzn.to\/3wpKQtY\" target=\"_blank\" rel=\"noreferrer noopener\"><img src=\"https:\/\/www.parashihtzu.top\/wp-content\/uploads\/2022\/08\/cama-bedsure-1024x466.jpg\" alt=\"dog bed \" class=\"wp-image-560\" width=\"671\" height=\"304\" srcset=\"https:\/\/www.parashihtzu.top\/wp-content\/uploads\/2022\/08\/cama-bedsure-1024x466.jpg 1024w, https:\/\/www.parashihtzu.top\/wp-content\/uploads\/2022\/08\/cama-bedsure-300x136.jpg 300w, https:\/\/www.parashihtzu.top\/wp-content\/uploads\/2022\/08\/cama-bedsure-768x349.jpg 768w, https:\/\/www.parashihtzu.top\/wp-content\/uploads\/2022\/08\/cama-bedsure-640x291.jpg 640w, https:\/\/www.parashihtzu.top\/wp-content\/uploads\/2022\/08\/cama-bedsure.jpg 1498w\" sizes=\"(max-width: 671px) 100vw, 671px\" \/><\/a><figcaption><strong><mark style=\"background-color:rgba(0, 0, 0, 0)\" class=\"has-inline-color has-black-color\">Cama Bedsure<\/mark><\/strong><\/figcaption><\/figure><\/div>\n\n\n<p>Tiene dos tama\u00f1os M y L m\u00e1s que suficiente para que nuestras mascotas mini puedan estirarse completamente, alivia tensi\u00f3n en cuello y ofrece a nuestras mascotas un espacio muy acogedor y relajado para que puedan echarse tranquilamente una siesta o bien dormir pl\u00e1cidamente toda la noche. Se sentir\u00e1 muy seguro.<\/p>\n\n\n\n<ul><li>F\u00e1cil limpieza. Se puede meter en la lavadora <\/li><li>Coj\u00edn desmontable: el coj\u00edn suave se puede quitar de la cama para lavarlo por separado cuando sea necesario.\u00a0Con diferentes telas cubiertas en cada lado, el coj\u00edn es reversible para usar con diferentes sensaciones t\u00e1ctiles como prefiera.<\/li><li>El interior est\u00e1 hecho de micro gamuza de primera calidad e interior de pana, relleno de tela de poli\u00e9ster suave, ofrece la m\u00e1xima comodidad y calidez para tus amigos peludos<\/li><\/ul>\n\n\n\n<div class=\"wp-container-10 wp-block-buttons\">\n<div class=\"wp-block-button aligncenter is-style-outline\"><a class=\"wp-block-button__link\" href=\"https:\/\/amzn.to\/3wpKQtY\" target=\"_blank\" rel=\"noreferrer noopener\"><strong><mark style=\"background-color:#7bdcb5\" class=\"has-inline-color has-black-color\">VER OFERTA CAMA BEDSURE<\/mark><\/strong><\/a><\/div>\n<\/div>\n\n\n\n<h2>4 &#8211; AMAZONBASICS &#8211; Cama redonda para perro con parte superior de franela<\/h2>\n\n\n<div class=\"wp-block-image\">\n<figure class=\"aligncenter size-large is-resized\"><a href=\"https:\/\/amzn.to\/3Cm26Ei\" target=\"_blank\" rel=\"noreferrer noopener\"><img src=\"https:\/\/www.parashihtzu.top\/wp-content\/uploads\/2022\/08\/CAMA-AMAZONBASICS-1024x575.jpg\" alt=\"CAMA MARCA AMAZONBASICS\" class=\"wp-image-561\" width=\"384\" height=\"215\" srcset=\"https:\/\/www.parashihtzu.top\/wp-content\/uploads\/2022\/08\/CAMA-AMAZONBASICS-1024x575.jpg 1024w, https:\/\/www.parashihtzu.top\/wp-content\/uploads\/2022\/08\/CAMA-AMAZONBASICS-300x169.jpg 300w, https:\/\/www.parashihtzu.top\/wp-content\/uploads\/2022\/08\/CAMA-AMAZONBASICS-768x432.jpg 768w, https:\/\/www.parashihtzu.top\/wp-content\/uploads\/2022\/08\/CAMA-AMAZONBASICS-640x360.jpg 640w, https:\/\/www.parashihtzu.top\/wp-content\/uploads\/2022\/08\/CAMA-AMAZONBASICS.jpg 1500w\" sizes=\"(max-width: 384px) 100vw, 384px\" \/><\/a><figcaption><strong>CAMA PARA PERROS AMAZONBASICS<\/strong><\/figcaption><\/figure><\/div>\n\n\n<ul><li><strong>Material de felpa ultra suave<\/strong>; combina franela de felpa con un amplio relleno para una suavidad c\u00f3moda, mientras que sus costados y la parte inferior de lona de poli\u00e9ster proporcionan suavidad y resistencia adicionales.&nbsp;La combinaci\u00f3n de color crema en el interior y marr\u00f3n en el exterior, brinda una calidez acogedora y un estilo cotidiano simple.<\/li><li>Las <strong>paredes laterales<\/strong> de la cama para mascotas de ocho lados proporcionan una estructura c\u00f3moda, promoviendo una sensaci\u00f3n c\u00f3moda de soporte seguro y la sensaci\u00f3n de sitio acogedor y esponjoso.&nbsp;Los lados elevados de la cama tambi\u00e9n crean una superficie similar a una almohada donde nuestro perrito puede descansar c\u00f3modamente la cabeza.<\/li><li>Lavable en la lavadora<\/li><\/ul>\n\n\n\n<div class=\"wp-container-11 wp-block-buttons\">\n<div class=\"wp-block-button aligncenter is-style-outline\"><a class=\"wp-block-button__link\"><strong><mark style=\"background-color:#7bdcb5\" class=\"has-inline-color has-black-color\">VER OFERTA CAMA AMAZONBASICS<\/mark><\/strong><\/a><\/div>\n<\/div>\n\n\n\n<h2>5 &#8211; FEANDREA cama para perros de raza peque\u00f1a <\/h2>\n\n\n<div class=\"wp-block-image\">\n<figure class=\"aligncenter size-large is-resized\"><a href=\"https:\/\/amzn.to\/3TolI0L\" target=\"_blank\" rel=\"noreferrer noopener\"><img src=\"https:\/\/www.parashihtzu.top\/wp-content\/uploads\/2022\/08\/HOT-DOG-CAMA-PARA-PERROS-PEQUENOS-1024x820.jpg\" alt=\"CAMA DIVERTIDA PERROS PEQUE\u00d1OS\" class=\"wp-image-562\" width=\"397\" height=\"317\" srcset=\"https:\/\/www.parashihtzu.top\/wp-content\/uploads\/2022\/08\/HOT-DOG-CAMA-PARA-PERROS-PEQUENOS-1024x820.jpg 1024w, https:\/\/www.parashihtzu.top\/wp-content\/uploads\/2022\/08\/HOT-DOG-CAMA-PARA-PERROS-PEQUENOS-300x240.jpg 300w, https:\/\/www.parashihtzu.top\/wp-content\/uploads\/2022\/08\/HOT-DOG-CAMA-PARA-PERROS-PEQUENOS-768x615.jpg 768w, https:\/\/www.parashihtzu.top\/wp-content\/uploads\/2022\/08\/HOT-DOG-CAMA-PARA-PERROS-PEQUENOS-640x512.jpg 640w, https:\/\/www.parashihtzu.top\/wp-content\/uploads\/2022\/08\/HOT-DOG-CAMA-PARA-PERROS-PEQUENOS.jpg 1082w\" sizes=\"(max-width: 397px) 100vw, 397px\" \/><\/a><figcaption><strong><mark style=\"background-color:rgba(0, 0, 0, 0)\" class=\"has-inline-color has-black-color\">CAMA \u00a8HOT DOG\u00a8PARA PERROS PEQUE\u00d1OS<\/mark><\/strong><\/figcaption><\/figure><\/div>\n\n\n<p>Esta es la opci\u00f3n m\u00e1s divertida de todas, una cama con dise\u00f1o de Hot dog de la marca Dazzling Beauty. Tambi\u00e9n tienen otros dise\u00f1os que os van a encantar y que salen fuera de lo convencional como cama en forma de hamburguesa o bien de pl\u00e1tano, seguro que encontr\u00e1is una opci\u00f3n que se ajusta a los que busc\u00e1is<\/p>\n\n\n\n<ul><li>Tama\u00f1o: 29.9 x 23.6 x 8.7&nbsp;in (largo x ancho x alto). Confirma que es adecuado para tu mascota antes de comprar).<\/li><li>Hecho de exterior de microgamuza de alta calidad e interior de pana de ma\u00edz, relleno con tela de poli\u00e9ster suave, ofrece la m\u00e1xima comodidad y calidez para tus amigos peludos.<\/li><li>Tope antideslizante: nuestra parte inferior de cama utiliza tela de PVC antideslizante para proporcionar la estabilidad deseada.<\/li><li>F\u00e1cil de limpiar, lavable a m\u00e1quina.&nbsp;<\/li><\/ul>\n\n\n\n<div class=\"wp-container-12 wp-block-buttons\">\n<div class=\"wp-block-button aligncenter is-style-outline\"><a class=\"wp-block-button__link\" href=\"\" target=\"_blank\" rel=\"noreferrer noopener\"><strong><mark style=\"background-color:#7bdcb5\" class=\"has-inline-color has-black-color\">VER OFERTA CAMA HOT DOG<\/mark><\/strong><\/a><\/div>\n<\/div>\n","protected":false},"excerpt":{"rendered":"<p>Queremos que nuestro shih tzu tenga un sue\u00f1o reparador, que descanse lo mejor posible y que se encuentre c\u00f3modo, por eso he querido recopilar las 5 mejores camas especializadas en perros peque\u00f1os de este 2022. Es importante crear un equilibrio entre el sue\u00f1o y el ejercicio ya que es clave para que nuestro perro tenga [&hellip;]<\/p>\n","protected":false},"author":1,"featured_media":0,"parent":0,"menu_order":0,"comment_status":"closed","ping_status":"closed","template":"","meta":[],"yoast_head":"<!-- This site is optimized with the Yoast SEO plugin v20.0 - https:\/\/yoast.com\/wordpress\/plugins\/seo\/ -->\n<title>Las 5 mejores camas para perros peque\u00f1os del 2022 - UNIVERSO SHIH-TZU<\/title>\n<meta name=\"description\" content=\"\ud83d\udd1dQueremos que nuestro shih tzu tenga un sue\u00f1o reparador, que descanse lo mejor posible y que se encuentre c\u00f3modo, he recopilado las 5 mejores camas!\ud83d\udd1d\" \/>\n<meta name=\"robots\" content=\"index, follow, max-snippet:-1, max-image-preview:large, max-video-preview:-1\" \/>\n<link rel=\"canonical\" href=\"https:\/\/www.parashihtzu.top\/index.php\/las-5-mejores-camas-para-perros-pequenos-del-2022\/\" \/>\n<meta property=\"og:locale\" content=\"es_ES\" \/>\n<meta property=\"og:type\" content=\"article\" \/>\n<meta property=\"og:title\" content=\"Las 5 mejores camas para perros peque\u00f1os del 2022 - UNIVERSO SHIH-TZU\" \/>\n<meta property=\"og:description\" content=\"\ud83d\udd1dQueremos que nuestro shih tzu tenga un sue\u00f1o reparador, que descanse lo mejor posible y que se encuentre c\u00f3modo, he recopilado las 5 mejores camas!\ud83d\udd1d\" \/>\n<meta property=\"og:url\" content=\"https:\/\/www.parashihtzu.top\/index.php\/las-5-mejores-camas-para-perros-pequenos-del-2022\/\" \/>\n<meta property=\"og:site_name\" content=\"UNIVERSO SHIH-TZU\" \/>\n<meta property=\"article:modified_time\" content=\"2022-08-23T20:40:53+00:00\" \/>\n<meta property=\"og:image\" content=\"https:\/\/www.parashihtzu.top\/wp-content\/uploads\/2020\/04\/cama-donut.jpg\" \/>\n<meta name=\"twitter:card\" content=\"summary_large_image\" \/>\n<meta name=\"twitter:label1\" content=\"Tiempo de lectura\" \/>\n\t<meta name=\"twitter:data1\" content=\"6 minutos\" \/>\n<script type=\"application\/ld+json\" class=\"yoast-schema-graph\">{\"@context\":\"https:\/\/schema.org\",\"@graph\":[{\"@type\":\"WebPage\",\"@id\":\"https:\/\/www.parashihtzu.top\/index.php\/las-5-mejores-camas-para-perros-pequenos-del-2022\/\",\"url\":\"https:\/\/www.parashihtzu.top\/index.php\/las-5-mejores-camas-para-perros-pequenos-del-2022\/\",\"name\":\"Las 5 mejores camas para perros peque\u00f1os del 2022 - UNIVERSO SHIH-TZU\",\"isPartOf\":{\"@id\":\"https:\/\/www.parashihtzu.top\/#website\"},\"datePublished\":\"2020-05-24T20:14:16+00:00\",\"dateModified\":\"2022-08-23T20:40:53+00:00\",\"description\":\"\ud83d\udd1dQueremos que nuestro shih tzu tenga un sue\u00f1o reparador, que descanse lo mejor posible y que se encuentre c\u00f3modo, he recopilado las 5 mejores camas!\ud83d\udd1d\",\"breadcrumb\":{\"@id\":\"https:\/\/www.parashihtzu.top\/index.php\/las-5-mejores-camas-para-perros-pequenos-del-2022\/#breadcrumb\"},\"inLanguage\":\"es\",\"potentialAction\":[{\"@type\":\"ReadAction\",\"target\":[\"https:\/\/www.parashihtzu.top\/index.php\/las-5-mejores-camas-para-perros-pequenos-del-2022\/\"]}]},{\"@type\":\"BreadcrumbList\",\"@id\":\"https:\/\/www.parashihtzu.top\/index.php\/las-5-mejores-camas-para-perros-pequenos-del-2022\/#breadcrumb\",\"itemListElement\":[{\"@type\":\"ListItem\",\"position\":1,\"name\":\"Portada\",\"item\":\"https:\/\/www.parashihtzu.top\/\"},{\"@type\":\"ListItem\",\"position\":2,\"name\":\"Las 5 mejores camas para perros peque\u00f1os del 2022\"}]},{\"@type\":\"WebSite\",\"@id\":\"https:\/\/www.parashihtzu.top\/#website\",\"url\":\"https:\/\/www.parashihtzu.top\/\",\"name\":\"UNIVERSO SHIH-TZU\",\"description\":\"Web sobre la raza SHIHTZU con productos e informaci&oacute;n\",\"publisher\":{\"@id\":\"https:\/\/www.parashihtzu.top\/#organization\"},\"potentialAction\":[{\"@type\":\"SearchAction\",\"target\":{\"@type\":\"EntryPoint\",\"urlTemplate\":\"https:\/\/www.parashihtzu.top\/?s={search_term_string}\"},\"query-input\":\"required name=search_term_string\"}],\"inLanguage\":\"es\"},{\"@type\":\"Organization\",\"@id\":\"https:\/\/www.parashihtzu.top\/#organization\",\"name\":\"UNIVERSO SHIH-TZU\",\"url\":\"https:\/\/www.parashihtzu.top\/\",\"logo\":{\"@type\":\"ImageObject\",\"inLanguage\":\"es\",\"@id\":\"https:\/\/www.parashihtzu.top\/#\/schema\/logo\/image\/\",\"url\":\"https:\/\/www.parashihtzu.top\/wp-content\/uploads\/2022\/09\/cropped-Copia_de_Logo_Logotipo_de_flores_Acuarela_Floral_Pastel_rosa-removebg-preview.png\",\"contentUrl\":\"https:\/\/www.parashihtzu.top\/wp-content\/uploads\/2022\/09\/cropped-Copia_de_Logo_Logotipo_de_flores_Acuarela_Floral_Pastel_rosa-removebg-preview.png\",\"width\":500,\"height\":257,\"caption\":\"UNIVERSO SHIH-TZU\"},\"image\":{\"@id\":\"https:\/\/www.parashihtzu.top\/#\/schema\/logo\/image\/\"}}]}<\/script>\n<!-- \/ Yoast SEO plugin. -->","yoast_head_json":{"title":"Las 5 mejores camas para perros peque\u00f1os del 2022 - UNIVERSO SHIH-TZU","description":"\ud83d\udd1dQueremos que nuestro shih tzu tenga un sue\u00f1o reparador, que descanse lo mejor posible y que se encuentre c\u00f3modo, he recopilado las 5 mejores camas!\ud83d\udd1d","robots":{"index":"index","follow":"follow","max-snippet":"max-snippet:-1","max-image-preview":"max-image-preview:large","max-video-preview":"max-video-preview:-1"},"canonical":"https:\/\/www.parashihtzu.top\/index.php\/las-5-mejores-camas-para-perros-pequenos-del-2022\/","og_locale":"es_ES","og_type":"article","og_title":"Las 5 mejores camas para perros peque\u00f1os del 2022 - UNIVERSO SHIH-TZU","og_description":"\ud83d\udd1dQueremos que nuestro shih tzu tenga un sue\u00f1o reparador, que descanse lo mejor posible y que se encuentre c\u00f3modo, he recopilado las 5 mejores camas!\ud83d\udd1d","og_url":"https:\/\/www.parashihtzu.top\/index.php\/las-5-mejores-camas-para-perros-pequenos-del-2022\/","og_site_name":"UNIVERSO SHIH-TZU","article_modified_time":"2022-08-23T20:40:53+00:00","og_image":[{"url":"https:\/\/www.parashihtzu.top\/wp-content\/uploads\/2020\/04\/cama-donut.jpg"}],"twitter_card":"summary_large_image","twitter_misc":{"Tiempo de lectura":"6 minutos"},"schema":{"@context":"https:\/\/schema.org","@graph":[{"@type":"WebPage","@id":"https:\/\/www.parashihtzu.top\/index.php\/las-5-mejores-camas-para-perros-pequenos-del-2022\/","url":"https:\/\/www.parashihtzu.top\/index.php\/las-5-mejores-camas-para-perros-pequenos-del-2022\/","name":"Las 5 mejores camas para perros peque\u00f1os del 2022 - UNIVERSO SHIH-TZU","isPartOf":{"@id":"https:\/\/www.parashihtzu.top\/#website"},"datePublished":"2020-05-24T20:14:16+00:00","dateModified":"2022-08-23T20:40:53+00:00","description":"\ud83d\udd1dQueremos que nuestro shih tzu tenga un sue\u00f1o reparador, que descanse lo mejor posible y que se encuentre c\u00f3modo, he recopilado las 5 mejores camas!\ud83d\udd1d","breadcrumb":{"@id":"https:\/\/www.parashihtzu.top\/index.php\/las-5-mejores-camas-para-perros-pequenos-del-2022\/#breadcrumb"},"inLanguage":"es","potentialAction":[{"@type":"ReadAction","target":["https:\/\/www.parashihtzu.top\/index.php\/las-5-mejores-camas-para-perros-pequenos-del-2022\/"]}]},{"@type":"BreadcrumbList","@id":"https:\/\/www.parashihtzu.top\/index.php\/las-5-mejores-camas-para-perros-pequenos-del-2022\/#breadcrumb","itemListElement":[{"@type":"ListItem","position":1,"name":"Portada","item":"https:\/\/www.parashihtzu.top\/"},{"@type":"ListItem","position":2,"name":"Las 5 mejores camas para perros peque\u00f1os del 2022"}]},{"@type":"WebSite","@id":"https:\/\/www.parashihtzu.top\/#website","url":"https:\/\/www.parashihtzu.top\/","name":"UNIVERSO SHIH-TZU","description":"Web sobre la raza SHIHTZU con productos e informaci&oacute;n","publisher":{"@id":"https:\/\/www.parashihtzu.top\/#organization"},"potentialAction":[{"@type":"SearchAction","target":{"@type":"EntryPoint","urlTemplate":"https:\/\/www.parashihtzu.top\/?s={search_term_string}"},"query-input":"required name=search_term_string"}],"inLanguage":"es"},{"@type":"Organization","@id":"https:\/\/www.parashihtzu.top\/#organization","name":"UNIVERSO SHIH-TZU","url":"https:\/\/www.parashihtzu.top\/","logo":{"@type":"ImageObject","inLanguage":"es","@id":"https:\/\/www.parashihtzu.top\/#\/schema\/logo\/image\/","url":"https:\/\/www.parashihtzu.top\/wp-content\/uploads\/2022\/09\/cropped-Copia_de_Logo_Logotipo_de_flores_Acuarela_Floral_Pastel_rosa-removebg-preview.png","contentUrl":"https:\/\/www.parashihtzu.top\/wp-content\/uploads\/2022\/09\/cropped-Copia_de_Logo_Logotipo_de_flores_Acuarela_Floral_Pastel_rosa-removebg-preview.png","width":500,"height":257,"caption":"UNIVERSO SHIH-TZU"},"image":{"@id":"https:\/\/www.parashihtzu.top\/#\/schema\/logo\/image\/"}}]}},"_links":{"self":[{"href":"https:\/\/www.parashihtzu.top\/index.php\/wp-json\/wp\/v2\/pages\/347"}],"collection":[{"href":"https:\/\/www.parashihtzu.top\/index.php\/wp-json\/wp\/v2\/pages"}],"about":[{"href":"https:\/\/www.parashihtzu.top\/index.php\/wp-json\/wp\/v2\/types\/page"}],"author":[{"embeddable":true,"href":"https:\/\/www.parashihtzu.top\/index.php\/wp-json\/wp\/v2\/users\/1"}],"replies":[{"embeddable":true,"href":"https:\/\/www.parashihtzu.top\/index.php\/wp-json\/wp\/v2\/comments?post=347"}],"version-history":[{"count":12,"href":"https:\/\/www.parashihtzu.top\/index.php\/wp-json\/wp\/v2\/pages\/347\/revisions"}],"predecessor-version":[{"id":563,"href":"https:\/\/www.parashihtzu.top\/index.php\/wp-json\/wp\/v2\/pages\/347\/revisions\/563"}],"wp:attachment":[{"href":"https:\/\/www.parashihtzu.top\/index.php\/wp-json\/wp\/v2\/media?parent=347"}],"curies":[{"name":"wp","href":"https:\/\/api.w.org\/{rel}","templated":true}]}}