{"id":351,"date":"2022-12-23T16:13:10","date_gmt":"2022-12-23T16:13:10","guid":{"rendered":"https:\/\/www.parashihtzu.top\/?page_id=351"},"modified":"2022-12-29T21:13:11","modified_gmt":"2022-12-29T21:13:11","slug":"los-5-mejores-juguetes-para-perros","status":"publish","type":"page","link":"https:\/\/www.parashihtzu.top\/index.php\/los-5-mejores-juguetes-para-perros\/","title":{"rendered":"Los 5 mejores juguetes para perros"},"content":{"rendered":"\n<p>Uno de los grandes beneficios de los&nbsp;juguetes&nbsp;para&nbsp;perros,&nbsp;sean peque\u00f1os o grandes, es que les ayudan a estar entretenidos y sobretodo a interactuar con nosotros. Es un buen momento para facilitar la actividad f\u00edsica, y as\u00ed generar a\u00fan m\u00e1s beneficios en la vida de nuestro perrito.<\/p>\n\n\n\n<p>Si juegas desde cachorro, se acostumbrar\u00e1 al juego y tambi\u00e9n a la actividad f\u00edsica, contribuimos a que nuestro perro no se comporte de manera tan perezosa y tenga una vida activa <\/p>\n\n\n\n<p><\/p>\n\n\n\n<p>Te detallar\u00e9 los 5 mejores juguetes para perros seg\u00fan mi opini\u00f3n pero hay much\u00edsimos m\u00e1s con los que podr\u00e1s hacer feliz a tu perro. <\/p>\n\n\n\n<p>Vamos all\u00e1 con nuestro TOP FIVE de juguetes para nuestro perro, sea de raza peque\u00f1a, raza mediana o raza grande!<\/p>\n\n\n\n<h2>1 &#8211; Pelota Idepet<\/h2>\n\n\n\n<p>Este tipo de pelotas son perfectas  para insertar comida en sus ranuras y mantenerlo ocupado durante horas, ayuda a activar la agilidad mental de tu perro y mejora la inteligencia, adem\u00e1s as\u00ed evitar\u00e1s que tenga la tentaci\u00f3n de morder tu ropa o zapatillas favoritas, ya que es un buen mordedor. <\/p>\n\n\n\n<ul><li>Material no t\u00f3xico: El producto est\u00e1 hecho de goma extra resistente, buena elasticidad, no abrasivo, seguro para las mordidas de tu perro peque\u00f1o o grande <\/li><li>Tiene aroma a dent\u00edfrico<\/li><li>Es perfecto para poder interactuar con tu perro durante horas, estar\u00e1 entretenido <\/li><li>Dientes fuertes: Su superficie suave y \u00fanica puede ayudar a limpiar sus dientes y mantener sus enc\u00edas saludables.<\/li><li>Es un juguete muy pr\u00e1ctico para llevar a cabo entrenamientos y reforzar la inteligencia <\/li><\/ul>\n\n\n<div class=\"wp-block-image\">\n<figure class=\"aligncenter size-medium\"><img width=\"300\" height=\"300\" src=\"https:\/\/www.parashihtzu.top\/wp-content\/uploads\/2022\/12\/PELOTA-MORDEDOR-300x300.webp\" alt=\"pelota perros mordedor\" class=\"wp-image-628\" srcset=\"https:\/\/www.parashihtzu.top\/wp-content\/uploads\/2022\/12\/PELOTA-MORDEDOR-300x300.webp 300w, https:\/\/www.parashihtzu.top\/wp-content\/uploads\/2022\/12\/PELOTA-MORDEDOR-150x150.webp 150w, https:\/\/www.parashihtzu.top\/wp-content\/uploads\/2022\/12\/PELOTA-MORDEDOR-768x771.webp 768w, https:\/\/www.parashihtzu.top\/wp-content\/uploads\/2022\/12\/PELOTA-MORDEDOR-640x643.webp 640w, https:\/\/www.parashihtzu.top\/wp-content\/uploads\/2022\/12\/PELOTA-MORDEDOR-144x144.webp 144w, https:\/\/www.parashihtzu.top\/wp-content\/uploads\/2022\/12\/PELOTA-MORDEDOR-120x120.webp 120w, https:\/\/www.parashihtzu.top\/wp-content\/uploads\/2022\/12\/PELOTA-MORDEDOR.webp 900w\" sizes=\"(max-width: 300px) 100vw, 300px\" \/><figcaption>Pelota marca Idepet<\/figcaption><\/figure><\/div>\n\n\n<div class=\"wp-container-2 wp-block-buttons\">\n<div class=\"wp-block-button aligncenter is-style-outline\"><a class=\"wp-block-button__link\" href=\"https:\/\/amzn.to\/3EkfSbi\"><strong><mark style=\"background-color:#7bdcb5\" class=\"has-inline-color has-black-color\">VER OFERTA<\/mark><\/strong><\/a><\/div>\n<\/div>\n\n\n\n<h2>2 &#8211; Juguete mordedor y de entrenamiento marca Trixie<\/h2>\n\n\n\n<p>Otro juguete muy interesante para todo tipo de razas, incluido para nuestro shih tzu, es el juguete con el que pueda estar entretenidos y a su vez desarrollar y estimular mentalmente.  <\/p>\n\n\n\n<p>Adem\u00e1s de estimular su desarrollo cognitivo ayudan a ralentizar la alimentaci\u00f3n de tu mascota, con los consiguientes beneficios en su digesti\u00f3n y disminuci\u00f3n de la ansiedad. Puedes ponerle golosinas, snacks  o crema y se divertir\u00e1n jugando con ellos. <\/p>\n\n\n\n<p>Si te preguntas c\u00f3mo mantener a tu perro distra\u00eddo y contento esta es una manera muy educativa de hacerlo<\/p>\n\n\n\n<p>Este juguete para perros tiene una divertida forma y cuando ellos la muerden tiene un sonido, lo cual hace a este juguete en el perfecto, para despertar los cinco sentidos de tu perro<\/p>\n\n\n\n<div class=\"wp-container-4 wp-block-group\"><div class=\"wp-block-group__inner-container\">\n<div class=\"wp-container-3 wp-block-group\"><div class=\"wp-block-group__inner-container\"><div class=\"wp-block-image\">\n<figure class=\"aligncenter size-full is-resized\"><a href=\"https:\/\/amzn.to\/3HXVI8Q\" target=\"_blank\" rel=\"noreferrer noopener\"><img src=\"https:\/\/www.parashihtzu.top\/wp-content\/uploads\/2022\/12\/juguete_snake_mordedor-1.jpg\" alt=\"juguete de perros\" class=\"wp-image-625\" width=\"258\" height=\"233\" srcset=\"https:\/\/www.parashihtzu.top\/wp-content\/uploads\/2022\/12\/juguete_snake_mordedor-1.jpg 1000w, https:\/\/www.parashihtzu.top\/wp-content\/uploads\/2022\/12\/juguete_snake_mordedor-1-300x271.jpg 300w, https:\/\/www.parashihtzu.top\/wp-content\/uploads\/2022\/12\/juguete_snake_mordedor-1-768x694.jpg 768w, https:\/\/www.parashihtzu.top\/wp-content\/uploads\/2022\/12\/juguete_snake_mordedor-1-640x578.jpg 640w\" sizes=\"(max-width: 258px) 100vw, 258px\" \/><\/a><figcaption><a href=\"https:\/\/amzn.to\/3BY7dt9\" target=\"_blank\" rel=\"noreferrer noopener\">Juguete mordedor\/dispensador Trixie<\/a><\/figcaption><\/figure><\/div><\/div><\/div>\n<\/div><\/div>\n\n\n\n<div class=\"wp-container-5 wp-block-buttons\">\n<div class=\"wp-block-button aligncenter is-style-outline\"><a class=\"wp-block-button__link\" href=\"https:\/\/amzn.to\/3HXVI8Q\"><mark style=\"background-color:#7bdcb5\" class=\"has-inline-color has-black-color\">VER OFERTA<\/mark><\/a><\/div>\n<\/div>\n\n\n\n<div class=\"wp-container-6 wp-block-buttons\"><\/div>\n\n\n\n<h2>3- DOG ACTIVITY TRIXIE &#8211; Juguete para perros interactivo<\/h2>\n\n\n\n<ul><li>Este juguete que detallo est\u00e1 dise\u00f1ado especialmente para perros peque\u00f1os<\/li><li>El perro gana recompensas mediante el uso de diferentes t\u00e9cnicas para abrir las ranuras, puedes ponerle sus snacks preferidos, desarrollando as\u00ed su habilidad olfateando y utilizando sus boca y patitas para obtener su recompensa<\/li><li>F\u00e1cil de limpiar; puede lavarse en el lavavajillas<\/li><\/ul>\n\n\n<div class=\"wp-block-image\">\n<figure class=\"aligncenter size-full is-resized\"><a href=\"https:\/\/amzn.to\/3HTDIN3\" target=\"_blank\" rel=\"noreferrer noopener\"><img src=\"https:\/\/www.parashihtzu.top\/wp-content\/uploads\/2022\/12\/DOG-ACTIVITY-1.webp\" alt=\"DOG ACTIVITY\" class=\"wp-image-627\" width=\"278\" height=\"156\" srcset=\"https:\/\/www.parashihtzu.top\/wp-content\/uploads\/2022\/12\/DOG-ACTIVITY-1.webp 1000w, https:\/\/www.parashihtzu.top\/wp-content\/uploads\/2022\/12\/DOG-ACTIVITY-1-300x168.webp 300w, https:\/\/www.parashihtzu.top\/wp-content\/uploads\/2022\/12\/DOG-ACTIVITY-1-768x431.webp 768w, https:\/\/www.parashihtzu.top\/wp-content\/uploads\/2022\/12\/DOG-ACTIVITY-1-640x359.webp 640w\" sizes=\"(max-width: 278px) 100vw, 278px\" \/><\/a><figcaption><a href=\"https:\/\/amzn.to\/3HTDIN3\" target=\"_blank\" rel=\"noreferrer noopener\">Dog Activity Trixie<\/a><\/figcaption><\/figure><\/div>\n\n\n<div class=\"wp-container-7 is-content-justification-center wp-block-buttons\">\n<div class=\"wp-block-button is-style-outline\"><a class=\"wp-block-button__link\" href=\"https:\/\/amzn.to\/3HTDIN3\"><mark style=\"background-color:#7bdcb5\" class=\"has-inline-color\">VER OFERTA<\/mark><\/a><\/div>\n<\/div>\n\n\n<div class=\"wp-block-image\">\n<figure class=\"aligncenter size-full is-resized\"><a href=\"https:\/\/amzn.to\/3GfF3fS\" target=\"_blank\" rel=\"noreferrer noopener\"><img src=\"https:\/\/www.parashihtzu.top\/wp-content\/uploads\/2022\/12\/JUGUETE-ENTRENAMIENTO-PERRO-TRIXIE.webp\" alt=\"JUGUETE ENTRENAMIENTO PERRO TRIXIE\" class=\"wp-image-629\" width=\"199\" height=\"311\" srcset=\"https:\/\/www.parashihtzu.top\/wp-content\/uploads\/2022\/12\/JUGUETE-ENTRENAMIENTO-PERRO-TRIXIE.webp 440w, https:\/\/www.parashihtzu.top\/wp-content\/uploads\/2022\/12\/JUGUETE-ENTRENAMIENTO-PERRO-TRIXIE-192x300.webp 192w\" sizes=\"(max-width: 199px) 100vw, 199px\" \/><\/a><figcaption><a href=\"https:\/\/amzn.to\/3GfF3fS\" target=\"_blank\" rel=\"noreferrer noopener\">Dog Activity tubos dispensadores Trixie<\/a><\/figcaption><\/figure><\/div>\n\n\n<div class=\"wp-container-8 is-content-justification-center wp-block-buttons\">\n<div class=\"wp-block-button is-style-outline\"><a class=\"wp-block-button__link\" href=\"https:\/\/amzn.to\/3GfF3fS\"><mark style=\"background-color:#7bdcb5\" class=\"has-inline-color has-black-color\">VER OFERTA<\/mark><\/a><\/div>\n<\/div>\n\n\n\n<h2>4- BENTOPAL &#8211; Pelota interactiva para perros<\/h2>\n\n\n\n<ul><li>Pelota interactiva para perros activada por movimiento: funciona por 5 minutos y se apaga autom\u00e1ticamente. <\/li><li>Encendido\/apagado autom\u00e1tico, cunado el juguete no est\u00e1 en uso se apaga autom\u00e1ticamente <\/li><li>Dos modos disponibles: este es el primer juguete con modo de rebote activo en el mercado, la pelota saltar\u00e1 cuando configure el modo 2, lo cual divertir\u00e1 a tu perrito. En cambio el modo 1 rueda rodando en el suelo. <\/li><li>La luz LED de color hace que el juego y ejercicio sea m\u00e1s divertido. Recordatorio: El rebote puede hacer algo ruidoso en el suelo de madera<\/li><li>Recargable: construido con bater\u00eda de 180 mAh, cargando 3 horas, trabajando 8 horas continuamente<\/li><\/ul>\n\n\n\n<figure class=\"wp-container-10 wp-block-gallery-9 wp-block-gallery aligncenter has-nested-images columns-default is-cropped\">\n<figure class=\"wp-block-image size-large\"><img width=\"900\" height=\"888\" data-id=\"632\"  src=\"https:\/\/www.parashihtzu.top\/wp-content\/uploads\/2022\/12\/pelota-interactiva-Bentopal.webp\" alt=\"Pelota interactiva luces\" class=\"wp-image-632\" srcset=\"https:\/\/www.parashihtzu.top\/wp-content\/uploads\/2022\/12\/pelota-interactiva-Bentopal.webp 900w, https:\/\/www.parashihtzu.top\/wp-content\/uploads\/2022\/12\/pelota-interactiva-Bentopal-300x296.webp 300w, https:\/\/www.parashihtzu.top\/wp-content\/uploads\/2022\/12\/pelota-interactiva-Bentopal-768x758.webp 768w, https:\/\/www.parashihtzu.top\/wp-content\/uploads\/2022\/12\/pelota-interactiva-Bentopal-640x631.webp 640w\" sizes=\"(max-width: 900px) 100vw, 900px\" \/><figcaption>Pelota interactiva Bentopal<\/figcaption><\/figure>\n\n\n\n<figure class=\"wp-block-image size-large\"><img width=\"800\" height=\"800\" data-id=\"631\"  src=\"https:\/\/www.parashihtzu.top\/wp-content\/uploads\/2022\/12\/Pelota-interactiva-Bentopal1.webp\" alt=\"juguete interactivo luces\" class=\"wp-image-631\" srcset=\"https:\/\/www.parashihtzu.top\/wp-content\/uploads\/2022\/12\/Pelota-interactiva-Bentopal1.webp 800w, https:\/\/www.parashihtzu.top\/wp-content\/uploads\/2022\/12\/Pelota-interactiva-Bentopal1-300x300.webp 300w, https:\/\/www.parashihtzu.top\/wp-content\/uploads\/2022\/12\/Pelota-interactiva-Bentopal1-150x150.webp 150w, https:\/\/www.parashihtzu.top\/wp-content\/uploads\/2022\/12\/Pelota-interactiva-Bentopal1-768x768.webp 768w, https:\/\/www.parashihtzu.top\/wp-content\/uploads\/2022\/12\/Pelota-interactiva-Bentopal1-640x640.webp 640w, https:\/\/www.parashihtzu.top\/wp-content\/uploads\/2022\/12\/Pelota-interactiva-Bentopal1-144x144.webp 144w, https:\/\/www.parashihtzu.top\/wp-content\/uploads\/2022\/12\/Pelota-interactiva-Bentopal1-120x120.webp 120w\" sizes=\"(max-width: 800px) 100vw, 800px\" \/><figcaption>Juguete interactivo luces<\/figcaption><\/figure>\n<\/figure>\n\n\n\n<div class=\"wp-container-11 is-content-justification-center wp-block-buttons\">\n<div class=\"wp-block-button is-style-outline\"><a class=\"wp-block-button__link\"><strong><mark style=\"background-color:#7bdcb5\" class=\"has-inline-color has-black-color\">VER OFERTA<\/mark><\/strong><\/a><\/div>\n<\/div>\n\n\n\n<h2>5- Smart pet love &#8211; Juguete de ayuda para cachorros<\/h2>\n\n\n\n<ul><li>Tiene una \u00absensaci\u00f3n real\u201d de latido pulsante, ideal para cachorros o bien perros con ansiedad por separaci\u00f3n, reduce los comportamientos negativos como el llanto o el ladrido <\/li><li>Tiene una duraci\u00f3n de hasta dos semanas de uso 24\/7 en un juego de pilas alcalinas AAA (incluidas)<\/li><li>Es un juguete o m\u00e1s bien peluche que ayuda a aliviar el llanto f\u00e1cil, la soledad y ansiedad en nuestra mascota, sobre todo en cachorros cuando a\u00fan est\u00e1n en proceso de adaptaci\u00f3n a nuestro hogar y ayudan a que puedan dormir durante toda la noche<\/li><li>Tiene muy buenas rese\u00f1as entre los compradores <\/li><li>Adem\u00e1s tiene unos paquetes de calentamiento que proporcionan calor, una fuente adicional de comodidad para tu perrito<\/li><li>Se puede lavar a m\u00e1quina si se quita el dispositivo en forma de coraz\u00f3n.<\/li><\/ul>\n\n\n\n<figure class=\"wp-container-13 wp-block-gallery-12 wp-block-gallery aligncenter has-nested-images columns-default is-cropped\">\n<figure class=\"wp-block-image size-large\"><img width=\"900\" height=\"550\" data-id=\"634\"  src=\"https:\/\/www.parashihtzu.top\/wp-content\/uploads\/2022\/12\/Smart-pet-love.webp\" alt=\"Smart peto love\" class=\"wp-image-634\" srcset=\"https:\/\/www.parashihtzu.top\/wp-content\/uploads\/2022\/12\/Smart-pet-love.webp 900w, https:\/\/www.parashihtzu.top\/wp-content\/uploads\/2022\/12\/Smart-pet-love-300x183.webp 300w, https:\/\/www.parashihtzu.top\/wp-content\/uploads\/2022\/12\/Smart-pet-love-768x469.webp 768w, https:\/\/www.parashihtzu.top\/wp-content\/uploads\/2022\/12\/Smart-pet-love-640x391.webp 640w\" sizes=\"(max-width: 900px) 100vw, 900px\" \/><\/figure>\n\n\n\n<figure class=\"wp-block-image size-large\"><img width=\"640\" height=\"640\" data-id=\"633\"  src=\"https:\/\/www.parashihtzu.top\/wp-content\/uploads\/2022\/12\/Juguete-para-acurrucarse.webp\" alt=\"peluche interactivo\" class=\"wp-image-633\" srcset=\"https:\/\/www.parashihtzu.top\/wp-content\/uploads\/2022\/12\/Juguete-para-acurrucarse.webp 640w, https:\/\/www.parashihtzu.top\/wp-content\/uploads\/2022\/12\/Juguete-para-acurrucarse-300x300.webp 300w, https:\/\/www.parashihtzu.top\/wp-content\/uploads\/2022\/12\/Juguete-para-acurrucarse-150x150.webp 150w, https:\/\/www.parashihtzu.top\/wp-content\/uploads\/2022\/12\/Juguete-para-acurrucarse-144x144.webp 144w, https:\/\/www.parashihtzu.top\/wp-content\/uploads\/2022\/12\/Juguete-para-acurrucarse-120x120.webp 120w\" sizes=\"(max-width: 640px) 100vw, 640px\" \/><\/figure>\n<figcaption class=\"blocks-gallery-caption\"><a href=\"https:\/\/amzn.to\/3YNT1g8\" target=\"_blank\" rel=\"noreferrer noopener\">Peluche Smart Pet love<\/a><\/figcaption><\/figure>\n\n\n\n<div class=\"wp-container-14 is-content-justification-center wp-block-buttons\">\n<div class=\"wp-block-button is-style-outline\"><a class=\"wp-block-button__link\" href=\"https:\/\/amzn.to\/3YNT1g8\"><strong><mark style=\"background-color:#7bdcb5\" class=\"has-inline-color has-black-color\">VER OFERTA<\/mark><\/strong><\/a><\/div>\n<\/div>\n\n\n\n<p>Estos s\u00f3n solo algunos de los juguetes o peluches pero hay muchos m\u00e1s&#8230;.!!! Aunque estos creo que son m\u00e1s especiales y lo veo un buen regalito para nuestro perro. <\/p>\n\n\n\n<iframe sandbox=\"allow-popups allow-scripts allow-modals allow-forms allow-same-origin\" style=\"width:120px;height:240px;\" marginwidth=\"0\" marginheight=\"0\" scrolling=\"no\" frameborder=\"0\" src=\"\/\/ws-na.amazon-adsystem.com\/widgets\/q?ServiceVersion=20070822&amp;OneJS=1&amp;Operation=GetAdHtml&amp;MarketPlace=US&amp;source=ss&amp;ref=as_ss_li_til&amp;ad_type=product_link&amp;tracking_id=jennifergar00-20&amp;language=es_US&amp;marketplace=amazon&amp;region=US&amp;placement=B08VNRLWRZ&amp;asins=B08VNRLWRZ&amp;linkId=57570944e2876bf8e1da2c25c5311c01&amp;show_border=true&amp;link_opens_in_new_window=true\"><\/iframe>\n\n<iframe sandbox=\"allow-popups allow-scripts allow-modals allow-forms allow-same-origin\" style=\"width:120px;height:240px;\" marginwidth=\"0\" marginheight=\"0\" scrolling=\"no\" frameborder=\"0\" src=\"\/\/ws-na.amazon-adsystem.com\/widgets\/q?ServiceVersion=20070822&amp;OneJS=1&amp;Operation=GetAdHtml&amp;MarketPlace=US&amp;source=ss&amp;ref=as_ss_li_til&amp;ad_type=product_link&amp;tracking_id=jennifergar00-20&amp;language=es_US&amp;marketplace=amazon&amp;region=US&amp;placement=B07X69JP9Q&amp;asins=B07X69JP9Q&amp;linkId=41eb5d76d10d96c6c128a01c0fee51ac&amp;show_border=true&amp;link_opens_in_new_window=true\"><\/iframe>\n\n<iframe sandbox=\"allow-popups allow-scripts allow-modals allow-forms allow-same-origin\" style=\"width:120px;height:240px;\" marginwidth=\"0\" marginheight=\"0\" scrolling=\"no\" frameborder=\"0\" src=\"\/\/ws-na.amazon-adsystem.com\/widgets\/q?ServiceVersion=20070822&amp;OneJS=1&amp;Operation=GetAdHtml&amp;MarketPlace=US&amp;source=ss&amp;ref=as_ss_li_til&amp;ad_type=product_link&amp;tracking_id=jennifergar00-20&amp;language=es_US&amp;marketplace=amazon&amp;region=US&amp;placement=B08HMX6W3J&amp;asins=B08HMX6W3J&amp;linkId=23e9849cd6c3d22f6d9b13f487a27873&amp;show_border=true&amp;link_opens_in_new_window=true\"><\/iframe>\n","protected":false},"excerpt":{"rendered":"<p>Uno de los grandes beneficios de los&nbsp;juguetes&nbsp;para&nbsp;perros,&nbsp;sean peque\u00f1os o grandes, es que les ayudan a estar entretenidos y sobretodo a interactuar con nosotros. Es un buen momento para facilitar la actividad f\u00edsica, y as\u00ed generar a\u00fan m\u00e1s beneficios en la vida de nuestro perrito. Si juegas desde cachorro, se acostumbrar\u00e1 al juego y tambi\u00e9n a [&hellip;]<\/p>\n","protected":false},"author":1,"featured_media":0,"parent":0,"menu_order":0,"comment_status":"closed","ping_status":"closed","template":"","meta":[],"yoast_head":"<!-- This site is optimized with the Yoast SEO plugin v20.0 - https:\/\/yoast.com\/wordpress\/plugins\/seo\/ -->\n<title>Los 5 mejores juguetes para perros - UNIVERSO SHIH-TZU<\/title>\n<meta name=\"description\" content=\"Selecci\u00f3n de los cinco mejores juguetes para tu perro. Sea cual sea su raza, peque\u00f1a o grande. Crea v\u00ednculo a trav\u00e9s del juego con tu perro!\" \/>\n<meta name=\"robots\" content=\"index, follow, max-snippet:-1, max-image-preview:large, max-video-preview:-1\" \/>\n<link rel=\"canonical\" href=\"https:\/\/www.parashihtzu.top\/index.php\/los-5-mejores-juguetes-para-perros\/\" \/>\n<meta property=\"og:locale\" content=\"es_ES\" \/>\n<meta property=\"og:type\" content=\"article\" \/>\n<meta property=\"og:title\" content=\"Los 5 mejores juguetes para perros - UNIVERSO SHIH-TZU\" \/>\n<meta property=\"og:description\" content=\"Selecci\u00f3n de los cinco mejores juguetes para tu perro. Sea cual sea su raza, peque\u00f1a o grande. Crea v\u00ednculo a trav\u00e9s del juego con tu perro!\" \/>\n<meta property=\"og:url\" content=\"https:\/\/www.parashihtzu.top\/index.php\/los-5-mejores-juguetes-para-perros\/\" \/>\n<meta property=\"og:site_name\" content=\"UNIVERSO SHIH-TZU\" \/>\n<meta property=\"article:modified_time\" content=\"2022-12-29T21:13:11+00:00\" \/>\n<meta property=\"og:image\" content=\"https:\/\/www.parashihtzu.top\/wp-content\/uploads\/2022\/12\/PELOTA-MORDEDOR-300x300.webp\" \/>\n<meta name=\"twitter:card\" content=\"summary_large_image\" \/>\n<meta name=\"twitter:label1\" content=\"Tiempo de lectura\" \/>\n\t<meta name=\"twitter:data1\" content=\"6 minutos\" \/>\n<script type=\"application\/ld+json\" class=\"yoast-schema-graph\">{\"@context\":\"https:\/\/schema.org\",\"@graph\":[{\"@type\":\"WebPage\",\"@id\":\"https:\/\/www.parashihtzu.top\/index.php\/los-5-mejores-juguetes-para-perros\/\",\"url\":\"https:\/\/www.parashihtzu.top\/index.php\/los-5-mejores-juguetes-para-perros\/\",\"name\":\"Los 5 mejores juguetes para perros - UNIVERSO SHIH-TZU\",\"isPartOf\":{\"@id\":\"https:\/\/www.parashihtzu.top\/#website\"},\"datePublished\":\"2022-12-23T16:13:10+00:00\",\"dateModified\":\"2022-12-29T21:13:11+00:00\",\"description\":\"Selecci\u00f3n de los cinco mejores juguetes para tu perro. Sea cual sea su raza, peque\u00f1a o grande. Crea v\u00ednculo a trav\u00e9s del juego con tu perro!\",\"breadcrumb\":{\"@id\":\"https:\/\/www.parashihtzu.top\/index.php\/los-5-mejores-juguetes-para-perros\/#breadcrumb\"},\"inLanguage\":\"es\",\"potentialAction\":[{\"@type\":\"ReadAction\",\"target\":[\"https:\/\/www.parashihtzu.top\/index.php\/los-5-mejores-juguetes-para-perros\/\"]}]},{\"@type\":\"BreadcrumbList\",\"@id\":\"https:\/\/www.parashihtzu.top\/index.php\/los-5-mejores-juguetes-para-perros\/#breadcrumb\",\"itemListElement\":[{\"@type\":\"ListItem\",\"position\":1,\"name\":\"Portada\",\"item\":\"https:\/\/www.parashihtzu.top\/\"},{\"@type\":\"ListItem\",\"position\":2,\"name\":\"Los 5 mejores juguetes para perros\"}]},{\"@type\":\"WebSite\",\"@id\":\"https:\/\/www.parashihtzu.top\/#website\",\"url\":\"https:\/\/www.parashihtzu.top\/\",\"name\":\"UNIVERSO SHIH-TZU\",\"description\":\"Web sobre la raza SHIHTZU con productos e informaci&oacute;n\",\"publisher\":{\"@id\":\"https:\/\/www.parashihtzu.top\/#organization\"},\"potentialAction\":[{\"@type\":\"SearchAction\",\"target\":{\"@type\":\"EntryPoint\",\"urlTemplate\":\"https:\/\/www.parashihtzu.top\/?s={search_term_string}\"},\"query-input\":\"required name=search_term_string\"}],\"inLanguage\":\"es\"},{\"@type\":\"Organization\",\"@id\":\"https:\/\/www.parashihtzu.top\/#organization\",\"name\":\"UNIVERSO SHIH-TZU\",\"url\":\"https:\/\/www.parashihtzu.top\/\",\"logo\":{\"@type\":\"ImageObject\",\"inLanguage\":\"es\",\"@id\":\"https:\/\/www.parashihtzu.top\/#\/schema\/logo\/image\/\",\"url\":\"https:\/\/www.parashihtzu.top\/wp-content\/uploads\/2022\/09\/cropped-Copia_de_Logo_Logotipo_de_flores_Acuarela_Floral_Pastel_rosa-removebg-preview.png\",\"contentUrl\":\"https:\/\/www.parashihtzu.top\/wp-content\/uploads\/2022\/09\/cropped-Copia_de_Logo_Logotipo_de_flores_Acuarela_Floral_Pastel_rosa-removebg-preview.png\",\"width\":500,\"height\":257,\"caption\":\"UNIVERSO SHIH-TZU\"},\"image\":{\"@id\":\"https:\/\/www.parashihtzu.top\/#\/schema\/logo\/image\/\"}}]}<\/script>\n<!-- \/ Yoast SEO plugin. -->","yoast_head_json":{"title":"Los 5 mejores juguetes para perros - UNIVERSO SHIH-TZU","description":"Selecci\u00f3n de los cinco mejores juguetes para tu perro. Sea cual sea su raza, peque\u00f1a o grande. Crea v\u00ednculo a trav\u00e9s del juego con tu perro!","robots":{"index":"index","follow":"follow","max-snippet":"max-snippet:-1","max-image-preview":"max-image-preview:large","max-video-preview":"max-video-preview:-1"},"canonical":"https:\/\/www.parashihtzu.top\/index.php\/los-5-mejores-juguetes-para-perros\/","og_locale":"es_ES","og_type":"article","og_title":"Los 5 mejores juguetes para perros - UNIVERSO SHIH-TZU","og_description":"Selecci\u00f3n de los cinco mejores juguetes para tu perro. Sea cual sea su raza, peque\u00f1a o grande. Crea v\u00ednculo a trav\u00e9s del juego con tu perro!","og_url":"https:\/\/www.parashihtzu.top\/index.php\/los-5-mejores-juguetes-para-perros\/","og_site_name":"UNIVERSO SHIH-TZU","article_modified_time":"2022-12-29T21:13:11+00:00","og_image":[{"url":"https:\/\/www.parashihtzu.top\/wp-content\/uploads\/2022\/12\/PELOTA-MORDEDOR-300x300.webp"}],"twitter_card":"summary_large_image","twitter_misc":{"Tiempo de lectura":"6 minutos"},"schema":{"@context":"https:\/\/schema.org","@graph":[{"@type":"WebPage","@id":"https:\/\/www.parashihtzu.top\/index.php\/los-5-mejores-juguetes-para-perros\/","url":"https:\/\/www.parashihtzu.top\/index.php\/los-5-mejores-juguetes-para-perros\/","name":"Los 5 mejores juguetes para perros - UNIVERSO SHIH-TZU","isPartOf":{"@id":"https:\/\/www.parashihtzu.top\/#website"},"datePublished":"2022-12-23T16:13:10+00:00","dateModified":"2022-12-29T21:13:11+00:00","description":"Selecci\u00f3n de los cinco mejores juguetes para tu perro. Sea cual sea su raza, peque\u00f1a o grande. Crea v\u00ednculo a trav\u00e9s del juego con tu perro!","breadcrumb":{"@id":"https:\/\/www.parashihtzu.top\/index.php\/los-5-mejores-juguetes-para-perros\/#breadcrumb"},"inLanguage":"es","potentialAction":[{"@type":"ReadAction","target":["https:\/\/www.parashihtzu.top\/index.php\/los-5-mejores-juguetes-para-perros\/"]}]},{"@type":"BreadcrumbList","@id":"https:\/\/www.parashihtzu.top\/index.php\/los-5-mejores-juguetes-para-perros\/#breadcrumb","itemListElement":[{"@type":"ListItem","position":1,"name":"Portada","item":"https:\/\/www.parashihtzu.top\/"},{"@type":"ListItem","position":2,"name":"Los 5 mejores juguetes para perros"}]},{"@type":"WebSite","@id":"https:\/\/www.parashihtzu.top\/#website","url":"https:\/\/www.parashihtzu.top\/","name":"UNIVERSO SHIH-TZU","description":"Web sobre la raza SHIHTZU con productos e informaci&oacute;n","publisher":{"@id":"https:\/\/www.parashihtzu.top\/#organization"},"potentialAction":[{"@type":"SearchAction","target":{"@type":"EntryPoint","urlTemplate":"https:\/\/www.parashihtzu.top\/?s={search_term_string}"},"query-input":"required name=search_term_string"}],"inLanguage":"es"},{"@type":"Organization","@id":"https:\/\/www.parashihtzu.top\/#organization","name":"UNIVERSO SHIH-TZU","url":"https:\/\/www.parashihtzu.top\/","logo":{"@type":"ImageObject","inLanguage":"es","@id":"https:\/\/www.parashihtzu.top\/#\/schema\/logo\/image\/","url":"https:\/\/www.parashihtzu.top\/wp-content\/uploads\/2022\/09\/cropped-Copia_de_Logo_Logotipo_de_flores_Acuarela_Floral_Pastel_rosa-removebg-preview.png","contentUrl":"https:\/\/www.parashihtzu.top\/wp-content\/uploads\/2022\/09\/cropped-Copia_de_Logo_Logotipo_de_flores_Acuarela_Floral_Pastel_rosa-removebg-preview.png","width":500,"height":257,"caption":"UNIVERSO SHIH-TZU"},"image":{"@id":"https:\/\/www.parashihtzu.top\/#\/schema\/logo\/image\/"}}]}},"_links":{"self":[{"href":"https:\/\/www.parashihtzu.top\/index.php\/wp-json\/wp\/v2\/pages\/351"}],"collection":[{"href":"https:\/\/www.parashihtzu.top\/index.php\/wp-json\/wp\/v2\/pages"}],"about":[{"href":"https:\/\/www.parashihtzu.top\/index.php\/wp-json\/wp\/v2\/types\/page"}],"author":[{"embeddable":true,"href":"https:\/\/www.parashihtzu.top\/index.php\/wp-json\/wp\/v2\/users\/1"}],"replies":[{"embeddable":true,"href":"https:\/\/www.parashihtzu.top\/index.php\/wp-json\/wp\/v2\/comments?post=351"}],"version-history":[{"count":5,"href":"https:\/\/www.parashihtzu.top\/index.php\/wp-json\/wp\/v2\/pages\/351\/revisions"}],"predecessor-version":[{"id":640,"href":"https:\/\/www.parashihtzu.top\/index.php\/wp-json\/wp\/v2\/pages\/351\/revisions\/640"}],"wp:attachment":[{"href":"https:\/\/www.parashihtzu.top\/index.php\/wp-json\/wp\/v2\/media?parent=351"}],"curies":[{"name":"wp","href":"https:\/\/api.w.org\/{rel}","templated":true}]}}