{"id":372,"date":"2020-05-16T21:14:17","date_gmt":"2020-05-16T21:14:17","guid":{"rendered":"https:\/\/www.parashihtzu.top\/?page_id=372"},"modified":"2020-05-24T18:58:53","modified_gmt":"2020-05-24T18:58:53","slug":"pasos-a-seguir-para-adoptar-un-perro","status":"publish","type":"page","link":"https:\/\/www.parashihtzu.top\/index.php\/pasos-a-seguir-para-adoptar-un-perro\/","title":{"rendered":"PASOS A SEGUIR PARA ADOPTAR UN PERRO"},"content":{"rendered":"\n<figure><iframe src=\"\/\/rcm-na.amazon-adsystem.com\/e\/cm?o=1&amp;p=48&amp;l=ez&amp;f=ifr&amp;linkID=8b1a2217f821bc7018c8257e95304f65&amp;t=jennifergar00-20&amp;tracking_id=jennifergar00-20\" width=\"728\" height=\"90\"><\/iframe><\/figure>\n\n\n\n<p>Adoptar a un perro o a cualquier animal es un acto de generosidad pero ello tambi\u00e9n implica responsabilidad. Si est\u00e1s pensando en adoptar un perro pero no sabes ni por donde empezar te dejar\u00e9 detallados unos sencillos pasos para que la b\u00fasqueda de este nuevo integrante de la familia sea m\u00e1s f\u00e1cil. <\/p>\n\n\n\n<p>El abandono es una lacra que persigue a nuestra sociedad por lo que si adoptas estar\u00e1s dando una mejor vida a estos animales <\/p>\n\n\n\n<p>Pasos a seguir para adoptar un perro:<\/p>\n\n\n\n<h2>A TENER EN CUENTA ANTES DE ADOPTAR UN PERRO<\/h2>\n\n\n\n<ul><li>Necesitas reflexionar y meditar sobre si realmente te encuentras preparado para asumir esta nueva responsabilidad.<\/li><li>Piensa si podr\u00e1s ofrecer a tu nuevo amigo, buena actividad f\u00edsica, una dieta sana y equilibrada, estimulaci\u00f3n mental, medicina preventiva y el mejor de los ambientes <\/li><li>Debes tener en cuenta que necesitar\u00e1s tiempo, dedicaci\u00f3n, paciencia y solvencia econ\u00f3mica <\/li><\/ul>\n\n\n\n<h2>\u00bfDONDE ADOPTAR UN PERRO?<\/h2>\n\n\n\n<p>Si ya has meditado bien y has tenido en cuenta todos los puntos anteriores, toca pensar donde vas a encontrar a tu perro. Se recomienda acudir a una protectora, un albergue o bien un centro de acogida para animales de compa\u00f1\u00eda. Estos lugares se encargan de asegurar que los perros se encuentren en buenas condiciones. Tienen profesionales y voluntarios que se encargar\u00e1n de ayudarte a elegir el perro que mejor se vaya a adaptar a tu estilo de vida y orientarte en el proceso de adopci\u00f3n y adaptaci\u00f3n de tu mascota. Puedes mirar en asociaciones o protectoras de tu lugar de residencia <\/p>\n\n\n\n<p>Tambi\u00e9n puedes encontrar a particulares que dan en adopci\u00f3n a perros rescatados de la calle o a cachorros de sus propios perros, pero en este caso el procedimiento es informal, de manera que no cuentas con el respaldo de ninguna asociaci\u00f3n ni de profesionales especializados<\/p>\n\n\n\n<div class=\"wp-block-image\"><figure class=\"aligncenter size-medium\"><img width=\"300\" height=\"200\" src=\"https:\/\/www.parashihtzu.top\/wp-content\/uploads\/2020\/05\/dog-2785077_1920-300x200.jpg\" alt=\"shih tzu relajado\" class=\"wp-image-373\" srcset=\"https:\/\/www.parashihtzu.top\/wp-content\/uploads\/2020\/05\/dog-2785077_1920-300x200.jpg 300w, https:\/\/www.parashihtzu.top\/wp-content\/uploads\/2020\/05\/dog-2785077_1920-1024x683.jpg 1024w, https:\/\/www.parashihtzu.top\/wp-content\/uploads\/2020\/05\/dog-2785077_1920-768x512.jpg 768w, https:\/\/www.parashihtzu.top\/wp-content\/uploads\/2020\/05\/dog-2785077_1920-1536x1024.jpg 1536w, https:\/\/www.parashihtzu.top\/wp-content\/uploads\/2020\/05\/dog-2785077_1920-640x427.jpg 640w, https:\/\/www.parashihtzu.top\/wp-content\/uploads\/2020\/05\/dog-2785077_1920.jpg 1920w\" sizes=\"(max-width: 300px) 100vw, 300px\" \/><\/figure><\/div>\n\n\n\n<h2>REQUISITOS PARA ADOPTAR UN PERRO<\/h2>\n\n\n\n<p>Pueden variar en funci\u00f3n del pa\u00eds o regi\u00f3n en la que vivas o tambi\u00e9n pueden depender de las normativas de cada centro. No obstante te dejo los requisitos fundamentales detallados:<\/p>\n\n\n\n<ul><li>Ser <strong>Mayor de edad<\/strong><\/li><li>Rellenar <strong>cuestionario de pre-adopci\u00f3n<\/strong>; para hacer un registro y conocer m\u00e1s tu estilo de vida, rutinas y caracter\u00edsticas<\/li><li>Hacer una entrevista inicial y visita a tu hogar; La finalidad de esto es constatar si puedes aportar a la vida del perro un entorno positivo<\/li><li>En caso que tu <strong>solicitud<\/strong> sea <strong>aprobada<\/strong>, es posible te pidan m\u00e1s datos de contacto para poder llevar a cabo un seguimiento mas fluido contigo en el proceso y adaptaci\u00f3n de tu perro al nuevo hogar<\/li><li><strong>Firma del contrato de adopci\u00f3n<\/strong>; este documento formalizar\u00e1 la adopci\u00f3n y debe contener los datos del nuevo tutor, de la protectora y del perro adoptado. Tambi\u00e9n debe contener las clausulas b\u00e1sicas que orientan en este proceso y las responsabilidades implicadas con la nueva adopci\u00f3n para evitar casos de maltrato, abandono o negligencia<\/li><li><strong>Pago<\/strong>: En muchos pa\u00edses como en Espa\u00f1a el pago es simb\u00f3lico y ayuda a que estas protectoras puedan seguir ayudando a m\u00e1s animales en situaci\u00f3n de desamparo <\/li><li><strong>Traslado de perro a su nuevo hogar<\/strong>; muchas de las protectoras asume el traslado de este nuevo perrito a su nuevo hogar<\/li><li>En algunos casos, la protectora puede programar <strong>visitas peri\u00f3dicas<\/strong> para constatar que el proceso de adaptaci\u00f3n a su nuevo hogar es el \u00f3ptimo y que recibe los cuidados adecuados<\/li><\/ul>\n\n\n\n<h2>ADOPCI\u00d3N DE UN CACHORRO<\/h2>\n\n\n\n<p>Muchas personas prefieren adoptar un cachorro porque piensan que son mas f\u00e1ciles de adiestrar, sin embargo hay que recordar que todos los perros pueden ser adiestrados y socializados con los refuerzos positivos, con paciencia y afecto.<\/p>\n\n\n\n<p>De todas formas si vas a adoptar un perro de menos de un a\u00f1o, las protectoras pueden tener unos requisitos especiales; puede que el valor econ\u00f3mico del tr\u00e1mite sea algo superior o que tengan ciertas restricciones para evitar accidentes y favorecer la adaptaci\u00f3n del cachorro, como puede ser la de no entregar cachorros de menos de 5 meses a familias con hijos muy peque\u00f1os <\/p>\n\n\n\n<p>Por otro lado la mayor\u00eda de las protectoras obligan a los futuros tutores a comprometerse a esterilizar o castrar cuando sea el momento adecuado, es m\u00e1s este compromiso pueden hacerlo constar en el contrato de adopci\u00f3n. Adem\u00e1s disponen de cl\u00ednicas ya asociadas, para llevar a cabo esta intervenci\u00f3n<\/p>\n\n\n\n<div class=\"wp-block-image\"><figure class=\"aligncenter size-medium\"><img width=\"300\" height=\"200\" src=\"https:\/\/www.parashihtzu.top\/wp-content\/uploads\/2020\/05\/adorable-3344414_1920-300x200.jpg\" alt=\"perro cachorro\" class=\"wp-image-374\" srcset=\"https:\/\/www.parashihtzu.top\/wp-content\/uploads\/2020\/05\/adorable-3344414_1920-300x200.jpg 300w, https:\/\/www.parashihtzu.top\/wp-content\/uploads\/2020\/05\/adorable-3344414_1920-1024x683.jpg 1024w, https:\/\/www.parashihtzu.top\/wp-content\/uploads\/2020\/05\/adorable-3344414_1920-768x512.jpg 768w, https:\/\/www.parashihtzu.top\/wp-content\/uploads\/2020\/05\/adorable-3344414_1920-1536x1025.jpg 1536w, https:\/\/www.parashihtzu.top\/wp-content\/uploads\/2020\/05\/adorable-3344414_1920-640x427.jpg 640w, https:\/\/www.parashihtzu.top\/wp-content\/uploads\/2020\/05\/adorable-3344414_1920.jpg 1920w\" sizes=\"(max-width: 300px) 100vw, 300px\" \/><\/figure><\/div>\n\n\n\n<h2>ADOPCI\u00d3N DE UN PERRO ADULTO <\/h2>\n\n\n\n<p>Muchos perros adultos son rescatados de la calles o bien han sufrido maltrato por los humanos. Estos perros han aprendido a desconfiar para mantenerse a salvo ya que han sufrido la crueldad humana. Por ellos has de ser consciente al adoptar a un perro adulto o anciano que debes tener paciencia y sobretodo much\u00edsimo afecto para que se vaya adaptando poco a poco.<\/p>\n\n\n\n<p>En general los perros adultos se entregan ya esterilizados y el tiempo que puede llevar su adaptaci\u00f3n no se puede saber porque cada animal tiene su historia detr\u00e1s pero siempre ser\u00e1 un proceso lento y gradual. Lo importante es ser paciente y constante para poder ganarte poco a poco la confianza de nuestro nuevo amigo y conseguir que se sienta seguro en su nuevo hogar. Cuando nuestro perro se sienta seguro en su casa ser\u00e1 el momento de trabajar su educaci\u00f3n y socializaci\u00f3n. IMPORTANTE! la protectora o asociaci\u00f3n debe haber informado del historial del perro, si ha presentado problemas de conducta o si necesita ser atendido por un veterinario. <\/p>\n\n\n\n<p>Si consideras que es necesario siempre se puede recurrir a un educados canino.<\/p>\n\n\n\n<p>Si has escogido esta opci\u00f3n para tener un nuevo amigo de cuatro patas en casa, no olvides que estar\u00e1s dando una segunda oportunidad a un amigo siempre fiel <\/p>\n","protected":false},"excerpt":{"rendered":"<p>Adoptar a un perro o a cualquier animal es un acto de generosidad pero ello tambi\u00e9n implica responsabilidad. Si est\u00e1s pensando en adoptar un perro pero no sabes ni por donde empezar te dejar\u00e9 detallados unos sencillos pasos para que la b\u00fasqueda de este nuevo integrante de la familia sea m\u00e1s f\u00e1cil. El abandono es [&hellip;]<\/p>\n","protected":false},"author":1,"featured_media":373,"parent":0,"menu_order":0,"comment_status":"closed","ping_status":"closed","template":"","meta":[],"yoast_head":"<!-- This site is optimized with the Yoast SEO plugin v20.0 - https:\/\/yoast.com\/wordpress\/plugins\/seo\/ -->\n<title>PASOS A SEGUIR PARA ADOPTAR UN PERRO - UNIVERSO SHIH-TZU<\/title>\n<meta name=\"description\" content=\"\u2705Quieres adoptar a un perro pero no sabes ni por donde empezar? te dejar\u00e9 detallado unos sencillos pasos para que la b\u00fasqueda sea f\u00e1cil. ENTRA Y DESC\u00daBRELO\ud83d\udc48\ud83c\udffb\" \/>\n<meta name=\"robots\" content=\"index, follow, max-snippet:-1, max-image-preview:large, max-video-preview:-1\" \/>\n<link rel=\"canonical\" href=\"https:\/\/www.parashihtzu.top\/index.php\/pasos-a-seguir-para-adoptar-un-perro\/\" \/>\n<meta property=\"og:locale\" content=\"es_ES\" \/>\n<meta property=\"og:type\" content=\"article\" \/>\n<meta property=\"og:title\" content=\"PASOS A SEGUIR PARA ADOPTAR UN PERRO - UNIVERSO SHIH-TZU\" \/>\n<meta property=\"og:description\" content=\"\u2705Quieres adoptar a un perro pero no sabes ni por donde empezar? te dejar\u00e9 detallado unos sencillos pasos para que la b\u00fasqueda sea f\u00e1cil. ENTRA Y DESC\u00daBRELO\ud83d\udc48\ud83c\udffb\" \/>\n<meta property=\"og:url\" content=\"https:\/\/www.parashihtzu.top\/index.php\/pasos-a-seguir-para-adoptar-un-perro\/\" \/>\n<meta property=\"og:site_name\" content=\"UNIVERSO SHIH-TZU\" \/>\n<meta property=\"article:modified_time\" content=\"2020-05-24T18:58:53+00:00\" \/>\n<meta property=\"og:image\" content=\"https:\/\/www.parashihtzu.top\/wp-content\/uploads\/2020\/05\/dog-2785077_1920.jpg\" \/>\n\t<meta property=\"og:image:width\" content=\"1920\" \/>\n\t<meta property=\"og:image:height\" content=\"1280\" \/>\n\t<meta property=\"og:image:type\" content=\"image\/jpeg\" \/>\n<meta name=\"twitter:card\" content=\"summary_large_image\" \/>\n<meta name=\"twitter:label1\" content=\"Tiempo de lectura\" \/>\n\t<meta name=\"twitter:data1\" content=\"5 minutos\" \/>\n<script type=\"application\/ld+json\" class=\"yoast-schema-graph\">{\"@context\":\"https:\/\/schema.org\",\"@graph\":[{\"@type\":\"WebPage\",\"@id\":\"https:\/\/www.parashihtzu.top\/index.php\/pasos-a-seguir-para-adoptar-un-perro\/\",\"url\":\"https:\/\/www.parashihtzu.top\/index.php\/pasos-a-seguir-para-adoptar-un-perro\/\",\"name\":\"PASOS A SEGUIR PARA ADOPTAR UN PERRO - UNIVERSO SHIH-TZU\",\"isPartOf\":{\"@id\":\"https:\/\/www.parashihtzu.top\/#website\"},\"datePublished\":\"2020-05-16T21:14:17+00:00\",\"dateModified\":\"2020-05-24T18:58:53+00:00\",\"description\":\"\u2705Quieres adoptar a un perro pero no sabes ni por donde empezar? te dejar\u00e9 detallado unos sencillos pasos para que la b\u00fasqueda sea f\u00e1cil. ENTRA Y DESC\u00daBRELO\ud83d\udc48\ud83c\udffb\",\"breadcrumb\":{\"@id\":\"https:\/\/www.parashihtzu.top\/index.php\/pasos-a-seguir-para-adoptar-un-perro\/#breadcrumb\"},\"inLanguage\":\"es\",\"potentialAction\":[{\"@type\":\"ReadAction\",\"target\":[\"https:\/\/www.parashihtzu.top\/index.php\/pasos-a-seguir-para-adoptar-un-perro\/\"]}]},{\"@type\":\"BreadcrumbList\",\"@id\":\"https:\/\/www.parashihtzu.top\/index.php\/pasos-a-seguir-para-adoptar-un-perro\/#breadcrumb\",\"itemListElement\":[{\"@type\":\"ListItem\",\"position\":1,\"name\":\"Portada\",\"item\":\"https:\/\/www.parashihtzu.top\/\"},{\"@type\":\"ListItem\",\"position\":2,\"name\":\"PASOS A SEGUIR PARA ADOPTAR UN PERRO\"}]},{\"@type\":\"WebSite\",\"@id\":\"https:\/\/www.parashihtzu.top\/#website\",\"url\":\"https:\/\/www.parashihtzu.top\/\",\"name\":\"UNIVERSO SHIH-TZU\",\"description\":\"Web sobre la raza SHIHTZU con productos e informaci&oacute;n\",\"publisher\":{\"@id\":\"https:\/\/www.parashihtzu.top\/#organization\"},\"potentialAction\":[{\"@type\":\"SearchAction\",\"target\":{\"@type\":\"EntryPoint\",\"urlTemplate\":\"https:\/\/www.parashihtzu.top\/?s={search_term_string}\"},\"query-input\":\"required name=search_term_string\"}],\"inLanguage\":\"es\"},{\"@type\":\"Organization\",\"@id\":\"https:\/\/www.parashihtzu.top\/#organization\",\"name\":\"UNIVERSO SHIH-TZU\",\"url\":\"https:\/\/www.parashihtzu.top\/\",\"logo\":{\"@type\":\"ImageObject\",\"inLanguage\":\"es\",\"@id\":\"https:\/\/www.parashihtzu.top\/#\/schema\/logo\/image\/\",\"url\":\"https:\/\/www.parashihtzu.top\/wp-content\/uploads\/2022\/09\/cropped-Copia_de_Logo_Logotipo_de_flores_Acuarela_Floral_Pastel_rosa-removebg-preview.png\",\"contentUrl\":\"https:\/\/www.parashihtzu.top\/wp-content\/uploads\/2022\/09\/cropped-Copia_de_Logo_Logotipo_de_flores_Acuarela_Floral_Pastel_rosa-removebg-preview.png\",\"width\":500,\"height\":257,\"caption\":\"UNIVERSO SHIH-TZU\"},\"image\":{\"@id\":\"https:\/\/www.parashihtzu.top\/#\/schema\/logo\/image\/\"}}]}<\/script>\n<!-- \/ Yoast SEO plugin. -->","yoast_head_json":{"title":"PASOS A SEGUIR PARA ADOPTAR UN PERRO - UNIVERSO SHIH-TZU","description":"\u2705Quieres adoptar a un perro pero no sabes ni por donde empezar? te dejar\u00e9 detallado unos sencillos pasos para que la b\u00fasqueda sea f\u00e1cil. ENTRA Y DESC\u00daBRELO\ud83d\udc48\ud83c\udffb","robots":{"index":"index","follow":"follow","max-snippet":"max-snippet:-1","max-image-preview":"max-image-preview:large","max-video-preview":"max-video-preview:-1"},"canonical":"https:\/\/www.parashihtzu.top\/index.php\/pasos-a-seguir-para-adoptar-un-perro\/","og_locale":"es_ES","og_type":"article","og_title":"PASOS A SEGUIR PARA ADOPTAR UN PERRO - UNIVERSO SHIH-TZU","og_description":"\u2705Quieres adoptar a un perro pero no sabes ni por donde empezar? te dejar\u00e9 detallado unos sencillos pasos para que la b\u00fasqueda sea f\u00e1cil. ENTRA Y DESC\u00daBRELO\ud83d\udc48\ud83c\udffb","og_url":"https:\/\/www.parashihtzu.top\/index.php\/pasos-a-seguir-para-adoptar-un-perro\/","og_site_name":"UNIVERSO SHIH-TZU","article_modified_time":"2020-05-24T18:58:53+00:00","og_image":[{"width":1920,"height":1280,"url":"https:\/\/www.parashihtzu.top\/wp-content\/uploads\/2020\/05\/dog-2785077_1920.jpg","type":"image\/jpeg"}],"twitter_card":"summary_large_image","twitter_misc":{"Tiempo de lectura":"5 minutos"},"schema":{"@context":"https:\/\/schema.org","@graph":[{"@type":"WebPage","@id":"https:\/\/www.parashihtzu.top\/index.php\/pasos-a-seguir-para-adoptar-un-perro\/","url":"https:\/\/www.parashihtzu.top\/index.php\/pasos-a-seguir-para-adoptar-un-perro\/","name":"PASOS A SEGUIR PARA ADOPTAR UN PERRO - UNIVERSO SHIH-TZU","isPartOf":{"@id":"https:\/\/www.parashihtzu.top\/#website"},"datePublished":"2020-05-16T21:14:17+00:00","dateModified":"2020-05-24T18:58:53+00:00","description":"\u2705Quieres adoptar a un perro pero no sabes ni por donde empezar? te dejar\u00e9 detallado unos sencillos pasos para que la b\u00fasqueda sea f\u00e1cil. ENTRA Y DESC\u00daBRELO\ud83d\udc48\ud83c\udffb","breadcrumb":{"@id":"https:\/\/www.parashihtzu.top\/index.php\/pasos-a-seguir-para-adoptar-un-perro\/#breadcrumb"},"inLanguage":"es","potentialAction":[{"@type":"ReadAction","target":["https:\/\/www.parashihtzu.top\/index.php\/pasos-a-seguir-para-adoptar-un-perro\/"]}]},{"@type":"BreadcrumbList","@id":"https:\/\/www.parashihtzu.top\/index.php\/pasos-a-seguir-para-adoptar-un-perro\/#breadcrumb","itemListElement":[{"@type":"ListItem","position":1,"name":"Portada","item":"https:\/\/www.parashihtzu.top\/"},{"@type":"ListItem","position":2,"name":"PASOS A SEGUIR PARA ADOPTAR UN PERRO"}]},{"@type":"WebSite","@id":"https:\/\/www.parashihtzu.top\/#website","url":"https:\/\/www.parashihtzu.top\/","name":"UNIVERSO SHIH-TZU","description":"Web sobre la raza SHIHTZU con productos e informaci&oacute;n","publisher":{"@id":"https:\/\/www.parashihtzu.top\/#organization"},"potentialAction":[{"@type":"SearchAction","target":{"@type":"EntryPoint","urlTemplate":"https:\/\/www.parashihtzu.top\/?s={search_term_string}"},"query-input":"required name=search_term_string"}],"inLanguage":"es"},{"@type":"Organization","@id":"https:\/\/www.parashihtzu.top\/#organization","name":"UNIVERSO SHIH-TZU","url":"https:\/\/www.parashihtzu.top\/","logo":{"@type":"ImageObject","inLanguage":"es","@id":"https:\/\/www.parashihtzu.top\/#\/schema\/logo\/image\/","url":"https:\/\/www.parashihtzu.top\/wp-content\/uploads\/2022\/09\/cropped-Copia_de_Logo_Logotipo_de_flores_Acuarela_Floral_Pastel_rosa-removebg-preview.png","contentUrl":"https:\/\/www.parashihtzu.top\/wp-content\/uploads\/2022\/09\/cropped-Copia_de_Logo_Logotipo_de_flores_Acuarela_Floral_Pastel_rosa-removebg-preview.png","width":500,"height":257,"caption":"UNIVERSO SHIH-TZU"},"image":{"@id":"https:\/\/www.parashihtzu.top\/#\/schema\/logo\/image\/"}}]}},"_links":{"self":[{"href":"https:\/\/www.parashihtzu.top\/index.php\/wp-json\/wp\/v2\/pages\/372"}],"collection":[{"href":"https:\/\/www.parashihtzu.top\/index.php\/wp-json\/wp\/v2\/pages"}],"about":[{"href":"https:\/\/www.parashihtzu.top\/index.php\/wp-json\/wp\/v2\/types\/page"}],"author":[{"embeddable":true,"href":"https:\/\/www.parashihtzu.top\/index.php\/wp-json\/wp\/v2\/users\/1"}],"replies":[{"embeddable":true,"href":"https:\/\/www.parashihtzu.top\/index.php\/wp-json\/wp\/v2\/comments?post=372"}],"version-history":[{"count":2,"href":"https:\/\/www.parashihtzu.top\/index.php\/wp-json\/wp\/v2\/pages\/372\/revisions"}],"predecessor-version":[{"id":390,"href":"https:\/\/www.parashihtzu.top\/index.php\/wp-json\/wp\/v2\/pages\/372\/revisions\/390"}],"wp:featuredmedia":[{"embeddable":true,"href":"https:\/\/www.parashihtzu.top\/index.php\/wp-json\/wp\/v2\/media\/373"}],"wp:attachment":[{"href":"https:\/\/www.parashihtzu.top\/index.php\/wp-json\/wp\/v2\/media?parent=372"}],"curies":[{"name":"wp","href":"https:\/\/api.w.org\/{rel}","templated":true}]}}