{"id":433,"date":"2020-08-13T20:11:47","date_gmt":"2020-08-13T20:11:47","guid":{"rendered":"https:\/\/www.parashihtzu.top\/?page_id=433"},"modified":"2020-08-13T20:11:50","modified_gmt":"2020-08-13T20:11:50","slug":"viajar-con-shihtzu-en-coche","status":"publish","type":"page","link":"https:\/\/www.parashihtzu.top\/index.php\/viajar-con-shihtzu-en-coche\/","title":{"rendered":"VIAJAR CON UN SHIHTZU EN COCHE"},"content":{"rendered":"\n<div class=\"wp-block-image\"><figure class=\"aligncenter size-large is-resized\"><img src=\"https:\/\/www.parashihtzu.top\/wp-content\/uploads\/2020\/08\/20200813_210700_0000-801x1024.png\" alt=\"shihtzu en coche\" class=\"wp-image-434\" width=\"356\" height=\"455\" srcset=\"https:\/\/www.parashihtzu.top\/wp-content\/uploads\/2020\/08\/20200813_210700_0000-801x1024.png 801w, https:\/\/www.parashihtzu.top\/wp-content\/uploads\/2020\/08\/20200813_210700_0000-235x300.png 235w, https:\/\/www.parashihtzu.top\/wp-content\/uploads\/2020\/08\/20200813_210700_0000-768x981.png 768w, https:\/\/www.parashihtzu.top\/wp-content\/uploads\/2020\/08\/20200813_210700_0000-640x818.png 640w, https:\/\/www.parashihtzu.top\/wp-content\/uploads\/2020\/08\/20200813_210700_0000.png 1080w\" sizes=\"(max-width: 356px) 100vw, 356px\" \/><figcaption>Foto cortes\u00eda de @lilothepuppy<br>Shihtzu viajando en coche<\/figcaption><\/figure><\/div>\n\n\n\n<p>Seg\u00fan una encuesta realizada por la RACE el 82% de las mascotas viajan en coche y de los conductores, due\u00f1os de animales de compa\u00f1\u00eda, el 50% no conoce las normas para viajar con mascotas.. son datos que dan que pensar, por lo que es conveniente que antes de viajar con nuestro perro en coche, sepamos  que medidas preventivas debemos tomar para comodidad y sobretodo para seguridad de nuestro perro y la de nosotros.<\/p>\n\n\n\n<p>Un animal multiplica por 35 su peso en caso de accidente cuando se circula a 50 km\/h.  con el consiguiente peligro para nuestra mascota como para los pasajeros<\/p>\n\n\n\n<p>El no llevar las medidas de seguridad convenientes tambi\u00e9n puede dar un susto a nuestro bolsillo ya que por ejemplo en Espa\u00f1a incumplir las normas conlleva  una&nbsp;<strong>multa de 80 euros<\/strong>&nbsp;\u2013sin retirada de puntos- cuando viajan sin la adecuada sujeci\u00f3n para evitar que interfieran en la conducci\u00f3n. <\/p>\n\n\n\n<h3 class=\"has-text-align-center\">RECOMENDACIONES ANTES DE VIAJAR CON UN PERRO<\/h3>\n\n\n\n<ul><li>Las recomendaciones no resultan estar muy alejadas de las propias recomendaciones que le podr\u00edamos hacer a una persona antes de viajar, siempre se busca la mayor comodidad de nuestro shihtzu y por ello aqu\u00ed te dejo algunas recomendaciones b\u00e1sicas a tener en cuenta. <\/li><\/ul>\n\n\n\n<ul><li>No debes dar de comer al perro justo antes&nbsp;de salir de viaje, puede que a\u00fan no lo sepas pero muchos se marean y es f\u00e1cil que acaben vomitando a la primera curva. Deja pasar unas cuantas horas entre la \u00faltima comida y el viaje.&nbsp;<\/li><\/ul>\n\n\n\n<ul><li>Llevar agua (MUY IMPORTANTE) e ir haciendo paradas si el trayecto va a ser muy lago&nbsp;para que puedan hacer sus cosas, estirar las piernas y beber con tranquilidad.  Sobretodo si vas a viajar en verano has de estar muy pendiente no vaya a sufrir un golpe de calor <\/li><\/ul>\n\n\n\n<ul><li>Y cuando pares, mucho cuidado al abrir la puerta si has desatado antes a tu perro, est\u00e1n deseosos de salir y caminar un rato y te puedes llevar un gran susto si salta del coche y se va a la carretera&nbsp;<\/li><\/ul>\n\n\n\n<div class=\"wp-block-image\"><figure class=\"aligncenter size-large is-resized\"><img src=\"https:\/\/www.parashihtzu.top\/wp-content\/uploads\/2020\/08\/20200813_211142_0000-801x1024.png\" alt=\"shihtzu en coche\" class=\"wp-image-435\" width=\"279\" height=\"357\" srcset=\"https:\/\/www.parashihtzu.top\/wp-content\/uploads\/2020\/08\/20200813_211142_0000-801x1024.png 801w, https:\/\/www.parashihtzu.top\/wp-content\/uploads\/2020\/08\/20200813_211142_0000-235x300.png 235w, https:\/\/www.parashihtzu.top\/wp-content\/uploads\/2020\/08\/20200813_211142_0000-768x981.png 768w, https:\/\/www.parashihtzu.top\/wp-content\/uploads\/2020\/08\/20200813_211142_0000-640x818.png 640w, https:\/\/www.parashihtzu.top\/wp-content\/uploads\/2020\/08\/20200813_211142_0000.png 1080w\" sizes=\"(max-width: 279px) 100vw, 279px\" \/><figcaption>Pinterest<\/figcaption><\/figure><\/div>\n\n\n\n<h3 class=\"has-text-align-center\">SISTEMAS DE SEGURIDAD PARA PERROS EN COCHE <\/h3>\n\n\n\n<p>RACE y la DGT nos recomienda escoger entre los sistemas de sujeci\u00f3n que te comentamos a continuaci\u00f3n. Todos deben estar&nbsp;homologados mediante normas europeas, por ejemplo, ECE R17 o DIN 75410-2.<\/p>\n\n\n\n<h4>\u2611\ufe0f<strong>Arn\u00e9s y correa de doble anclaje<\/strong><\/h4>\n\n\n\n<p>Escoge un&nbsp;<strong>arn\u00e9s que tenga doble anclaje y una correa que se sujete por un lado al cintur\u00f3n o al isofix y por otro lado a los anclajes del arn\u00e9s<\/strong>. La medida de la correa debe ser corta para que, en caso de colisi\u00f3n, el perro no choque contra los asientos delanteros. Se recomienda el doble anclaje porque es m\u00e1s seguro en caso de que uno de los dos anclajes fallase.<\/p>\n\n\n\n<script type=\"text\/javascript\">\namzn_assoc_tracking_id = \"jennifergar00-20\";\namzn_assoc_ad_mode = \"manual\";\namzn_assoc_ad_type = \"smart\";\namzn_assoc_marketplace = \"amazon\";\namzn_assoc_region = \"US\";\namzn_assoc_design = \"enhanced_links\";\namzn_assoc_asins = \"B014W40TSW\";\namzn_assoc_placement = \"adunit\";\namzn_assoc_linkid = \"330ce3bd199a57592bc7111c7b221a68\";\n<\/script>\n<script src=\"\/\/z-na.amazon-adsystem.com\/widgets\/onejs?MarketPlace=US\"><\/script>\n\n\n\n<p>La opci\u00f3n de llevarle con la correa enganchada al collar no es seguro porque no retiene al peludo y supone un riesgo para \u00e9l y el resto de pasajeros.<\/p>\n\n\n\n<h4>\u2611\ufe0f <strong>Rejilla divisoria<\/strong> <strong>para perros grandes<\/strong><\/h4>\n\n\n\n<p>Se trata de una rejilla o malla que se coloca entre el maletero y los asientos traseros y permite habilitarlo para transportar con comodidad a animales de mayor tama\u00f1o.  \u00bfQuien no ha visto asomarse por la ventanilla trasera a alg\u00fan peludo? Este no seria el caso de nuestros shihtzu pero prefiero incluirlo por si ten\u00e9is varias mascotas. RACE recomienda las que van montadas<strong>&nbsp;desde el techo del veh\u00edculo al suelo del maletero<\/strong>&nbsp;y cumplen las normas DIN 75410-2.<\/p>\n\n\n\n<p>Os dejo un par de ejemplos pero hay muchas m\u00e1s opciones <\/p>\n\n\n\n<script type=\"text\/javascript\">\namzn_assoc_tracking_id = \"jennifergar00-20\";\namzn_assoc_ad_mode = \"manual\";\namzn_assoc_ad_type = \"smart\";\namzn_assoc_marketplace = \"amazon\";\namzn_assoc_region = \"US\";\namzn_assoc_design = \"enhanced_links\";\namzn_assoc_asins = \"B07RL61N8T\";\namzn_assoc_placement = \"adunit\";\namzn_assoc_linkid = \"5803fa7636ff8fd83a197cfb32e9fb34\";\n<\/script>\n<script src=\"\/\/z-na.amazon-adsystem.com\/widgets\/onejs?MarketPlace=US\"><\/script>\n\n\n\n<script type=\"text\/javascript\">\namzn_assoc_tracking_id = \"jennifergar00-20\";\namzn_assoc_ad_mode = \"manual\";\namzn_assoc_ad_type = \"smart\";\namzn_assoc_marketplace = \"amazon\";\namzn_assoc_region = \"US\";\namzn_assoc_design = \"enhanced_links\";\namzn_assoc_asins = \"B0752Z77WJ\";\namzn_assoc_placement = \"adunit\";\namzn_assoc_linkid = \"0d7579e1078010e762d5a6c8fd57c347\";\n<\/script>\n<script src=\"\/\/z-na.amazon-adsystem.com\/widgets\/onejs?MarketPlace=US\"><\/script>\n\n\n\n<h4>\u2611\ufe0f <strong>Transport\u00edn<\/strong> <strong>para perros peque\u00f1os<\/strong><\/h4>\n\n\n\n<p>El transport\u00edn es uno de los m\u00e9todos m\u00e1s seguros para viajar en coche con perro y su colocaci\u00f3n en el veh\u00edculo depender\u00e1 del tama\u00f1o del animal. Es ideal para nuestro shih tzu al ser de raza  peque\u00f1a pero tambi\u00e9n puede utilizarse para otras razas de perro m\u00e1s grande o otros animales<\/p>\n\n\n\n<p>Hay de muchos tipos: los r\u00edgidos recomendad\u00edsimos al 100% por su seguridad y adaptabilidad, los desmontables que a su vez pueden ser de tela o met\u00e1licos. M\u00e1s adelante os traer\u00e9 un art\u00edculo detallando cada uno sus ventajas <\/p>\n\n\n\n<ul><li><strong>Peque\u00f1as mascotas<\/strong>: Debe colocarse en el suelo del coche detr\u00e1s de los asientos delanteros (es decir, a los pies de los asientos traseros). Nunca debe colocarse sobre el asiento sujeto por un cintur\u00f3n de seguridad porque, en caso de colisi\u00f3n, si la caja se rompe la mascota pues salir despedida a trav\u00e9s de la pared del transport\u00edn.<\/li><li><strong>Perros de gran tama\u00f1o<\/strong>: El transport\u00edn debe colocarse lo m\u00e1s cerca posible del respaldo y en posici\u00f3n transversal respecto a la direcci\u00f3n de la marcha.<\/li><\/ul>\n\n\n\n<script type=\"text\/javascript\">\namzn_assoc_tracking_id = \"jennifergar00-20\";\namzn_assoc_ad_mode = \"manual\";\namzn_assoc_ad_type = \"smart\";\namzn_assoc_marketplace = \"amazon\";\namzn_assoc_region = \"US\";\namzn_assoc_design = \"enhanced_links\";\namzn_assoc_asins = \"B008AGV62M\";\namzn_assoc_placement = \"adunit\";\namzn_assoc_linkid = \"8721e4ba301526f0c9878bdb233752fc\";\n<\/script>\n<script src=\"\/\/z-na.amazon-adsystem.com\/widgets\/onejs?MarketPlace=US\"><\/script>\n\n\n\n<script type=\"text\/javascript\">\namzn_assoc_tracking_id = \"jennifergar00-20\";\namzn_assoc_ad_mode = \"manual\";\namzn_assoc_ad_type = \"smart\";\namzn_assoc_marketplace = \"amazon\";\namzn_assoc_region = \"US\";\namzn_assoc_design = \"enhanced_links\";\namzn_assoc_asins = \"B077Y89FLS\";\namzn_assoc_placement = \"adunit\";\namzn_assoc_linkid = \"81a08414ef73cbfa953aeaa58abccf62\";\n<\/script>\n<script src=\"\/\/z-na.amazon-adsystem.com\/widgets\/onejs?MarketPlace=US\"><\/script>\n\n\n\n<h3 class=\"has-text-align-center\">NORMATIVA EN ESPA\u00d1A SOBRE VIAJAR CON PERRO EN COCHE <\/h3>\n\n\n\n<p>Se hace referencia al art\u00edculo 18.1 del Reglamento General de Circulaci\u00f3n y se considera una infracci\u00f3n leve. Concretamente el texto de este art\u00edculo dice lo siguiente:<\/p>\n\n\n\n<p><em>\u201cEl conductor de un veh\u00edculo est\u00e1 obligado a mantener su propia libertad de movimientos, el campo necesario de visi\u00f3n y la atenci\u00f3n permanente a la conducci\u00f3n, que garanticen su propia seguridad, la del resto de los ocupantes del veh\u00edculo y la de los dem\u00e1s usuarios de la v\u00eda. A estos efectos, deber\u00e1 cuidar especialmente de mantener la posici\u00f3n adecuada y que la mantengan el resto de los pasajeros, y la adecuada colocaci\u00f3n de los objetos o animales transportados para que no haya interferencia entre el conductor y cualquiera de ellos\u201d.<\/em><\/p>\n\n\n\n<p>Esta misma normativa, en el art\u00edculo 3, considera infracci\u00f3n muy grave conducir de forma manifiestamente temeraria, y grave hacerlo de forma negligente creando una situaci\u00f3n de riesgo, algo que un agente de tr\u00e1fico de la Guardia Civil puede considerar si lo cree oportuno si el animal viaja en el regazo del conductor o totalmente suelto en el habit\u00e1culo. Estos casos conllevan&nbsp;<strong>multas de 500 euros y seis puntos en el carnet de conducir, o 200 euros<\/strong>, respectivamente.<\/p>\n\n\n\n<p>Es para pens\u00e1rselo dos veces antes de llevar suelto a nuestro shihtzu por el coche por muy peque\u00f1o que lo veamos <\/p>\n\n\n\n<div class=\"wp-block-image\"><figure class=\"aligncenter size-medium\"><img width=\"300\" height=\"300\" src=\"https:\/\/www.parashihtzu.top\/wp-content\/uploads\/2020\/08\/Screenshot_20200813-215330_Instagram-300x300.jpg\" alt=\"shihtzu viajando en coche\" class=\"wp-image-437\" srcset=\"https:\/\/www.parashihtzu.top\/wp-content\/uploads\/2020\/08\/Screenshot_20200813-215330_Instagram-300x300.jpg 300w, https:\/\/www.parashihtzu.top\/wp-content\/uploads\/2020\/08\/Screenshot_20200813-215330_Instagram-1020x1024.jpg 1020w, https:\/\/www.parashihtzu.top\/wp-content\/uploads\/2020\/08\/Screenshot_20200813-215330_Instagram-150x150.jpg 150w, https:\/\/www.parashihtzu.top\/wp-content\/uploads\/2020\/08\/Screenshot_20200813-215330_Instagram-768x771.jpg 768w, https:\/\/www.parashihtzu.top\/wp-content\/uploads\/2020\/08\/Screenshot_20200813-215330_Instagram-640x642.jpg 640w, https:\/\/www.parashihtzu.top\/wp-content\/uploads\/2020\/08\/Screenshot_20200813-215330_Instagram-144x144.jpg 144w, https:\/\/www.parashihtzu.top\/wp-content\/uploads\/2020\/08\/Screenshot_20200813-215330_Instagram.jpg 1079w\" sizes=\"(max-width: 300px) 100vw, 300px\" \/><figcaption>Foto cortes\u00eda de @simon_hagiwara<\/figcaption><\/figure><\/div>\n","protected":false},"excerpt":{"rendered":"<p>Seg\u00fan una encuesta realizada por la RACE el 82% de las mascotas viajan en coche y de los conductores, due\u00f1os de animales de compa\u00f1\u00eda, el 50% no conoce las normas para viajar con mascotas.. son datos que dan que pensar, por lo que es conveniente que antes de viajar con nuestro perro en coche, sepamos [&hellip;]<\/p>\n","protected":false},"author":1,"featured_media":0,"parent":0,"menu_order":0,"comment_status":"closed","ping_status":"closed","template":"","meta":[],"yoast_head":"<!-- This site is optimized with the Yoast SEO plugin v20.0 - https:\/\/yoast.com\/wordpress\/plugins\/seo\/ -->\n<title>VIAJAR CON UN SHIHTZU EN COCHE - UNIVERSO SHIH-TZU<\/title>\n<meta name=\"description\" content=\"\u2611\ufe0f Entra aqu\u00ed para saber todas las recomendaciones, normativa y productos antes de viajar con tu perro en coche \u2611\ufe0f Disfruta de tus vacaciones con \u00e9l\" \/>\n<meta name=\"robots\" content=\"index, follow, max-snippet:-1, max-image-preview:large, max-video-preview:-1\" \/>\n<link rel=\"canonical\" href=\"https:\/\/www.parashihtzu.top\/index.php\/viajar-con-shihtzu-en-coche\/\" \/>\n<meta property=\"og:locale\" content=\"es_ES\" \/>\n<meta property=\"og:type\" content=\"article\" \/>\n<meta property=\"og:title\" content=\"VIAJAR CON UN SHIHTZU EN COCHE - UNIVERSO SHIH-TZU\" \/>\n<meta property=\"og:description\" content=\"\u2611\ufe0f Entra aqu\u00ed para saber todas las recomendaciones, normativa y productos antes de viajar con tu perro en coche \u2611\ufe0f Disfruta de tus vacaciones con \u00e9l\" \/>\n<meta property=\"og:url\" content=\"https:\/\/www.parashihtzu.top\/index.php\/viajar-con-shihtzu-en-coche\/\" \/>\n<meta property=\"og:site_name\" content=\"UNIVERSO SHIH-TZU\" \/>\n<meta property=\"article:modified_time\" content=\"2020-08-13T20:11:50+00:00\" \/>\n<meta property=\"og:image\" content=\"https:\/\/www.parashihtzu.top\/wp-content\/uploads\/2020\/08\/20200813_210700_0000-801x1024.png\" \/>\n<meta name=\"twitter:card\" content=\"summary_large_image\" \/>\n<meta name=\"twitter:label1\" content=\"Tiempo de lectura\" \/>\n\t<meta name=\"twitter:data1\" content=\"5 minutos\" \/>\n<script type=\"application\/ld+json\" class=\"yoast-schema-graph\">{\"@context\":\"https:\/\/schema.org\",\"@graph\":[{\"@type\":\"WebPage\",\"@id\":\"https:\/\/www.parashihtzu.top\/index.php\/viajar-con-shihtzu-en-coche\/\",\"url\":\"https:\/\/www.parashihtzu.top\/index.php\/viajar-con-shihtzu-en-coche\/\",\"name\":\"VIAJAR CON UN SHIHTZU EN COCHE - UNIVERSO SHIH-TZU\",\"isPartOf\":{\"@id\":\"https:\/\/www.parashihtzu.top\/#website\"},\"datePublished\":\"2020-08-13T20:11:47+00:00\",\"dateModified\":\"2020-08-13T20:11:50+00:00\",\"description\":\"\u2611\ufe0f Entra aqu\u00ed para saber todas las recomendaciones, normativa y productos antes de viajar con tu perro en coche \u2611\ufe0f Disfruta de tus vacaciones con \u00e9l\",\"breadcrumb\":{\"@id\":\"https:\/\/www.parashihtzu.top\/index.php\/viajar-con-shihtzu-en-coche\/#breadcrumb\"},\"inLanguage\":\"es\",\"potentialAction\":[{\"@type\":\"ReadAction\",\"target\":[\"https:\/\/www.parashihtzu.top\/index.php\/viajar-con-shihtzu-en-coche\/\"]}]},{\"@type\":\"BreadcrumbList\",\"@id\":\"https:\/\/www.parashihtzu.top\/index.php\/viajar-con-shihtzu-en-coche\/#breadcrumb\",\"itemListElement\":[{\"@type\":\"ListItem\",\"position\":1,\"name\":\"Portada\",\"item\":\"https:\/\/www.parashihtzu.top\/\"},{\"@type\":\"ListItem\",\"position\":2,\"name\":\"VIAJAR CON UN SHIHTZU EN COCHE\"}]},{\"@type\":\"WebSite\",\"@id\":\"https:\/\/www.parashihtzu.top\/#website\",\"url\":\"https:\/\/www.parashihtzu.top\/\",\"name\":\"UNIVERSO SHIH-TZU\",\"description\":\"Web sobre la raza SHIHTZU con productos e informaci&oacute;n\",\"publisher\":{\"@id\":\"https:\/\/www.parashihtzu.top\/#organization\"},\"potentialAction\":[{\"@type\":\"SearchAction\",\"target\":{\"@type\":\"EntryPoint\",\"urlTemplate\":\"https:\/\/www.parashihtzu.top\/?s={search_term_string}\"},\"query-input\":\"required name=search_term_string\"}],\"inLanguage\":\"es\"},{\"@type\":\"Organization\",\"@id\":\"https:\/\/www.parashihtzu.top\/#organization\",\"name\":\"UNIVERSO SHIH-TZU\",\"url\":\"https:\/\/www.parashihtzu.top\/\",\"logo\":{\"@type\":\"ImageObject\",\"inLanguage\":\"es\",\"@id\":\"https:\/\/www.parashihtzu.top\/#\/schema\/logo\/image\/\",\"url\":\"https:\/\/www.parashihtzu.top\/wp-content\/uploads\/2022\/09\/cropped-Copia_de_Logo_Logotipo_de_flores_Acuarela_Floral_Pastel_rosa-removebg-preview.png\",\"contentUrl\":\"https:\/\/www.parashihtzu.top\/wp-content\/uploads\/2022\/09\/cropped-Copia_de_Logo_Logotipo_de_flores_Acuarela_Floral_Pastel_rosa-removebg-preview.png\",\"width\":500,\"height\":257,\"caption\":\"UNIVERSO SHIH-TZU\"},\"image\":{\"@id\":\"https:\/\/www.parashihtzu.top\/#\/schema\/logo\/image\/\"}}]}<\/script>\n<!-- \/ Yoast SEO plugin. -->","yoast_head_json":{"title":"VIAJAR CON UN SHIHTZU EN COCHE - UNIVERSO SHIH-TZU","description":"\u2611\ufe0f Entra aqu\u00ed para saber todas las recomendaciones, normativa y productos antes de viajar con tu perro en coche \u2611\ufe0f Disfruta de tus vacaciones con \u00e9l","robots":{"index":"index","follow":"follow","max-snippet":"max-snippet:-1","max-image-preview":"max-image-preview:large","max-video-preview":"max-video-preview:-1"},"canonical":"https:\/\/www.parashihtzu.top\/index.php\/viajar-con-shihtzu-en-coche\/","og_locale":"es_ES","og_type":"article","og_title":"VIAJAR CON UN SHIHTZU EN COCHE - UNIVERSO SHIH-TZU","og_description":"\u2611\ufe0f Entra aqu\u00ed para saber todas las recomendaciones, normativa y productos antes de viajar con tu perro en coche \u2611\ufe0f Disfruta de tus vacaciones con \u00e9l","og_url":"https:\/\/www.parashihtzu.top\/index.php\/viajar-con-shihtzu-en-coche\/","og_site_name":"UNIVERSO SHIH-TZU","article_modified_time":"2020-08-13T20:11:50+00:00","og_image":[{"url":"https:\/\/www.parashihtzu.top\/wp-content\/uploads\/2020\/08\/20200813_210700_0000-801x1024.png"}],"twitter_card":"summary_large_image","twitter_misc":{"Tiempo de lectura":"5 minutos"},"schema":{"@context":"https:\/\/schema.org","@graph":[{"@type":"WebPage","@id":"https:\/\/www.parashihtzu.top\/index.php\/viajar-con-shihtzu-en-coche\/","url":"https:\/\/www.parashihtzu.top\/index.php\/viajar-con-shihtzu-en-coche\/","name":"VIAJAR CON UN SHIHTZU EN COCHE - UNIVERSO SHIH-TZU","isPartOf":{"@id":"https:\/\/www.parashihtzu.top\/#website"},"datePublished":"2020-08-13T20:11:47+00:00","dateModified":"2020-08-13T20:11:50+00:00","description":"\u2611\ufe0f Entra aqu\u00ed para saber todas las recomendaciones, normativa y productos antes de viajar con tu perro en coche \u2611\ufe0f Disfruta de tus vacaciones con \u00e9l","breadcrumb":{"@id":"https:\/\/www.parashihtzu.top\/index.php\/viajar-con-shihtzu-en-coche\/#breadcrumb"},"inLanguage":"es","potentialAction":[{"@type":"ReadAction","target":["https:\/\/www.parashihtzu.top\/index.php\/viajar-con-shihtzu-en-coche\/"]}]},{"@type":"BreadcrumbList","@id":"https:\/\/www.parashihtzu.top\/index.php\/viajar-con-shihtzu-en-coche\/#breadcrumb","itemListElement":[{"@type":"ListItem","position":1,"name":"Portada","item":"https:\/\/www.parashihtzu.top\/"},{"@type":"ListItem","position":2,"name":"VIAJAR CON UN SHIHTZU EN COCHE"}]},{"@type":"WebSite","@id":"https:\/\/www.parashihtzu.top\/#website","url":"https:\/\/www.parashihtzu.top\/","name":"UNIVERSO SHIH-TZU","description":"Web sobre la raza SHIHTZU con productos e informaci&oacute;n","publisher":{"@id":"https:\/\/www.parashihtzu.top\/#organization"},"potentialAction":[{"@type":"SearchAction","target":{"@type":"EntryPoint","urlTemplate":"https:\/\/www.parashihtzu.top\/?s={search_term_string}"},"query-input":"required name=search_term_string"}],"inLanguage":"es"},{"@type":"Organization","@id":"https:\/\/www.parashihtzu.top\/#organization","name":"UNIVERSO SHIH-TZU","url":"https:\/\/www.parashihtzu.top\/","logo":{"@type":"ImageObject","inLanguage":"es","@id":"https:\/\/www.parashihtzu.top\/#\/schema\/logo\/image\/","url":"https:\/\/www.parashihtzu.top\/wp-content\/uploads\/2022\/09\/cropped-Copia_de_Logo_Logotipo_de_flores_Acuarela_Floral_Pastel_rosa-removebg-preview.png","contentUrl":"https:\/\/www.parashihtzu.top\/wp-content\/uploads\/2022\/09\/cropped-Copia_de_Logo_Logotipo_de_flores_Acuarela_Floral_Pastel_rosa-removebg-preview.png","width":500,"height":257,"caption":"UNIVERSO SHIH-TZU"},"image":{"@id":"https:\/\/www.parashihtzu.top\/#\/schema\/logo\/image\/"}}]}},"_links":{"self":[{"href":"https:\/\/www.parashihtzu.top\/index.php\/wp-json\/wp\/v2\/pages\/433"}],"collection":[{"href":"https:\/\/www.parashihtzu.top\/index.php\/wp-json\/wp\/v2\/pages"}],"about":[{"href":"https:\/\/www.parashihtzu.top\/index.php\/wp-json\/wp\/v2\/types\/page"}],"author":[{"embeddable":true,"href":"https:\/\/www.parashihtzu.top\/index.php\/wp-json\/wp\/v2\/users\/1"}],"replies":[{"embeddable":true,"href":"https:\/\/www.parashihtzu.top\/index.php\/wp-json\/wp\/v2\/comments?post=433"}],"version-history":[{"count":4,"href":"https:\/\/www.parashihtzu.top\/index.php\/wp-json\/wp\/v2\/pages\/433\/revisions"}],"predecessor-version":[{"id":442,"href":"https:\/\/www.parashihtzu.top\/index.php\/wp-json\/wp\/v2\/pages\/433\/revisions\/442"}],"wp:attachment":[{"href":"https:\/\/www.parashihtzu.top\/index.php\/wp-json\/wp\/v2\/media?parent=433"}],"curies":[{"name":"wp","href":"https:\/\/api.w.org\/{rel}","templated":true}]}}