{"id":447,"date":"2020-11-14T21:00:19","date_gmt":"2020-11-14T21:00:19","guid":{"rendered":"https:\/\/www.parashihtzu.top\/?page_id=447"},"modified":"2022-09-27T12:16:46","modified_gmt":"2022-09-27T12:16:46","slug":"es-perjudicial-llevar-siempre-con-correa-a-mi-perro","status":"publish","type":"page","link":"https:\/\/www.parashihtzu.top\/index.php\/es-perjudicial-llevar-siempre-con-correa-a-mi-perro\/","title":{"rendered":"\u00bfEs perjudicial llevar siempre con correa a mi perro?"},"content":{"rendered":"\n<h3 class=\"has-text-align-center\"><strong>Razones para llevar con correa, o no, a mi perro<\/strong><\/h3>\n\n\n\n<p>Te preguntas si es perjudicial llevar a tu perro siempre con correa? Analizamos lo mejor para nuestro shihtzu y perros de raza peque\u00f1a.<\/p>\n\n\n\n<p>Debemos tener claro que el mismo sistema o forma de paseo NO vale para todas las razas de perro por igual. No es lo mismo un sistema de sujeci\u00f3n para un perro de raza peque\u00f1a como puede ser un chihuahua que para uno de raza grande como un pastor alem\u00e1n. <\/p>\n\n\n\n<p>Recuerda que el sistema que en muchas ocasiones es la opci\u00f3n m\u00e1s c\u00f3moda para nosotros como due\u00f1o, no es siempre la mejor. Se ha de escoger la que mejor se adapta a nuestro amigo, el paseo es un momento de interacci\u00f3n muy importante con nosotros y con los dem\u00e1s perros. <\/p>\n\n\n\n<p>Vamos a centrarnos en la mejor opci\u00f3n para perros braquicef\u00e1licos, nuestro querido Shihtzu es de este tipo, al igual que los Carlinos, Bull Dog franc\u00e9s o Chihuahuas. Si quieres conocer m\u00e1s sobre el <a href=\"https:\/\/www.parashihtzu.top\/index.php\/origen-de-la-raza-shih-tzu\/\">origen de los Shih tzu<\/a> puedes verlo en este art\u00edculo. <\/p>\n\n\n<div class=\"wp-block-image\">\n<figure class=\"aligncenter size-large is-resized\"><img src=\"https:\/\/www.parashihtzu.top\/wp-content\/uploads\/2020\/11\/20201114_205206-822x1024.jpg\" alt=\"shih tzu con arn\u00e9s puppia\" class=\"wp-image-451\" width=\"244\" height=\"304\"\/><figcaption>Foto cortes\u00eda @jackogaz<\/figcaption><\/figure><\/div>\n\n\n<p>Un collar para esta raza puede llegar a ser perjudicial ya que si no se le educa a no tirar cuando pasea, puede provocar un exceso de presi\u00f3n en el cuello y ello provocar compresi\u00f3n en los vasos sangu\u00edneos o aumento de presi\u00f3n en la zona ocular. Uno de los puntos delicados de la raza Shih tzu son sus ojos, al ser grandes y estar bastantes expuestos por su morro chato.<\/p>\n\n\n\n<p><strong>Universo Shihtzu<\/strong> recomienda  un arn\u00e9s o un petral para ellos. Aqu\u00ed tienes un <a href=\"https:\/\/www.parashihtzu.top\/index.php\/arneses-para-perros-los-top-5-mejores-de\/\" target=\"_blank\" rel=\"noreferrer noopener\">an\u00e1lisis de los 5 mejores arneses<\/a> para ellos.  Uno de los mejor valorados por los usuarios es el <a href=\"https:\/\/amzn.to\/35y8OX3\" target=\"_blank\" rel=\"noreferrer noopener nofollow\">Julius K9<\/a> , los arneses de la marca <a href=\"https:\/\/amzn.to\/3lyoNK2\" target=\"_blank\" rel=\"noreferrer noopener nofollow\">Voyager<\/a> y la marca <a href=\"https:\/\/amzn.to\/3fbF85j\" target=\"_blank\" rel=\"noreferrer noopener nofollow\">Puppia<\/a> son dos de los mejores relaci\u00f3n calidad- precio <\/p>\n\n\n\n<h3 class=\"has-text-align-center\">  <strong>\ud83e\udd0dEjemplos de arn\u00e9s recomendable para Shih tzu o perros de raza peque\u00f1a\ud83e\udd0d<\/strong><\/h3>\n\n\n\n<figure class=\"wp-container-3 wp-block-gallery-2 wp-block-gallery aligncenter has-nested-images columns-default is-cropped\">\n<figure class=\"wp-block-image size-large\"><img width=\"826\" height=\"1024\" data-id=\"452\"  src=\"https:\/\/www.parashihtzu.top\/wp-content\/uploads\/2020\/11\/20201114_205218-826x1024.jpg\" alt=\"shih tzu con arn\u00e9s puppia\" class=\"wp-image-452\" srcset=\"https:\/\/www.parashihtzu.top\/wp-content\/uploads\/2020\/11\/20201114_205218-826x1024.jpg 826w, https:\/\/www.parashihtzu.top\/wp-content\/uploads\/2020\/11\/20201114_205218-242x300.jpg 242w, https:\/\/www.parashihtzu.top\/wp-content\/uploads\/2020\/11\/20201114_205218-768x952.jpg 768w, https:\/\/www.parashihtzu.top\/wp-content\/uploads\/2020\/11\/20201114_205218-640x793.jpg 640w, https:\/\/www.parashihtzu.top\/wp-content\/uploads\/2020\/11\/20201114_205218.jpg 1080w\" sizes=\"(max-width: 826px) 100vw, 826px\" \/><figcaption> Cortes\u00eda de @fusseltheshihtzu<\/figcaption><\/figure>\n\n\n\n<figure class=\"wp-block-image size-large\"><img width=\"823\" height=\"1024\" data-id=\"453\"  src=\"https:\/\/www.parashihtzu.top\/wp-content\/uploads\/2020\/11\/20201114_205229-823x1024.jpg\" alt=\"shih tzu con arn\u00e9s voyager\" class=\"wp-image-453\" srcset=\"https:\/\/www.parashihtzu.top\/wp-content\/uploads\/2020\/11\/20201114_205229-823x1024.jpg 823w, https:\/\/www.parashihtzu.top\/wp-content\/uploads\/2020\/11\/20201114_205229-241x300.jpg 241w, https:\/\/www.parashihtzu.top\/wp-content\/uploads\/2020\/11\/20201114_205229-768x956.jpg 768w, https:\/\/www.parashihtzu.top\/wp-content\/uploads\/2020\/11\/20201114_205229-640x796.jpg 640w, https:\/\/www.parashihtzu.top\/wp-content\/uploads\/2020\/11\/20201114_205229.jpg 1080w\" sizes=\"(max-width: 823px) 100vw, 823px\" \/><figcaption>Foto cortes\u00eda de @tzupermodel_theo<\/figcaption><\/figure>\n\n\n\n<figure class=\"wp-block-image size-large\"><img width=\"739\" height=\"945\" data-id=\"456\"  src=\"https:\/\/www.parashihtzu.top\/wp-content\/uploads\/2020\/11\/SI_20201114_210738_polarr.jpg\" alt=\"shih tzu con arn\u00e9s puppia\" class=\"wp-image-456\" srcset=\"https:\/\/www.parashihtzu.top\/wp-content\/uploads\/2020\/11\/SI_20201114_210738_polarr.jpg 739w, https:\/\/www.parashihtzu.top\/wp-content\/uploads\/2020\/11\/SI_20201114_210738_polarr-235x300.jpg 235w, https:\/\/www.parashihtzu.top\/wp-content\/uploads\/2020\/11\/SI_20201114_210738_polarr-640x818.jpg 640w\" sizes=\"(max-width: 739px) 100vw, 739px\" \/><figcaption>Foto cortes\u00eda de @barks4beckett<\/figcaption><\/figure>\n<\/figure>\n\n\n\n<h3 class=\"has-text-align-center\"><strong>Arneses para Shih tzu o perros de raza peque\u00f1a recomendados a los mejores precios<\/strong><\/h3>\n\n\n\n<iframe sandbox=\"allow-popups allow-scripts allow-modals allow-forms allow-same-origin\" style=\"width:120px;height:240px;\" marginwidth=\"0\" marginheight=\"0\" scrolling=\"no\" frameborder=\"0\" src=\"\/\/ws-na.amazon-adsystem.com\/widgets\/q?ServiceVersion=20070822&amp;OneJS=1&amp;Operation=GetAdHtml&amp;MarketPlace=US&amp;source=ss&amp;ref=as_ss_li_til&amp;ad_type=product_link&amp;tracking_id=jennifergar00-20&amp;language=es_US&amp;marketplace=amazon&amp;region=US&amp;placement=B005CTGCJM&amp;asins=B005CTGCJM&amp;linkId=9ef2f83cfd047fa5732de952815f3aa3&amp;show_border=true&amp;link_opens_in_new_window=true\"><\/iframe>\n\n<iframe sandbox=\"allow-popups allow-scripts allow-modals allow-forms allow-same-origin\" style=\"width:120px;height:240px;\" marginwidth=\"0\" marginheight=\"0\" scrolling=\"no\" frameborder=\"0\" src=\"\/\/ws-na.amazon-adsystem.com\/widgets\/q?ServiceVersion=20070822&amp;OneJS=1&amp;Operation=GetAdHtml&amp;MarketPlace=US&amp;source=ss&amp;ref=as_ss_li_til&amp;ad_type=product_link&amp;tracking_id=jennifergar00-20&amp;language=es_US&amp;marketplace=amazon&amp;region=US&amp;placement=B007LS82IQ&amp;asins=B007LS82IQ&amp;linkId=be3da98a0c7a115f36ead11655d4bdc1&amp;show_border=true&amp;link_opens_in_new_window=true\"><\/iframe>\n\n<iframe sandbox=\"allow-popups allow-scripts allow-modals allow-forms allow-same-origin\" style=\"width:120px;height:240px;\" marginwidth=\"0\" marginheight=\"0\" scrolling=\"no\" frameborder=\"0\" src=\"\/\/ws-na.amazon-adsystem.com\/widgets\/q?ServiceVersion=20070822&amp;OneJS=1&amp;Operation=GetAdHtml&amp;MarketPlace=US&amp;source=ss&amp;ref=as_ss_li_til&amp;ad_type=product_link&amp;tracking_id=jennifergar00-20&amp;language=es_US&amp;marketplace=amazon&amp;region=US&amp;placement=B0171MQW56&amp;asins=B0171MQW56&amp;linkId=b69f8258a9b8fd23367587be38304c1d&amp;show_border=true&amp;link_opens_in_new_window=true\"><\/iframe>\n\n\n\n<h3 class=\"has-text-align-center\"><strong>Conclusiones sobre si es malo utilizar siempre collar con nuestros perro<\/strong><\/h3>\n\n\n\n<p>Si se le da un buen uso,  y dependiendo la raza SI se puede utilizar siempre collar pero recordemos nuestra recomendaci\u00f3n sobre los perros de raza peque\u00f1a y sobre todo para nuestros Shih tzu. <\/p>\n\n\n\n<p>Es recomendable que retiremos la correa en ambientes de campo en las que no haya m\u00e1s personas a las que le pueda molestar ni peligro con las carreteras, porque da seguridad y confianza de nuestra mascota hacia nosotros. Se sentir\u00e1n m\u00e1s libres, pero es importante que se les haya dado una buena educaci\u00f3n en la rutina del paseo, para que a nuestra llamada venga hacia nosotros y no haya accidentes ni p\u00e9rdidas.  <\/p>\n\n\n\n<p>Estad atentos a las reacciones de vuestro perro, ellos mismos os dir\u00e1n de alguna manera si se sienten o no inc\u00f3modos <\/p>\n","protected":false},"excerpt":{"rendered":"<p>Razones para llevar con correa, o no, a mi perro Te preguntas si es perjudicial llevar a tu perro siempre con correa? Analizamos lo mejor para nuestro shihtzu y perros de raza peque\u00f1a. Debemos tener claro que el mismo sistema o forma de paseo NO vale para todas las razas de perro por igual. No [&hellip;]<\/p>\n","protected":false},"author":1,"featured_media":455,"parent":0,"menu_order":0,"comment_status":"closed","ping_status":"closed","template":"","meta":[],"yoast_head":"<!-- This site is optimized with the Yoast SEO plugin v20.0 - https:\/\/yoast.com\/wordpress\/plugins\/seo\/ -->\n<title>\u00bfEs perjudicial llevar siempre con correa a mi perro? -<\/title>\n<meta name=\"description\" content=\"\u2b06\ufe0f Te preguntas si es perjudicial llevar a tu perro siempre con correa? Analizamos lo mejor para nuestro shihtzu y perros de raza peque\u00f1a.\" \/>\n<meta name=\"robots\" content=\"index, follow, max-snippet:-1, max-image-preview:large, max-video-preview:-1\" \/>\n<link rel=\"canonical\" href=\"https:\/\/www.parashihtzu.top\/index.php\/es-perjudicial-llevar-siempre-con-correa-a-mi-perro\/\" \/>\n<meta property=\"og:locale\" content=\"es_ES\" \/>\n<meta property=\"og:type\" content=\"article\" \/>\n<meta property=\"og:title\" content=\"\u00bfEs perjudicial llevar siempre con correa a mi perro? -\" \/>\n<meta property=\"og:description\" content=\"\u2b06\ufe0f Te preguntas si es perjudicial llevar a tu perro siempre con correa? Analizamos lo mejor para nuestro shihtzu y perros de raza peque\u00f1a.\" \/>\n<meta property=\"og:url\" content=\"https:\/\/www.parashihtzu.top\/index.php\/es-perjudicial-llevar-siempre-con-correa-a-mi-perro\/\" \/>\n<meta property=\"og:site_name\" content=\"UNIVERSO SHIH-TZU\" \/>\n<meta property=\"article:modified_time\" content=\"2022-09-27T12:16:46+00:00\" \/>\n<meta property=\"og:image\" content=\"https:\/\/www.parashihtzu.top\/wp-content\/uploads\/2020\/11\/tempPic-1.jpg\" \/>\n\t<meta property=\"og:image:width\" content=\"1349\" \/>\n\t<meta property=\"og:image:height\" content=\"1349\" \/>\n\t<meta property=\"og:image:type\" content=\"image\/jpeg\" \/>\n<meta name=\"twitter:card\" content=\"summary_large_image\" \/>\n<meta name=\"twitter:label1\" content=\"Tiempo de lectura\" \/>\n\t<meta name=\"twitter:data1\" content=\"3 minutos\" \/>\n<script type=\"application\/ld+json\" class=\"yoast-schema-graph\">{\"@context\":\"https:\/\/schema.org\",\"@graph\":[{\"@type\":\"WebPage\",\"@id\":\"https:\/\/www.parashihtzu.top\/index.php\/es-perjudicial-llevar-siempre-con-correa-a-mi-perro\/\",\"url\":\"https:\/\/www.parashihtzu.top\/index.php\/es-perjudicial-llevar-siempre-con-correa-a-mi-perro\/\",\"name\":\"\u00bfEs perjudicial llevar siempre con correa a mi perro? -\",\"isPartOf\":{\"@id\":\"https:\/\/www.parashihtzu.top\/#website\"},\"datePublished\":\"2020-11-14T21:00:19+00:00\",\"dateModified\":\"2022-09-27T12:16:46+00:00\",\"description\":\"\u2b06\ufe0f Te preguntas si es perjudicial llevar a tu perro siempre con correa? Analizamos lo mejor para nuestro shihtzu y perros de raza peque\u00f1a.\",\"breadcrumb\":{\"@id\":\"https:\/\/www.parashihtzu.top\/index.php\/es-perjudicial-llevar-siempre-con-correa-a-mi-perro\/#breadcrumb\"},\"inLanguage\":\"es\",\"potentialAction\":[{\"@type\":\"ReadAction\",\"target\":[\"https:\/\/www.parashihtzu.top\/index.php\/es-perjudicial-llevar-siempre-con-correa-a-mi-perro\/\"]}]},{\"@type\":\"BreadcrumbList\",\"@id\":\"https:\/\/www.parashihtzu.top\/index.php\/es-perjudicial-llevar-siempre-con-correa-a-mi-perro\/#breadcrumb\",\"itemListElement\":[{\"@type\":\"ListItem\",\"position\":1,\"name\":\"Portada\",\"item\":\"https:\/\/www.parashihtzu.top\/\"},{\"@type\":\"ListItem\",\"position\":2,\"name\":\"\u00bfEs perjudicial llevar siempre con correa a mi perro?\"}]},{\"@type\":\"WebSite\",\"@id\":\"https:\/\/www.parashihtzu.top\/#website\",\"url\":\"https:\/\/www.parashihtzu.top\/\",\"name\":\"UNIVERSO SHIH-TZU\",\"description\":\"Web sobre la raza SHIHTZU con productos e informaci&oacute;n\",\"publisher\":{\"@id\":\"https:\/\/www.parashihtzu.top\/#organization\"},\"potentialAction\":[{\"@type\":\"SearchAction\",\"target\":{\"@type\":\"EntryPoint\",\"urlTemplate\":\"https:\/\/www.parashihtzu.top\/?s={search_term_string}\"},\"query-input\":\"required name=search_term_string\"}],\"inLanguage\":\"es\"},{\"@type\":\"Organization\",\"@id\":\"https:\/\/www.parashihtzu.top\/#organization\",\"name\":\"UNIVERSO SHIH-TZU\",\"url\":\"https:\/\/www.parashihtzu.top\/\",\"logo\":{\"@type\":\"ImageObject\",\"inLanguage\":\"es\",\"@id\":\"https:\/\/www.parashihtzu.top\/#\/schema\/logo\/image\/\",\"url\":\"https:\/\/www.parashihtzu.top\/wp-content\/uploads\/2022\/09\/cropped-Copia_de_Logo_Logotipo_de_flores_Acuarela_Floral_Pastel_rosa-removebg-preview.png\",\"contentUrl\":\"https:\/\/www.parashihtzu.top\/wp-content\/uploads\/2022\/09\/cropped-Copia_de_Logo_Logotipo_de_flores_Acuarela_Floral_Pastel_rosa-removebg-preview.png\",\"width\":500,\"height\":257,\"caption\":\"UNIVERSO SHIH-TZU\"},\"image\":{\"@id\":\"https:\/\/www.parashihtzu.top\/#\/schema\/logo\/image\/\"}}]}<\/script>\n<!-- \/ Yoast SEO plugin. -->","yoast_head_json":{"title":"\u00bfEs perjudicial llevar siempre con correa a mi perro? -","description":"\u2b06\ufe0f Te preguntas si es perjudicial llevar a tu perro siempre con correa? Analizamos lo mejor para nuestro shihtzu y perros de raza peque\u00f1a.","robots":{"index":"index","follow":"follow","max-snippet":"max-snippet:-1","max-image-preview":"max-image-preview:large","max-video-preview":"max-video-preview:-1"},"canonical":"https:\/\/www.parashihtzu.top\/index.php\/es-perjudicial-llevar-siempre-con-correa-a-mi-perro\/","og_locale":"es_ES","og_type":"article","og_title":"\u00bfEs perjudicial llevar siempre con correa a mi perro? -","og_description":"\u2b06\ufe0f Te preguntas si es perjudicial llevar a tu perro siempre con correa? Analizamos lo mejor para nuestro shihtzu y perros de raza peque\u00f1a.","og_url":"https:\/\/www.parashihtzu.top\/index.php\/es-perjudicial-llevar-siempre-con-correa-a-mi-perro\/","og_site_name":"UNIVERSO SHIH-TZU","article_modified_time":"2022-09-27T12:16:46+00:00","og_image":[{"width":1349,"height":1349,"url":"https:\/\/www.parashihtzu.top\/wp-content\/uploads\/2020\/11\/tempPic-1.jpg","type":"image\/jpeg"}],"twitter_card":"summary_large_image","twitter_misc":{"Tiempo de lectura":"3 minutos"},"schema":{"@context":"https:\/\/schema.org","@graph":[{"@type":"WebPage","@id":"https:\/\/www.parashihtzu.top\/index.php\/es-perjudicial-llevar-siempre-con-correa-a-mi-perro\/","url":"https:\/\/www.parashihtzu.top\/index.php\/es-perjudicial-llevar-siempre-con-correa-a-mi-perro\/","name":"\u00bfEs perjudicial llevar siempre con correa a mi perro? -","isPartOf":{"@id":"https:\/\/www.parashihtzu.top\/#website"},"datePublished":"2020-11-14T21:00:19+00:00","dateModified":"2022-09-27T12:16:46+00:00","description":"\u2b06\ufe0f Te preguntas si es perjudicial llevar a tu perro siempre con correa? Analizamos lo mejor para nuestro shihtzu y perros de raza peque\u00f1a.","breadcrumb":{"@id":"https:\/\/www.parashihtzu.top\/index.php\/es-perjudicial-llevar-siempre-con-correa-a-mi-perro\/#breadcrumb"},"inLanguage":"es","potentialAction":[{"@type":"ReadAction","target":["https:\/\/www.parashihtzu.top\/index.php\/es-perjudicial-llevar-siempre-con-correa-a-mi-perro\/"]}]},{"@type":"BreadcrumbList","@id":"https:\/\/www.parashihtzu.top\/index.php\/es-perjudicial-llevar-siempre-con-correa-a-mi-perro\/#breadcrumb","itemListElement":[{"@type":"ListItem","position":1,"name":"Portada","item":"https:\/\/www.parashihtzu.top\/"},{"@type":"ListItem","position":2,"name":"\u00bfEs perjudicial llevar siempre con correa a mi perro?"}]},{"@type":"WebSite","@id":"https:\/\/www.parashihtzu.top\/#website","url":"https:\/\/www.parashihtzu.top\/","name":"UNIVERSO SHIH-TZU","description":"Web sobre la raza SHIHTZU con productos e informaci&oacute;n","publisher":{"@id":"https:\/\/www.parashihtzu.top\/#organization"},"potentialAction":[{"@type":"SearchAction","target":{"@type":"EntryPoint","urlTemplate":"https:\/\/www.parashihtzu.top\/?s={search_term_string}"},"query-input":"required name=search_term_string"}],"inLanguage":"es"},{"@type":"Organization","@id":"https:\/\/www.parashihtzu.top\/#organization","name":"UNIVERSO SHIH-TZU","url":"https:\/\/www.parashihtzu.top\/","logo":{"@type":"ImageObject","inLanguage":"es","@id":"https:\/\/www.parashihtzu.top\/#\/schema\/logo\/image\/","url":"https:\/\/www.parashihtzu.top\/wp-content\/uploads\/2022\/09\/cropped-Copia_de_Logo_Logotipo_de_flores_Acuarela_Floral_Pastel_rosa-removebg-preview.png","contentUrl":"https:\/\/www.parashihtzu.top\/wp-content\/uploads\/2022\/09\/cropped-Copia_de_Logo_Logotipo_de_flores_Acuarela_Floral_Pastel_rosa-removebg-preview.png","width":500,"height":257,"caption":"UNIVERSO SHIH-TZU"},"image":{"@id":"https:\/\/www.parashihtzu.top\/#\/schema\/logo\/image\/"}}]}},"_links":{"self":[{"href":"https:\/\/www.parashihtzu.top\/index.php\/wp-json\/wp\/v2\/pages\/447"}],"collection":[{"href":"https:\/\/www.parashihtzu.top\/index.php\/wp-json\/wp\/v2\/pages"}],"about":[{"href":"https:\/\/www.parashihtzu.top\/index.php\/wp-json\/wp\/v2\/types\/page"}],"author":[{"embeddable":true,"href":"https:\/\/www.parashihtzu.top\/index.php\/wp-json\/wp\/v2\/users\/1"}],"replies":[{"embeddable":true,"href":"https:\/\/www.parashihtzu.top\/index.php\/wp-json\/wp\/v2\/comments?post=447"}],"version-history":[{"count":8,"href":"https:\/\/www.parashihtzu.top\/index.php\/wp-json\/wp\/v2\/pages\/447\/revisions"}],"predecessor-version":[{"id":616,"href":"https:\/\/www.parashihtzu.top\/index.php\/wp-json\/wp\/v2\/pages\/447\/revisions\/616"}],"wp:featuredmedia":[{"embeddable":true,"href":"https:\/\/www.parashihtzu.top\/index.php\/wp-json\/wp\/v2\/media\/455"}],"wp:attachment":[{"href":"https:\/\/www.parashihtzu.top\/index.php\/wp-json\/wp\/v2\/media?parent=447"}],"curies":[{"name":"wp","href":"https:\/\/api.w.org\/{rel}","templated":true}]}}