{"id":491,"date":"2020-12-05T23:47:15","date_gmt":"2020-12-05T23:47:15","guid":{"rendered":"https:\/\/www.parashihtzu.top\/?page_id=491"},"modified":"2020-12-05T23:47:18","modified_gmt":"2020-12-05T23:47:18","slug":"tu-perro-se-come-sus-heces-por-que-soluciones","status":"publish","type":"page","link":"https:\/\/www.parashihtzu.top\/index.php\/tu-perro-se-come-sus-heces-por-que-soluciones\/","title":{"rendered":"Tu perro se come sus heces? Por qu\u00e9? Soluciones"},"content":{"rendered":"\n<div class=\"wp-block-image\"><figure class=\"aligncenter size-large is-resized\"><img src=\"https:\/\/www.parashihtzu.top\/wp-content\/uploads\/2020\/12\/a98120daf3961b9482c4d060723f0152.jpg\" alt=\"por qu\u00e9 mi shihtzu se come las cacas?\" class=\"wp-image-495\" width=\"381\" height=\"326\" srcset=\"https:\/\/www.parashihtzu.top\/wp-content\/uploads\/2020\/12\/a98120daf3961b9482c4d060723f0152.jpg 564w, https:\/\/www.parashihtzu.top\/wp-content\/uploads\/2020\/12\/a98120daf3961b9482c4d060723f0152-300x256.jpg 300w\" sizes=\"(max-width: 381px) 100vw, 381px\" \/><\/figure><\/div>\n\n\n\n<p>En este art\u00edculo vamos a desgranar del por qu\u00e9 tu perro puede llegar a comerse sus cacas, las de otros perros o incluso la de otros animales y como darle soluci\u00f3n a este h\u00e1bito que puede llegar a ser muy desagradable para el cuidador a la par que peligroso para el propio perro, ya que puede derivar en problemas digestivos por bacterias o par\u00e1sitos intestinales.<\/p>\n\n\n\n<p>Primero de todo decirte que no, tu perro no es el \u00fanico que lo hace, es algo m\u00e1s habitual de lo que puede parecer. Este comportamiento se llama coprofagia canina y puede tener su origen en factores del organismo o bien en alteraciones del comportamiento. Tu shih tzu no est\u00e1 exento y puedes detectar este comportamiento en ellos alguna vez.<\/p>\n\n\n\n<h2 class=\"has-text-align-center\"><span style=\"color:#88d9de\" class=\"has-inline-color\"><strong>POR QU\u00c9 MI PERRO COME HECES?<\/strong><\/span><\/h2>\n\n\n\n<h3><strong>Factores relacionados con el organismo<\/strong><\/h3>\n\n\n\n<p>Cuando el origen o causa del por qu\u00e9 tu shih tzu o perro de cualquier otra raza, se come sus cacas es org\u00e1nico, puede tratarse por los motivos que detallo a continuaci\u00f3n y aconsejo que se visite al veterinario para poner remedio lo antes posible con un tratamiento adecuado:<\/p>\n\n\n\n<p>\u279b <strong>Un d\u00e9ficit alimentario<\/strong>; Una\u00a0alimentaci\u00f3n pobre, o el consumo de alimentos que\u00a0no tengan la calidad ni los niveles nutricionales adecuados\u00a0llevan a una carencia vitam\u00ednica y de otro tipo de sustancias. El consumo de cacas ser\u00eda un intento de tu perro de suplementar el d\u00e9ficit que presenta su alimentaci\u00f3n. Pon atenci\u00f3n a su dieta porque tu perro te podr\u00eda estar alertando de esta carencia. Tal vez te puede interesar este otro <a href=\"https:\/\/www.parashihtzu.top\/index.php\/alimentacion-para-shih-tzu\/\" target=\"_blank\" rel=\"noreferrer noopener\">art\u00edculo donde te hablo de la mejor alimentaci\u00f3n para tu perro. <\/a><\/p>\n\n\n\n<p>\u279b <strong>Insuficiencia pancre\u00e1tica exocrina<\/strong>; Para hacer la digesti\u00f3n, uno de los \u00f3rganos involucrados es el p\u00e1ncreas. Con la creaci\u00f3n de enzimas favorece la digesti\u00f3n. Esta patolog\u00eda no le deja asimilar correctamente los nutrientes de la comida, es probable que el perro busque y compense este d\u00e9ficit en sus excrementos.<\/p>\n\n\n\n<p>\u279b<strong>Sensaci\u00f3n de hambre constante<\/strong>; o tambi\u00e9n llamada polifagia&nbsp;producida por medicaci\u00f3n o enfermedades. Aumento del apetito por enfermedades como diabetes o exceso de corticoides.<\/p>\n\n\n\n<p>\u279b<strong>Par\u00e1sitos <\/strong>o enfermedades que no permite la absorci\u00f3n correcta de nutrientes entre ellos est\u00e1n los Cestodos, Spirocerca lupi, Estr\u00f3ngilos y \u00c1scaris<\/p>\n\n\n\n<h3><strong>Factores relacionados al comportamiento<\/strong><\/h3>\n\n\n\n<p>En estos casos si no logramos resolver esta situaci\u00f3n nosotros mismos deberemos acudir a un especialista en modificaci\u00f3n de conducta, como un et\u00f3logo, educador canino o adiestrador.<\/p>\n\n\n\n<p>\u279b Para <strong>llamar la atenci\u00f3n<\/strong>; Puede resultarnos extra\u00f1o pero es una de las causas mas comunes por las que tu perro se puede comer sus heces. La falta de socializaci\u00f3n con su due\u00f1o puede producir estas situaciones por el simple hecho que cuando lo hacen les prestamos atenci\u00f3n aunque sea para rega\u00f1arles.<\/p>\n\n\n\n<p>\u279b Por <strong>estr\u00e9s y ansiedad<\/strong>; Si tu perro est\u00e1 aburrido, por falta de juego, poco ejercicio f\u00edsico o solo durante muchas horas podemos encontrarnos con esta \u00absorpresita\u00bb al volver a casa, esta puede ser su manera de deshacerse de su estr\u00e9s. Plant\u00e9ate si tu perro est\u00e1 solo durante muchas horas (m\u00e1s de 6-8 horas al d\u00eda) o bien si no da, al menos 2 paseos al d\u00eda. <\/p>\n\n\n\n<p>\u279b <strong>Ocultar un mal comportamiento<\/strong>; Puede que quieran evitar que se les rega\u00f1e por haber hecho caca dentro de casa y no quieren que descubramos lo que han hecho, y as\u00ed evitar nuestro enfado. Acercar su hocico a las heces rega\u00f1\u00e1ndole puede dar lugar a una situaci\u00f3n muy negativa y estaremos propiciando este comportamiento. Se debe evitar el castigo. <\/p>\n\n\n\n<p>\u279b <strong>Les gusta el sabor<\/strong>; parece mentira pero s\u00ed, donde tu ves solo heces, el ve nuevos sabores que descubrir, pueden tener una alta palatabilidad para ellos. <\/p>\n\n\n\n<p>\u279b <strong>Explorar el medio<\/strong>; Los perros usan su olfato y su boca para conocer el medio que les rodea, conocer a otros perros o otros animales.<\/p>\n\n\n\n<div class=\"wp-block-image\"><figure class=\"aligncenter size-large is-resized\"><img src=\"https:\/\/www.parashihtzu.top\/wp-content\/uploads\/2020\/12\/shihtzu_en-la-hierba.jpg\" alt=\"POR QU\u00c9 MI PERRO COME SUS HECES?\" class=\"wp-image-500\" width=\"550\" height=\"412\" srcset=\"https:\/\/www.parashihtzu.top\/wp-content\/uploads\/2020\/12\/shihtzu_en-la-hierba.jpg 1024w, https:\/\/www.parashihtzu.top\/wp-content\/uploads\/2020\/12\/shihtzu_en-la-hierba-300x225.jpg 300w, https:\/\/www.parashihtzu.top\/wp-content\/uploads\/2020\/12\/shihtzu_en-la-hierba-768x576.jpg 768w, https:\/\/www.parashihtzu.top\/wp-content\/uploads\/2020\/12\/shihtzu_en-la-hierba-640x480.jpg 640w\" sizes=\"(max-width: 550px) 100vw, 550px\" \/><\/figure><\/div>\n\n\n\n<h2 class=\"has-text-align-center\" id=\"anchor_3\"><strong><span style=\"color:#88d9de\" class=\"has-inline-color\">Es normal que mi perra se coma las heces de sus cachorros?<\/span><\/strong><\/h2>\n\n\n\n<p>Es un comportamiento normal, las hembras lactantes lo que quieren conseguir con este comportamiento es mantener limpio el nido por ello ingieren las heces de sus cachorros.<\/p>\n\n\n\n<p>Pensar\u00e1s \u00bfy si mantengo completamente limpia yo la zona de los cachorros? Podemos ayudar a nuestra perra a limpiarla pero debemos recordar que no debemos provocar situaciones estresantes para ella y especialmente en las primeras etapas de vida de los cachorros, NO debemos manipular en exceso los cachorros ya que podemos provocar altos niveles de estr\u00e9s en la mama perruna y el rechazo de la madre hacia los cachorros.<\/p>\n\n\n\n<h2 class=\"has-text-align-center\" id=\"anchor_2\"><strong><span style=\"color:#88d9de\" class=\"has-inline-color\">Por qu\u00e9 mi cachorro se come sus heces?<\/span><\/strong><\/h2>\n\n\n\n<p>Aunque este comportamiento puede darse tanto en perros adultos como en cachorros, es algo m\u00e1s com\u00fan en los cachorros.<\/p>\n\n\n\n<p>\u00bfEs normal que mi cachorro se coma su caca? generalmente se debe a las ganas de exploraci\u00f3n de nuestros peque\u00f1os perros, es algo propio de la edad y que remite con el tiempo. Debemos considerar anormal este comportamiento a partir de los tres o cuatro meses y buscar otras posibles causas<\/p>\n\n\n\n<p>Tambi\u00e9n es habitual en cachorros que se encuentran en&nbsp;ambientes con falta de juguetes, soledad o abandono, pocos est\u00edmulos&#8230; y en cachorros que han pasado su&nbsp;etapa de socializaci\u00f3n&nbsp;en tiendas de animales o alejados de su madre y hermanos. <\/p>\n\n\n\n<h2 class=\"has-text-align-center\"><span style=\"color:#88d9de\" class=\"has-inline-color\"><strong>SOLUCIONES PARA EVITAR QUE LOS PERROS COMAN HECES<\/strong><\/span><\/h2>\n\n\n\n<p><\/p>\n\n\n\n<p>Sobre todo si intuyes que puede tener su origen en algo org\u00e1nico o ves que esta mala costumbre se mantiene en el tiempo es preciso acudas  a un veterinario para que haga las pruebas pertinentes. Resolver  su origen del por qu\u00e9 tu perro se come las heces es esencial se haga lo antes posible, dado lo inc\u00f3modo y porque puede impactar negativamente en la salud de nuestro perrito. Adem\u00e1s, puedes hacer lo siguiente:<\/p>\n\n\n\n<p>\u279b \u00a1<strong>Evita que tenga acceso a las heces<\/strong>! Especialmente de cachorros, superv\u00edsalo ense\u00f1ando a tu perro a orinar y defecar en el exterior del hogar. Si lo hace  dentro rec\u00f3gelo lo antes posible y mant\u00e9n la zona limpia. Evita el uso de lej\u00eda y amoniaco ya que pueden ser perjudiciales.<\/p>\n\n\n\n<p>\u279b<strong> Revisa su alimentaci\u00f3n<\/strong>. Aumenta el consumo de fibra en la dieta de tu amigo para que se sienta mas saciado y vigila que la comida que le des tiene los nutrientes adecuados a tu perro por edad y tama\u00f1o. Es importantes darles una dieta de calidad. Tambi\u00e9n puedes repartir sus raci\u00f3n diaria en varias tomas.<\/p>\n\n\n\n<p>\u279b Premia a tu perro no lo castigues. Despu\u00e9s de la defecaci\u00f3n pr\u00e9mialo y no le castigues ya que puede ser contraproducente.   <\/p>\n\n\n\n<figure class=\"wp-block-pullquote\"><blockquote><p> <strong>\u00a1TIP EXTRA!<\/strong> Ofr\u00e9cele premios de pi\u00f1a o calabac\u00edn. son alimentos muy sanos que adem\u00e1s suelen gustar a muchos perros. En lugar de premiar con golosinas normales, intenta ofrecerle estos alimentos.  Estos alimentos har\u00e1n que el sabor de sus propias heces se vea alterado y  como consecuencia ya no ver\u00e1n tan atractivo su sabor.<\/p><\/blockquote><\/figure>\n\n\n\n<div class=\"wp-container-2 wp-block-group\"><div class=\"wp-block-group__inner-container\">\n<p>\u279b <strong>Estimula a tu perro<\/strong>&nbsp;para que logre el equilibrio mental.  Deja a su alcance juguetes, por ejemplo, pelotas, mordedores, el kong cl\u00e1ssic o huesos dentales. Si va a estar tiempo solo se podr\u00eda poner m\u00fasica o alguna luz para que no se sienta aburrido.<\/p>\n\n\n\n<p>\u279b <strong>Paseos, ejercicio y bienestar<\/strong>. Es importante que tu perro no se sienta estresado y el ejercicio favorece su descanso.<\/p>\n<\/div><\/div>\n","protected":false},"excerpt":{"rendered":"<p>En este art\u00edculo vamos a desgranar del por qu\u00e9 tu perro puede llegar a comerse sus cacas, las de otros perros o incluso la de otros animales y como darle soluci\u00f3n a este h\u00e1bito que puede llegar a ser muy desagradable para el cuidador a la par que peligroso para el propio perro, ya que [&hellip;]<\/p>\n","protected":false},"author":1,"featured_media":0,"parent":0,"menu_order":0,"comment_status":"closed","ping_status":"closed","template":"","meta":[],"yoast_head":"<!-- This site is optimized with the Yoast SEO plugin v20.0 - https:\/\/yoast.com\/wordpress\/plugins\/seo\/ -->\n<title>Tu perro se come sus heces? Por qu\u00e9? Soluciones - UNIVERSO SHIH-TZU<\/title>\n<meta name=\"description\" content=\"\u2714\ufe0f Tu perro se come sus heces? no sabes por que ni como solucionarlo? Entra aqu\u00ed y podr\u00e1s conocer su causas y sus posibles soluciones\" \/>\n<meta name=\"robots\" content=\"index, follow, max-snippet:-1, max-image-preview:large, max-video-preview:-1\" \/>\n<link rel=\"canonical\" href=\"https:\/\/www.parashihtzu.top\/index.php\/tu-perro-se-come-sus-heces-por-que-soluciones\/\" \/>\n<meta property=\"og:locale\" content=\"es_ES\" \/>\n<meta property=\"og:type\" content=\"article\" \/>\n<meta property=\"og:title\" content=\"Tu perro se come sus heces? Por qu\u00e9? Soluciones - UNIVERSO SHIH-TZU\" \/>\n<meta property=\"og:description\" content=\"\u2714\ufe0f Tu perro se come sus heces? no sabes por que ni como solucionarlo? Entra aqu\u00ed y podr\u00e1s conocer su causas y sus posibles soluciones\" \/>\n<meta property=\"og:url\" content=\"https:\/\/www.parashihtzu.top\/index.php\/tu-perro-se-come-sus-heces-por-que-soluciones\/\" \/>\n<meta property=\"og:site_name\" content=\"UNIVERSO SHIH-TZU\" \/>\n<meta property=\"article:modified_time\" content=\"2020-12-05T23:47:18+00:00\" \/>\n<meta property=\"og:image\" content=\"https:\/\/www.parashihtzu.top\/wp-content\/uploads\/2020\/12\/a98120daf3961b9482c4d060723f0152.jpg\" \/>\n<meta name=\"twitter:card\" content=\"summary_large_image\" \/>\n<meta name=\"twitter:label1\" content=\"Tiempo de lectura\" \/>\n\t<meta name=\"twitter:data1\" content=\"6 minutos\" \/>\n<script type=\"application\/ld+json\" class=\"yoast-schema-graph\">{\"@context\":\"https:\/\/schema.org\",\"@graph\":[{\"@type\":\"WebPage\",\"@id\":\"https:\/\/www.parashihtzu.top\/index.php\/tu-perro-se-come-sus-heces-por-que-soluciones\/\",\"url\":\"https:\/\/www.parashihtzu.top\/index.php\/tu-perro-se-come-sus-heces-por-que-soluciones\/\",\"name\":\"Tu perro se come sus heces? Por qu\u00e9? Soluciones - UNIVERSO SHIH-TZU\",\"isPartOf\":{\"@id\":\"https:\/\/www.parashihtzu.top\/#website\"},\"datePublished\":\"2020-12-05T23:47:15+00:00\",\"dateModified\":\"2020-12-05T23:47:18+00:00\",\"description\":\"\u2714\ufe0f Tu perro se come sus heces? no sabes por que ni como solucionarlo? Entra aqu\u00ed y podr\u00e1s conocer su causas y sus posibles soluciones\",\"breadcrumb\":{\"@id\":\"https:\/\/www.parashihtzu.top\/index.php\/tu-perro-se-come-sus-heces-por-que-soluciones\/#breadcrumb\"},\"inLanguage\":\"es\",\"potentialAction\":[{\"@type\":\"ReadAction\",\"target\":[\"https:\/\/www.parashihtzu.top\/index.php\/tu-perro-se-come-sus-heces-por-que-soluciones\/\"]}]},{\"@type\":\"BreadcrumbList\",\"@id\":\"https:\/\/www.parashihtzu.top\/index.php\/tu-perro-se-come-sus-heces-por-que-soluciones\/#breadcrumb\",\"itemListElement\":[{\"@type\":\"ListItem\",\"position\":1,\"name\":\"Portada\",\"item\":\"https:\/\/www.parashihtzu.top\/\"},{\"@type\":\"ListItem\",\"position\":2,\"name\":\"Tu perro se come sus heces? Por qu\u00e9? Soluciones\"}]},{\"@type\":\"WebSite\",\"@id\":\"https:\/\/www.parashihtzu.top\/#website\",\"url\":\"https:\/\/www.parashihtzu.top\/\",\"name\":\"UNIVERSO SHIH-TZU\",\"description\":\"Web sobre la raza SHIHTZU con productos e informaci&oacute;n\",\"publisher\":{\"@id\":\"https:\/\/www.parashihtzu.top\/#organization\"},\"potentialAction\":[{\"@type\":\"SearchAction\",\"target\":{\"@type\":\"EntryPoint\",\"urlTemplate\":\"https:\/\/www.parashihtzu.top\/?s={search_term_string}\"},\"query-input\":\"required name=search_term_string\"}],\"inLanguage\":\"es\"},{\"@type\":\"Organization\",\"@id\":\"https:\/\/www.parashihtzu.top\/#organization\",\"name\":\"UNIVERSO SHIH-TZU\",\"url\":\"https:\/\/www.parashihtzu.top\/\",\"logo\":{\"@type\":\"ImageObject\",\"inLanguage\":\"es\",\"@id\":\"https:\/\/www.parashihtzu.top\/#\/schema\/logo\/image\/\",\"url\":\"https:\/\/www.parashihtzu.top\/wp-content\/uploads\/2022\/09\/cropped-Copia_de_Logo_Logotipo_de_flores_Acuarela_Floral_Pastel_rosa-removebg-preview.png\",\"contentUrl\":\"https:\/\/www.parashihtzu.top\/wp-content\/uploads\/2022\/09\/cropped-Copia_de_Logo_Logotipo_de_flores_Acuarela_Floral_Pastel_rosa-removebg-preview.png\",\"width\":500,\"height\":257,\"caption\":\"UNIVERSO SHIH-TZU\"},\"image\":{\"@id\":\"https:\/\/www.parashihtzu.top\/#\/schema\/logo\/image\/\"}}]}<\/script>\n<!-- \/ Yoast SEO plugin. -->","yoast_head_json":{"title":"Tu perro se come sus heces? Por qu\u00e9? Soluciones - UNIVERSO SHIH-TZU","description":"\u2714\ufe0f Tu perro se come sus heces? no sabes por que ni como solucionarlo? Entra aqu\u00ed y podr\u00e1s conocer su causas y sus posibles soluciones","robots":{"index":"index","follow":"follow","max-snippet":"max-snippet:-1","max-image-preview":"max-image-preview:large","max-video-preview":"max-video-preview:-1"},"canonical":"https:\/\/www.parashihtzu.top\/index.php\/tu-perro-se-come-sus-heces-por-que-soluciones\/","og_locale":"es_ES","og_type":"article","og_title":"Tu perro se come sus heces? Por qu\u00e9? Soluciones - UNIVERSO SHIH-TZU","og_description":"\u2714\ufe0f Tu perro se come sus heces? no sabes por que ni como solucionarlo? Entra aqu\u00ed y podr\u00e1s conocer su causas y sus posibles soluciones","og_url":"https:\/\/www.parashihtzu.top\/index.php\/tu-perro-se-come-sus-heces-por-que-soluciones\/","og_site_name":"UNIVERSO SHIH-TZU","article_modified_time":"2020-12-05T23:47:18+00:00","og_image":[{"url":"https:\/\/www.parashihtzu.top\/wp-content\/uploads\/2020\/12\/a98120daf3961b9482c4d060723f0152.jpg"}],"twitter_card":"summary_large_image","twitter_misc":{"Tiempo de lectura":"6 minutos"},"schema":{"@context":"https:\/\/schema.org","@graph":[{"@type":"WebPage","@id":"https:\/\/www.parashihtzu.top\/index.php\/tu-perro-se-come-sus-heces-por-que-soluciones\/","url":"https:\/\/www.parashihtzu.top\/index.php\/tu-perro-se-come-sus-heces-por-que-soluciones\/","name":"Tu perro se come sus heces? Por qu\u00e9? Soluciones - UNIVERSO SHIH-TZU","isPartOf":{"@id":"https:\/\/www.parashihtzu.top\/#website"},"datePublished":"2020-12-05T23:47:15+00:00","dateModified":"2020-12-05T23:47:18+00:00","description":"\u2714\ufe0f Tu perro se come sus heces? no sabes por que ni como solucionarlo? Entra aqu\u00ed y podr\u00e1s conocer su causas y sus posibles soluciones","breadcrumb":{"@id":"https:\/\/www.parashihtzu.top\/index.php\/tu-perro-se-come-sus-heces-por-que-soluciones\/#breadcrumb"},"inLanguage":"es","potentialAction":[{"@type":"ReadAction","target":["https:\/\/www.parashihtzu.top\/index.php\/tu-perro-se-come-sus-heces-por-que-soluciones\/"]}]},{"@type":"BreadcrumbList","@id":"https:\/\/www.parashihtzu.top\/index.php\/tu-perro-se-come-sus-heces-por-que-soluciones\/#breadcrumb","itemListElement":[{"@type":"ListItem","position":1,"name":"Portada","item":"https:\/\/www.parashihtzu.top\/"},{"@type":"ListItem","position":2,"name":"Tu perro se come sus heces? Por qu\u00e9? Soluciones"}]},{"@type":"WebSite","@id":"https:\/\/www.parashihtzu.top\/#website","url":"https:\/\/www.parashihtzu.top\/","name":"UNIVERSO SHIH-TZU","description":"Web sobre la raza SHIHTZU con productos e informaci&oacute;n","publisher":{"@id":"https:\/\/www.parashihtzu.top\/#organization"},"potentialAction":[{"@type":"SearchAction","target":{"@type":"EntryPoint","urlTemplate":"https:\/\/www.parashihtzu.top\/?s={search_term_string}"},"query-input":"required name=search_term_string"}],"inLanguage":"es"},{"@type":"Organization","@id":"https:\/\/www.parashihtzu.top\/#organization","name":"UNIVERSO SHIH-TZU","url":"https:\/\/www.parashihtzu.top\/","logo":{"@type":"ImageObject","inLanguage":"es","@id":"https:\/\/www.parashihtzu.top\/#\/schema\/logo\/image\/","url":"https:\/\/www.parashihtzu.top\/wp-content\/uploads\/2022\/09\/cropped-Copia_de_Logo_Logotipo_de_flores_Acuarela_Floral_Pastel_rosa-removebg-preview.png","contentUrl":"https:\/\/www.parashihtzu.top\/wp-content\/uploads\/2022\/09\/cropped-Copia_de_Logo_Logotipo_de_flores_Acuarela_Floral_Pastel_rosa-removebg-preview.png","width":500,"height":257,"caption":"UNIVERSO SHIH-TZU"},"image":{"@id":"https:\/\/www.parashihtzu.top\/#\/schema\/logo\/image\/"}}]}},"_links":{"self":[{"href":"https:\/\/www.parashihtzu.top\/index.php\/wp-json\/wp\/v2\/pages\/491"}],"collection":[{"href":"https:\/\/www.parashihtzu.top\/index.php\/wp-json\/wp\/v2\/pages"}],"about":[{"href":"https:\/\/www.parashihtzu.top\/index.php\/wp-json\/wp\/v2\/types\/page"}],"author":[{"embeddable":true,"href":"https:\/\/www.parashihtzu.top\/index.php\/wp-json\/wp\/v2\/users\/1"}],"replies":[{"embeddable":true,"href":"https:\/\/www.parashihtzu.top\/index.php\/wp-json\/wp\/v2\/comments?post=491"}],"version-history":[{"count":4,"href":"https:\/\/www.parashihtzu.top\/index.php\/wp-json\/wp\/v2\/pages\/491\/revisions"}],"predecessor-version":[{"id":503,"href":"https:\/\/www.parashihtzu.top\/index.php\/wp-json\/wp\/v2\/pages\/491\/revisions\/503"}],"wp:attachment":[{"href":"https:\/\/www.parashihtzu.top\/index.php\/wp-json\/wp\/v2\/media?parent=491"}],"curies":[{"name":"wp","href":"https:\/\/api.w.org\/{rel}","templated":true}]}}