{"id":5,"date":"2019-08-30T18:53:16","date_gmt":"2019-08-30T18:53:16","guid":{"rendered":"https:\/\/www.parashihtzu.top\/?page_id=5"},"modified":"2022-09-14T20:41:23","modified_gmt":"2022-09-14T20:41:23","slug":"mundo-shihtzu","status":"publish","type":"page","link":"https:\/\/www.parashihtzu.top\/","title":{"rendered":"INICIO"},"content":{"rendered":"\n<figure class=\"wp-block-image size-large is-style-default\"><a href=\"https:\/\/www.cookieswil.com\/es\/tienda\/alimento-para-perros\" class=\"broken_link\"><img width=\"984\" height=\"170\" src=\"https:\/\/www.parashihtzu.top\/wp-content\/uploads\/2020\/04\/banner.png\" alt=\"comida deshidratada para perros\" class=\"wp-image-258\" srcset=\"https:\/\/www.parashihtzu.top\/wp-content\/uploads\/2020\/04\/banner.png 984w, https:\/\/www.parashihtzu.top\/wp-content\/uploads\/2020\/04\/banner-300x52.png 300w, https:\/\/www.parashihtzu.top\/wp-content\/uploads\/2020\/04\/banner-768x133.png 768w, https:\/\/www.parashihtzu.top\/wp-content\/uploads\/2020\/04\/banner-640x111.png 640w\" sizes=\"(max-width: 984px) 100vw, 984px\" \/><\/a><\/figure>\n\n\n\n<p><\/p>\n\n\n<div class=\"wp-block-image\">\n<figure class=\"aligncenter\"><img width=\"626\" height=\"592\" src=\"https:\/\/www.parashihtzu.top\/wp-content\/uploads\/2019\/08\/fotos-movil-380-e1567190730675.jpg\" alt=\"\" class=\"wp-image-13\" srcset=\"https:\/\/www.parashihtzu.top\/wp-content\/uploads\/2019\/08\/fotos-movil-380-e1567190730675.jpg 626w, https:\/\/www.parashihtzu.top\/wp-content\/uploads\/2019\/08\/fotos-movil-380-e1567190730675-300x284.jpg 300w\" sizes=\"(max-width: 626px) 100vw, 626px\" \/><figcaption>Mi gran querido y fiel amigo<\/figcaption><\/figure><\/div>\n\n\n<p>\u00c9l y yo te damos la bienvenida para mimar, conocer y aprender todo sobre los SHIHTZU. <\/p>\n\n\n\n<p class=\"has-dark-gray-color has-white-background-color has-text-color has-background\">Si te gusta esta raza o sientes curiosidad en saber algo sobre ella, te invito a que la descubras aqu\u00ed. Podr\u00e1s encontrar tanto informaci\u00f3n como art\u00edculos que necesites relacionados con nuestra querida mascota.  t\u00fa, que eres un enamorado de la raza Shih tzu en particular y de los perros en general, podr\u00e1s encontrar lo que buscas en esta web<\/p>\n\n\n\n<p>Sum\u00e9rgete en este mundo maravilloso dedicado a la raza shih tzu, en la que se ir\u00e1n incluyendo art\u00edculos para que las opciones sean variadas y completas. Te escribe una \u00abShih tzu lover\u00bb y una apasionada del mundo animal <\/p>\n\n\n<div class=\"pt-cv-wrapper\"><div class=\"pt-cv-view pt-cv-grid pt-cv-colsys\" id=\"pt-cv-view-95eeebdqhr\"><div data-id=\"pt-cv-page-1\" class=\"pt-cv-page\" data-cvc=\"4\"><div class=\"col-md-3 col-sm-3 col-xs-12 pt-cv-content-item pt-cv-1-col\" ><div class='pt-cv-ifield'><a href=\"https:\/\/www.parashihtzu.top\/index.php\/tu-shih-tzu-ronca-que-hacer\/\" class=\"_self pt-cv-href-thumbnail pt-cv-thumb-default\" target=\"_self\" ><img width=\"442\" height=\"388\" src=\"https:\/\/www.parashihtzu.top\/wp-content\/uploads\/2020\/04\/920674712c08b827674b8fed6f1016a4-1.jpg\" class=\"pt-cv-thumbnail\" alt=\"shih tzu durmiendo\" srcset=\"https:\/\/www.parashihtzu.top\/wp-content\/uploads\/2020\/04\/920674712c08b827674b8fed6f1016a4-1.jpg 442w, https:\/\/www.parashihtzu.top\/wp-content\/uploads\/2020\/04\/920674712c08b827674b8fed6f1016a4-1-300x263.jpg 300w\" sizes=\"(max-width: 442px) 100vw, 442px\" \/><\/a>\n<h3 class=\"pt-cv-title\"><a href=\"https:\/\/www.parashihtzu.top\/index.php\/tu-shih-tzu-ronca-que-hacer\/\" class=\"_self\" target=\"_self\" >Tu SHIH TZU ronca \u00bfQu\u00e9 hacer?<\/a><\/h3>\n<div class=\"pt-cv-content\">Por qu\u00e9 mi shih tzu ronca? Tranquilo, en la mayor\u00eda de los casos , no es algo grave. Por lo ...<br \/><div class=\"pt-cv-rmwrap\"><a href=\"https:\/\/www.parashihtzu.top\/index.php\/tu-shih-tzu-ronca-que-hacer\/\" class=\"_self pt-cv-readmore btn btn-success\" target=\"_self\">Leer M\u00e1s<\/a><\/div><\/div><\/div><\/div>\n<div class=\"col-md-3 col-sm-3 col-xs-12 pt-cv-content-item pt-cv-1-col\" ><div class='pt-cv-ifield'><a href=\"https:\/\/www.parashihtzu.top\/index.php\/como-quitar-los-nudos-de-nuestro-shih-tzu\/\" class=\"_self pt-cv-href-thumbnail pt-cv-thumb-default\" target=\"_self\" ><img width=\"1000\" height=\"811\" src=\"https:\/\/www.parashihtzu.top\/wp-content\/uploads\/2020\/03\/Shih-Tzu-Information-and-Pictures-Petguide-1.jpg\" class=\"pt-cv-thumbnail\" alt=\"shihtzu sin nudos\" srcset=\"https:\/\/www.parashihtzu.top\/wp-content\/uploads\/2020\/03\/Shih-Tzu-Information-and-Pictures-Petguide-1.jpg 1000w, https:\/\/www.parashihtzu.top\/wp-content\/uploads\/2020\/03\/Shih-Tzu-Information-and-Pictures-Petguide-1-300x243.jpg 300w, https:\/\/www.parashihtzu.top\/wp-content\/uploads\/2020\/03\/Shih-Tzu-Information-and-Pictures-Petguide-1-768x623.jpg 768w, https:\/\/www.parashihtzu.top\/wp-content\/uploads\/2020\/03\/Shih-Tzu-Information-and-Pictures-Petguide-1-640x519.jpg 640w\" sizes=\"(max-width: 1000px) 100vw, 1000px\" \/><\/a>\n<h3 class=\"pt-cv-title\"><a href=\"https:\/\/www.parashihtzu.top\/index.php\/como-quitar-los-nudos-de-nuestro-shih-tzu\/\" class=\"_self\" target=\"_self\" >\u00bfCOMO QUITAR LOS NUDOS DE NUESTRO SHIH TZU?<\/a><\/h3>\n<div class=\"pt-cv-content\">Es muy importante el cepillado de nuestro shih tzu cada d\u00eda y sino cada dos d\u00edas, como mucho, ya que ...<br \/><div class=\"pt-cv-rmwrap\"><a href=\"https:\/\/www.parashihtzu.top\/index.php\/como-quitar-los-nudos-de-nuestro-shih-tzu\/\" class=\"_self pt-cv-readmore btn btn-success\" target=\"_self\">Leer M\u00e1s<\/a><\/div><\/div><\/div><\/div>\n<div class=\"col-md-3 col-sm-3 col-xs-12 pt-cv-content-item pt-cv-1-col\" ><div class='pt-cv-ifield'><a href=\"https:\/\/www.parashihtzu.top\/index.php\/ropa-para-perros-pequenos-trajes-y-panuelos\/\" class=\"_self pt-cv-href-thumbnail pt-cv-thumb-default\" target=\"_self\" ><img width=\"640\" height=\"640\" src=\"https:\/\/www.parashihtzu.top\/wp-content\/uploads\/2019\/09\/71709121_2414078688835733_7564069852569158561_n.jpg\" class=\"pt-cv-thumbnail\" alt=\"BANDANAS O PA\u00d1UELOS\" srcset=\"https:\/\/www.parashihtzu.top\/wp-content\/uploads\/2019\/09\/71709121_2414078688835733_7564069852569158561_n.jpg 640w, https:\/\/www.parashihtzu.top\/wp-content\/uploads\/2019\/09\/71709121_2414078688835733_7564069852569158561_n-150x150.jpg 150w, https:\/\/www.parashihtzu.top\/wp-content\/uploads\/2019\/09\/71709121_2414078688835733_7564069852569158561_n-300x300.jpg 300w, https:\/\/www.parashihtzu.top\/wp-content\/uploads\/2019\/09\/71709121_2414078688835733_7564069852569158561_n-144x144.jpg 144w\" sizes=\"(max-width: 640px) 100vw, 640px\" \/><\/a>\n<h3 class=\"pt-cv-title\"><a href=\"https:\/\/www.parashihtzu.top\/index.php\/ropa-para-perros-pequenos-trajes-y-panuelos\/\" class=\"_self\" target=\"_self\" >SHIH TZU A LA MODA: ROPA Y PA\u00d1UELOS<\/a><\/h3>\n<div class=\"pt-cv-content\">Posted by @dailydougie Tu que siempre est\u00e1s a la moda te adjunto unos cuantos trajes y accesorios que te van ...<br \/><div class=\"pt-cv-rmwrap\"><a href=\"https:\/\/www.parashihtzu.top\/index.php\/ropa-para-perros-pequenos-trajes-y-panuelos\/\" class=\"_self pt-cv-readmore btn btn-success\" target=\"_self\">Leer M\u00e1s<\/a><\/div><\/div><\/div><\/div>\n<div class=\"col-md-3 col-sm-3 col-xs-12 pt-cv-content-item pt-cv-1-col\" ><div class='pt-cv-ifield'><a href=\"https:\/\/www.parashihtzu.top\/index.php\/origen-de-la-raza-shih-tzu\/\" class=\"_self pt-cv-href-thumbnail pt-cv-thumb-default\" target=\"_self\" ><img width=\"630\" height=\"630\" src=\"https:\/\/www.parashihtzu.top\/wp-content\/uploads\/2019\/09\/2791113_0.jpg\" class=\"pt-cv-thumbnail\" alt=\"ORIGEN DE LOS SHIHTZU\" srcset=\"https:\/\/www.parashihtzu.top\/wp-content\/uploads\/2019\/09\/2791113_0.jpg 630w, https:\/\/www.parashihtzu.top\/wp-content\/uploads\/2019\/09\/2791113_0-150x150.jpg 150w, https:\/\/www.parashihtzu.top\/wp-content\/uploads\/2019\/09\/2791113_0-300x300.jpg 300w, https:\/\/www.parashihtzu.top\/wp-content\/uploads\/2019\/09\/2791113_0-144x144.jpg 144w\" sizes=\"(max-width: 630px) 100vw, 630px\" \/><\/a>\n<h3 class=\"pt-cv-title\"><a href=\"https:\/\/www.parashihtzu.top\/index.php\/origen-de-la-raza-shih-tzu\/\" class=\"_self\" target=\"_self\" >ORIGEN DE LA RAZA SHIH TZU<\/a><\/h3>\n<div class=\"pt-cv-content\">El Shih Tzu, tambi\u00e9n llamado perro le\u00f3n, perro melenudo, Xi Shi, lion dog, Lhassa, Tibetano Poodle o perro crisantemo es ...<br \/><div class=\"pt-cv-rmwrap\"><a href=\"https:\/\/www.parashihtzu.top\/index.php\/origen-de-la-raza-shih-tzu\/\" class=\"_self pt-cv-readmore btn btn-success\" target=\"_self\">Leer M\u00e1s<\/a><\/div><\/div><\/div><\/div>\n<div class=\"col-md-3 col-sm-3 col-xs-12 pt-cv-content-item pt-cv-1-col\" ><div class='pt-cv-ifield'><a href=\"https:\/\/www.parashihtzu.top\/index.php\/bano-de-nuestro-shih-tzu\/\" class=\"_self pt-cv-href-thumbnail pt-cv-thumb-default\" target=\"_self\" ><img width=\"225\" height=\"225\" src=\"https:\/\/www.parashihtzu.top\/wp-content\/uploads\/2019\/09\/images.jpg\" class=\"pt-cv-thumbnail\" alt=\"BA\u00d1O DE SHIH TZU\" srcset=\"https:\/\/www.parashihtzu.top\/wp-content\/uploads\/2019\/09\/images.jpg 225w, https:\/\/www.parashihtzu.top\/wp-content\/uploads\/2019\/09\/images-150x150.jpg 150w, https:\/\/www.parashihtzu.top\/wp-content\/uploads\/2019\/09\/images-144x144.jpg 144w\" sizes=\"(max-width: 225px) 100vw, 225px\" \/><\/a>\n<h3 class=\"pt-cv-title\"><a href=\"https:\/\/www.parashihtzu.top\/index.php\/bano-de-nuestro-shih-tzu\/\" class=\"_self\" target=\"_self\" >LLEG\u00d3 LA HORA DEL BA\u00d1O DE  NUESTRO SHIH TZU!<\/a><\/h3>\n<div class=\"pt-cv-content\">BA\u00d1O SHIH TZU \u00bfC\u00f3mo ba\u00f1ar a un Shih Tzu en casa? Es aconsejable llevar a nuestras mascotas a peluquer\u00edas caninas ...<br \/><div class=\"pt-cv-rmwrap\"><a href=\"https:\/\/www.parashihtzu.top\/index.php\/bano-de-nuestro-shih-tzu\/\" class=\"_self pt-cv-readmore btn btn-success\" target=\"_self\">Leer M\u00e1s<\/a><\/div><\/div><\/div><\/div>\n<div class=\"col-md-3 col-sm-3 col-xs-12 pt-cv-content-item pt-cv-1-col\" ><div class='pt-cv-ifield'><a href=\"https:\/\/www.parashihtzu.top\/index.php\/alimentacion-para-shih-tzu\/\" class=\"_self pt-cv-href-thumbnail pt-cv-thumb-default\" target=\"_self\" ><\/a>\n<h3 class=\"pt-cv-title\"><a href=\"https:\/\/www.parashihtzu.top\/index.php\/alimentacion-para-shih-tzu\/\" class=\"_self\" target=\"_self\" >ALIMENTACI\u00d3N PARA SHIH TZU<\/a><\/h3>\n<div class=\"pt-cv-content\">En este art\u00edculo te quiero hablar del uno de los pilares fundamentales para que tu Shihtzu crezca fuerte y sano, ...<br \/><div class=\"pt-cv-rmwrap\"><a href=\"https:\/\/www.parashihtzu.top\/index.php\/alimentacion-para-shih-tzu\/\" class=\"_self pt-cv-readmore btn btn-success\" target=\"_self\">Leer M\u00e1s<\/a><\/div><\/div><\/div><\/div>\n<div class=\"col-md-3 col-sm-3 col-xs-12 pt-cv-content-item pt-cv-1-col\" ><div class='pt-cv-ifield'><a href=\"https:\/\/www.parashihtzu.top\/index.php\/arneses-para-perros-los-top-5-mejores-de\/\" class=\"_self pt-cv-href-thumbnail pt-cv-thumb-default\" target=\"_self\" ><img width=\"201\" height=\"250\" src=\"https:\/\/www.parashihtzu.top\/wp-content\/uploads\/2019\/09\/shihtzu-con-arnes.jpg\" class=\"pt-cv-thumbnail\" alt=\"Arneses para perros peque\u00f1os: los TOP 5 mejores de 2019\" \/><\/a>\n<h3 class=\"pt-cv-title\"><a href=\"https:\/\/www.parashihtzu.top\/index.php\/arneses-para-perros-los-top-5-mejores-de\/\" class=\"_self\" target=\"_self\" >Arneses para perros peque\u00f1os: los TOP 5 mejores de 2022<\/a><\/h3>\n<div class=\"pt-cv-content\">Hemos hablado del adiestramiento de nuestro querido SHIH TZU y parte imprescindible de este aprendizaje es el paseo. Os traigo ...<br \/><div class=\"pt-cv-rmwrap\"><a href=\"https:\/\/www.parashihtzu.top\/index.php\/arneses-para-perros-los-top-5-mejores-de\/\" class=\"_self pt-cv-readmore btn btn-success\" target=\"_self\">Leer M\u00e1s<\/a><\/div><\/div><\/div><\/div>\n<div class=\"col-md-3 col-sm-3 col-xs-12 pt-cv-content-item pt-cv-1-col\" ><div class='pt-cv-ifield'><a href=\"https:\/\/www.parashihtzu.top\/index.php\/caracter-y-comportamiento-shih-tzu\/\" class=\"_self pt-cv-href-thumbnail pt-cv-thumb-default\" target=\"_self\" ><img width=\"732\" height=\"923\" src=\"https:\/\/www.parashihtzu.top\/wp-content\/uploads\/2019\/09\/7731d72eb1343710cd0ebcf7007c21aa.jpg\" class=\"pt-cv-thumbnail\" alt=\"CAR\u00c1CTER Y COMPORTAMIENTO SHIH TZU\" srcset=\"https:\/\/www.parashihtzu.top\/wp-content\/uploads\/2019\/09\/7731d72eb1343710cd0ebcf7007c21aa.jpg 732w, https:\/\/www.parashihtzu.top\/wp-content\/uploads\/2019\/09\/7731d72eb1343710cd0ebcf7007c21aa-238x300.jpg 238w, https:\/\/www.parashihtzu.top\/wp-content\/uploads\/2019\/09\/7731d72eb1343710cd0ebcf7007c21aa-640x807.jpg 640w\" sizes=\"(max-width: 732px) 100vw, 732px\" \/><\/a>\n<h3 class=\"pt-cv-title\"><a href=\"https:\/\/www.parashihtzu.top\/index.php\/caracter-y-comportamiento-shih-tzu\/\" class=\"_self\" target=\"_self\" >Car\u00e1cter y comportamiento Shih tzu<\/a><\/h3>\n<div class=\"pt-cv-content\">Los SHIH TZU aprenden muy r\u00e1pido y su adiestramiento desde cachorros es la mejor opci\u00f3n La AKC describe al Shih ...<br \/><div class=\"pt-cv-rmwrap\"><a href=\"https:\/\/www.parashihtzu.top\/index.php\/caracter-y-comportamiento-shih-tzu\/\" class=\"_self pt-cv-readmore btn btn-success\" target=\"_self\">Leer M\u00e1s<\/a><\/div><\/div><\/div><\/div><\/div><\/div><\/div>\n\n\n<div class=\"wp-block-image is-style-default\">\n<figure class=\"aligncenter size-full\"><img width=\"500\" height=\"257\" src=\"https:\/\/www.parashihtzu.top\/wp-content\/uploads\/2022\/09\/cropped-cropped-Copia_de_Logo_Logotipo_de_flores_Acuarela_Floral_Pastel_rosa-removebg-preview.png\" alt=\"universo shihtzu\" class=\"wp-image-606\" srcset=\"https:\/\/www.parashihtzu.top\/wp-content\/uploads\/2022\/09\/cropped-cropped-Copia_de_Logo_Logotipo_de_flores_Acuarela_Floral_Pastel_rosa-removebg-preview.png 500w, https:\/\/www.parashihtzu.top\/wp-content\/uploads\/2022\/09\/cropped-cropped-Copia_de_Logo_Logotipo_de_flores_Acuarela_Floral_Pastel_rosa-removebg-preview-300x154.png 300w\" sizes=\"(max-width: 500px) 100vw, 500px\" \/><figcaption><strong>Dale click y acceder\u00e1s a mi instagram <a href=\"https:\/\/www.instagram.com\/universo_shihtzu\/?hl=es\">@universo_shihtzu<\/a><\/strong><br><\/figcaption><\/figure><\/div>\n\n\n<p>Si tienes alguna sugerencia o bien petici\u00f3n puedes contactar conmigo a trav\u00e9s del formulario que encontrar\u00e1s al principio de la p\u00e1gina a la derecha. Estar\u00e9 encantada de escucharte. <strong> Mima mucho a tu Shih tzu tal y como \u00e9l lo hace contigo cada d\u00eda!<\/strong> <br><\/p>\n","protected":false},"excerpt":{"rendered":"<p>\u00c9l y yo te damos la bienvenida para mimar, conocer y aprender todo sobre los SHIHTZU. Si te gusta esta raza o sientes curiosidad en saber algo sobre ella, te invito a que la descubras aqu\u00ed. Podr\u00e1s encontrar tanto informaci\u00f3n como art\u00edculos que necesites relacionados con nuestra querida mascota. t\u00fa, que eres un enamorado de [&hellip;]<\/p>\n","protected":false},"author":1,"featured_media":32,"parent":0,"menu_order":0,"comment_status":"closed","ping_status":"closed","template":"","meta":[],"yoast_head":"<!-- This site is optimized with the Yoast SEO plugin v20.0 - https:\/\/yoast.com\/wordpress\/plugins\/seo\/ -->\n<title>INICIO - UNIVERSO SHIH-TZU<\/title>\n<meta name=\"description\" content=\"\u2705Si te gusta esta raza (shih tzu) \u2705 o sientes curiosidad en saber algo sobre ella, te invito a que la descubras aqu\u00ed. Podr\u00e1s encontrar tanto informaci\u00f3n como art\u00edculos que necesites relacionados con nuestra querida mascota.\" \/>\n<meta name=\"robots\" content=\"index, follow, max-snippet:-1, max-image-preview:large, max-video-preview:-1\" \/>\n<link rel=\"canonical\" href=\"https:\/\/www.parashihtzu.top\/\" \/>\n<meta property=\"og:locale\" content=\"es_ES\" \/>\n<meta property=\"og:type\" content=\"article\" \/>\n<meta property=\"og:title\" content=\"INICIO - UNIVERSO SHIH-TZU\" \/>\n<meta property=\"og:description\" content=\"\u2705Si te gusta esta raza (shih tzu) \u2705 o sientes curiosidad en saber algo sobre ella, te invito a que la descubras aqu\u00ed. Podr\u00e1s encontrar tanto informaci\u00f3n como art\u00edculos que necesites relacionados con nuestra querida mascota.\" \/>\n<meta property=\"og:url\" content=\"https:\/\/www.parashihtzu.top\/\" \/>\n<meta property=\"og:site_name\" content=\"UNIVERSO SHIH-TZU\" \/>\n<meta property=\"article:modified_time\" content=\"2022-09-14T20:41:23+00:00\" \/>\n<meta property=\"og:image\" content=\"https:\/\/www.parashihtzu.top\/wp-content\/uploads\/2019\/09\/shihtzu-estudio_87557-4759-e1568660463832.jpg\" \/>\n\t<meta property=\"og:image:width\" content=\"626\" \/>\n\t<meta property=\"og:image:height\" content=\"411\" \/>\n\t<meta property=\"og:image:type\" content=\"image\/jpeg\" \/>\n<meta name=\"twitter:card\" content=\"summary_large_image\" \/>\n<meta name=\"twitter:label1\" content=\"Tiempo de lectura\" \/>\n\t<meta name=\"twitter:data1\" content=\"2 minutos\" \/>\n<script type=\"application\/ld+json\" class=\"yoast-schema-graph\">{\"@context\":\"https:\/\/schema.org\",\"@graph\":[{\"@type\":\"WebPage\",\"@id\":\"https:\/\/www.parashihtzu.top\/\",\"url\":\"https:\/\/www.parashihtzu.top\/\",\"name\":\"INICIO - UNIVERSO SHIH-TZU\",\"isPartOf\":{\"@id\":\"https:\/\/www.parashihtzu.top\/#website\"},\"datePublished\":\"2019-08-30T18:53:16+00:00\",\"dateModified\":\"2022-09-14T20:41:23+00:00\",\"description\":\"\u2705Si te gusta esta raza (shih tzu) \u2705 o sientes curiosidad en saber algo sobre ella, te invito a que la descubras aqu\u00ed. Podr\u00e1s encontrar tanto informaci\u00f3n como art\u00edculos que necesites relacionados con nuestra querida mascota.\",\"breadcrumb\":{\"@id\":\"https:\/\/www.parashihtzu.top\/#breadcrumb\"},\"inLanguage\":\"es\",\"potentialAction\":[{\"@type\":\"ReadAction\",\"target\":[\"https:\/\/www.parashihtzu.top\/\"]}]},{\"@type\":\"BreadcrumbList\",\"@id\":\"https:\/\/www.parashihtzu.top\/#breadcrumb\",\"itemListElement\":[{\"@type\":\"ListItem\",\"position\":1,\"name\":\"Portada\",\"item\":\"https:\/\/www.parashihtzu.top\/\"},{\"@type\":\"ListItem\",\"position\":2,\"name\":\"INICIO\"}]},{\"@type\":\"WebSite\",\"@id\":\"https:\/\/www.parashihtzu.top\/#website\",\"url\":\"https:\/\/www.parashihtzu.top\/\",\"name\":\"UNIVERSO SHIH-TZU\",\"description\":\"Web sobre la raza SHIHTZU con productos e informaci&oacute;n\",\"publisher\":{\"@id\":\"https:\/\/www.parashihtzu.top\/#organization\"},\"potentialAction\":[{\"@type\":\"SearchAction\",\"target\":{\"@type\":\"EntryPoint\",\"urlTemplate\":\"https:\/\/www.parashihtzu.top\/?s={search_term_string}\"},\"query-input\":\"required name=search_term_string\"}],\"inLanguage\":\"es\"},{\"@type\":\"Organization\",\"@id\":\"https:\/\/www.parashihtzu.top\/#organization\",\"name\":\"UNIVERSO SHIH-TZU\",\"url\":\"https:\/\/www.parashihtzu.top\/\",\"logo\":{\"@type\":\"ImageObject\",\"inLanguage\":\"es\",\"@id\":\"https:\/\/www.parashihtzu.top\/#\/schema\/logo\/image\/\",\"url\":\"https:\/\/www.parashihtzu.top\/wp-content\/uploads\/2022\/09\/cropped-Copia_de_Logo_Logotipo_de_flores_Acuarela_Floral_Pastel_rosa-removebg-preview.png\",\"contentUrl\":\"https:\/\/www.parashihtzu.top\/wp-content\/uploads\/2022\/09\/cropped-Copia_de_Logo_Logotipo_de_flores_Acuarela_Floral_Pastel_rosa-removebg-preview.png\",\"width\":500,\"height\":257,\"caption\":\"UNIVERSO SHIH-TZU\"},\"image\":{\"@id\":\"https:\/\/www.parashihtzu.top\/#\/schema\/logo\/image\/\"}}]}<\/script>\n<!-- \/ Yoast SEO plugin. -->","yoast_head_json":{"title":"INICIO - UNIVERSO SHIH-TZU","description":"\u2705Si te gusta esta raza (shih tzu) \u2705 o sientes curiosidad en saber algo sobre ella, te invito a que la descubras aqu\u00ed. Podr\u00e1s encontrar tanto informaci\u00f3n como art\u00edculos que necesites relacionados con nuestra querida mascota.","robots":{"index":"index","follow":"follow","max-snippet":"max-snippet:-1","max-image-preview":"max-image-preview:large","max-video-preview":"max-video-preview:-1"},"canonical":"https:\/\/www.parashihtzu.top\/","og_locale":"es_ES","og_type":"article","og_title":"INICIO - UNIVERSO SHIH-TZU","og_description":"\u2705Si te gusta esta raza (shih tzu) \u2705 o sientes curiosidad en saber algo sobre ella, te invito a que la descubras aqu\u00ed. Podr\u00e1s encontrar tanto informaci\u00f3n como art\u00edculos que necesites relacionados con nuestra querida mascota.","og_url":"https:\/\/www.parashihtzu.top\/","og_site_name":"UNIVERSO SHIH-TZU","article_modified_time":"2022-09-14T20:41:23+00:00","og_image":[{"width":626,"height":411,"url":"https:\/\/www.parashihtzu.top\/wp-content\/uploads\/2019\/09\/shihtzu-estudio_87557-4759-e1568660463832.jpg","type":"image\/jpeg"}],"twitter_card":"summary_large_image","twitter_misc":{"Tiempo de lectura":"2 minutos"},"schema":{"@context":"https:\/\/schema.org","@graph":[{"@type":"WebPage","@id":"https:\/\/www.parashihtzu.top\/","url":"https:\/\/www.parashihtzu.top\/","name":"INICIO - UNIVERSO SHIH-TZU","isPartOf":{"@id":"https:\/\/www.parashihtzu.top\/#website"},"datePublished":"2019-08-30T18:53:16+00:00","dateModified":"2022-09-14T20:41:23+00:00","description":"\u2705Si te gusta esta raza (shih tzu) \u2705 o sientes curiosidad en saber algo sobre ella, te invito a que la descubras aqu\u00ed. Podr\u00e1s encontrar tanto informaci\u00f3n como art\u00edculos que necesites relacionados con nuestra querida mascota.","breadcrumb":{"@id":"https:\/\/www.parashihtzu.top\/#breadcrumb"},"inLanguage":"es","potentialAction":[{"@type":"ReadAction","target":["https:\/\/www.parashihtzu.top\/"]}]},{"@type":"BreadcrumbList","@id":"https:\/\/www.parashihtzu.top\/#breadcrumb","itemListElement":[{"@type":"ListItem","position":1,"name":"Portada","item":"https:\/\/www.parashihtzu.top\/"},{"@type":"ListItem","position":2,"name":"INICIO"}]},{"@type":"WebSite","@id":"https:\/\/www.parashihtzu.top\/#website","url":"https:\/\/www.parashihtzu.top\/","name":"UNIVERSO SHIH-TZU","description":"Web sobre la raza SHIHTZU con productos e informaci&oacute;n","publisher":{"@id":"https:\/\/www.parashihtzu.top\/#organization"},"potentialAction":[{"@type":"SearchAction","target":{"@type":"EntryPoint","urlTemplate":"https:\/\/www.parashihtzu.top\/?s={search_term_string}"},"query-input":"required name=search_term_string"}],"inLanguage":"es"},{"@type":"Organization","@id":"https:\/\/www.parashihtzu.top\/#organization","name":"UNIVERSO SHIH-TZU","url":"https:\/\/www.parashihtzu.top\/","logo":{"@type":"ImageObject","inLanguage":"es","@id":"https:\/\/www.parashihtzu.top\/#\/schema\/logo\/image\/","url":"https:\/\/www.parashihtzu.top\/wp-content\/uploads\/2022\/09\/cropped-Copia_de_Logo_Logotipo_de_flores_Acuarela_Floral_Pastel_rosa-removebg-preview.png","contentUrl":"https:\/\/www.parashihtzu.top\/wp-content\/uploads\/2022\/09\/cropped-Copia_de_Logo_Logotipo_de_flores_Acuarela_Floral_Pastel_rosa-removebg-preview.png","width":500,"height":257,"caption":"UNIVERSO SHIH-TZU"},"image":{"@id":"https:\/\/www.parashihtzu.top\/#\/schema\/logo\/image\/"}}]}},"_links":{"self":[{"href":"https:\/\/www.parashihtzu.top\/index.php\/wp-json\/wp\/v2\/pages\/5"}],"collection":[{"href":"https:\/\/www.parashihtzu.top\/index.php\/wp-json\/wp\/v2\/pages"}],"about":[{"href":"https:\/\/www.parashihtzu.top\/index.php\/wp-json\/wp\/v2\/types\/page"}],"author":[{"embeddable":true,"href":"https:\/\/www.parashihtzu.top\/index.php\/wp-json\/wp\/v2\/users\/1"}],"replies":[{"embeddable":true,"href":"https:\/\/www.parashihtzu.top\/index.php\/wp-json\/wp\/v2\/comments?post=5"}],"version-history":[{"count":29,"href":"https:\/\/www.parashihtzu.top\/index.php\/wp-json\/wp\/v2\/pages\/5\/revisions"}],"predecessor-version":[{"id":614,"href":"https:\/\/www.parashihtzu.top\/index.php\/wp-json\/wp\/v2\/pages\/5\/revisions\/614"}],"wp:featuredmedia":[{"embeddable":true,"href":"https:\/\/www.parashihtzu.top\/index.php\/wp-json\/wp\/v2\/media\/32"}],"wp:attachment":[{"href":"https:\/\/www.parashihtzu.top\/index.php\/wp-json\/wp\/v2\/media?parent=5"}],"curies":[{"name":"wp","href":"https:\/\/api.w.org\/{rel}","templated":true}]}}