{"id":61,"date":"2019-09-05T12:32:02","date_gmt":"2019-09-05T12:32:02","guid":{"rendered":"https:\/\/www.parashihtzu.top\/?page_id=61"},"modified":"2022-06-22T19:06:28","modified_gmt":"2022-06-22T19:06:28","slug":"arneses-para-perros-los-top-5-mejores-de","status":"publish","type":"page","link":"https:\/\/www.parashihtzu.top\/index.php\/arneses-para-perros-los-top-5-mejores-de\/","title":{"rendered":"Arneses para perros peque\u00f1os: los TOP 5 mejores de 2022"},"content":{"rendered":"\n<iframe src=\"\/\/rcm-na.amazon-adsystem.com\/e\/cm?o=1&amp;p=48&amp;l=ez&amp;f=ifr&amp;linkID=998e3b9044348f8b1ec90c275a97cbaf&amp;t=jennifergar00-20&amp;tracking_id=jennifergar00-20\" width=\"728\" height=\"90\" scrolling=\"no\" border=\"0\" marginwidth=\"0\" style=\"border:none;\" frameborder=\"0\"><\/iframe>\n\n\n<div class=\"wp-block-image\">\n<figure class=\"aligncenter\"><img width=\"201\" height=\"250\" src=\"https:\/\/www.parashihtzu.top\/wp-content\/uploads\/2019\/09\/shihtzu-con-arnes-1.jpg\" alt=\"\" class=\"wp-image-84\"\/><\/figure><\/div>\n\n\n<p>Hemos hablado del adiestramiento de nuestro querido SHIH TZU y parte imprescindible de este aprendizaje es el paseo. Os traigo una rese\u00f1a sobre&nbsp;<strong>los mejores arneses para perros del momento<\/strong>. Dado que los m\u00e1s utilizados son los tipo chaleco, he decidido hacer una&nbsp;<strong>selecci\u00f3n de los cinco m\u00e1s vendidos del a\u00f1o<\/strong>. Una de las principales caracter\u00edsticas de un buen arn\u00e9s, es que la carga ha de verse distribuida a lo largo y ancho del \u00e1rea del pecho. De esta forma evitaremos hacer da\u00f1o a nuestro amigo de cuatro patas. Contin\u00faa leyendo para saberlo&nbsp;<strong>todo sobre los cinco mejores arneses del mundo<\/strong>. <\/p>\n\n\n\n<h3 id=\"title\">Julius-K9 16IDC &#8211; Power Harness<\/h3>\n\n\n\n<iframe sandbox=\"allow-popups allow-scripts allow-modals allow-forms allow-same-origin\" style=\"width:120px;height:240px;\" marginwidth=\"0\" marginheight=\"0\" scrolling=\"no\" frameborder=\"0\" src=\"\/\/ws-na.amazon-adsystem.com\/widgets\/q?ServiceVersion=20070822&#038;OneJS=1&#038;Operation=GetAdHtml&#038;MarketPlace=US&#038;source=ss&#038;ref=as_ss_li_til&#038;ad_type=product_link&#038;tracking_id=jennifergar00-20&#038;language=es_US&#038;marketplace=amazon&#038;region=US&#038;placement=B004IEKTFA&#038;asins=B004IEKTFA&#038;linkId=8457a77a67afc0ec825ac96410c297dc&#038;show_border=true&#038;link_opens_in_new_window=true\"><\/iframe>\n\n<iframe sandbox=\"allow-popups allow-scripts allow-modals allow-forms allow-same-origin\" style=\"width:120px;height:240px;\" marginwidth=\"0\" marginheight=\"0\" scrolling=\"no\" frameborder=\"0\" src=\"\/\/ws-na.amazon-adsystem.com\/widgets\/q?ServiceVersion=20070822&#038;OneJS=1&#038;Operation=GetAdHtml&#038;MarketPlace=US&#038;source=ss&#038;ref=as_ss_li_til&#038;ad_type=product_link&#038;tracking_id=jennifergar00-20&#038;language=es_US&#038;marketplace=amazon&#038;region=US&#038;placement=B01FFWPVT2&#038;asins=B01FFWPVT2&#038;linkId=3807ab1756f3532759b78df9909f530c&#038;show_border=true&#038;link_opens_in_new_window=true\"><\/iframe>\n\n\n\n<p>Este es el arn\u00e9s por excelencia, tiene una amplia selecci\u00f3n tanto de tama\u00f1os, como de colores, nuestros amigos minis estar\u00e1n encantados con esta correa. Tanto es as\u00ed que lo fundamenta la gran cantidad de comentarios positivos sobre este producto ya que esta marca es conocida por su altas prestaciones. Su departamento de innovaciones (I+D) ha pulido un producto de \u00e9xito logrando la perfecci\u00f3n ergon\u00f3mica y un dise\u00f1o que no deja indiferente a nadie, pero dando mayor \u00e9nfasis a la seguridad y el confort. <\/p>\n\n\n\n<p>\u00bfQui\u00e9n no ha visto alguna vez uno de estos arneses por la calle?  \u00bfA qu\u00e9 esperas para echarle un vistazo? <\/p>\n\n\n\n<ul><li>Aspecto innovador, deportivo, dise\u00f1o din\u00e1mico<\/li><li>Perfecci\u00f3n ergon\u00f3mica, tama\u00f1o ajustados en funci\u00f3n de las l\u00edneas y angulaciones de tiro de cada raza<\/li><li>Transpirable y forro interior hipoalerg\u00e9nico<\/li><li>Etiquetas luminiscentes laterales \u2013 Julius-K9 Products<\/li><li>Alta Visibilidad, cinta para el pecho reflectante y bordes con pespunte reflectivo<\/li><\/ul>\n\n\n\n<h3 id=\"title\">Rabbitgoo Arnes Perro Peque\u00f1o con Lineas Reflectantes<\/h3>\n\n\n\n<iframe sandbox=\"allow-popups allow-scripts allow-modals allow-forms allow-same-origin\" style=\"width:120px;height:240px;\" marginwidth=\"0\" marginheight=\"0\" scrolling=\"no\" frameborder=\"0\" src=\"\/\/ws-na.amazon-adsystem.com\/widgets\/q?ServiceVersion=20070822&#038;OneJS=1&#038;Operation=GetAdHtml&#038;MarketPlace=US&#038;source=ss&#038;ref=as_ss_li_til&#038;ad_type=product_link&#038;tracking_id=jennifergar00-20&#038;language=es_US&#038;marketplace=amazon&#038;region=US&#038;placement=B086V97B86&#038;asins=B086V97B86&#038;linkId=13510acf956837db8b3da76060b75bcb&#038;show_border=true&#038;link_opens_in_new_window=true\"><\/iframe>\n\n<iframe sandbox=\"allow-popups allow-scripts allow-modals allow-forms allow-same-origin\" style=\"width:120px;height:240px;\" marginwidth=\"0\" marginheight=\"0\" scrolling=\"no\" frameborder=\"0\" src=\"\/\/ws-na.amazon-adsystem.com\/widgets\/q?ServiceVersion=20070822&#038;OneJS=1&#038;Operation=GetAdHtml&#038;MarketPlace=US&#038;source=ss&#038;ref=as_ss_li_til&#038;ad_type=product_link&#038;tracking_id=jennifergar00-20&#038;language=es_US&#038;marketplace=amazon&#038;region=US&#038;placement=B08HLP6XZR&#038;asins=B08HLP6XZR&#038;linkId=811efbcc60af0b8f0e0d7f1cb40fa5fd&#038;show_border=true&#038;link_opens_in_new_window=true\"><\/iframe>\n\n\n\n<p>Este arn\u00e9s es unos de lo m\u00e1s seguros si nos gusta dar paseos nocturnos con nuestro perro o bien si somos amantes de la aventura al aire libre ya que ofrece una buena visibilidad y por tanto mayor seguridad que nuestro amiguito sea visto por los dem\u00e1s.<\/p>\n\n\n\n<p>Tiene un dise\u00f1o de antitirones de modo que se puede tener un mejor control del perro por sujetar la correa a la anilla frente .Cada vez que el perro corre tirando, \u00e9l \/ ella se dar\u00e1 una vuelta en vez de seguir corriendo y tirando de la correa. Pronto el perro aprender\u00e1 a no tirar. <\/p>\n\n\n\n<p>Seg\u00fan el eslogan de la marca Rabbitgoo: <strong><em>\u00abCada d\u00eda, con Rabbitgoo Arn\u00e9s para perro, la aventura al aire libre con sus amigos peludos se convierte en una diversi\u00f3n\u00bb<\/em><\/strong><\/p>\n\n\n\n<p><strong>El modelo incluye 4 correas ajustables<\/strong>&nbsp;y est\u00e1 disponibles en m\u00faltiples tama\u00f1os para que puedas adaptarlo a la perfecci\u00f3n a la fisionom\u00eda de tu amigo perruno. Se trata de&nbsp;<strong>uno de los mejores modelos del mercado <\/strong><\/p>\n\n\n\n<h3 id=\"title\">POYPET Arn\u00e9s de perro anti-tirones<\/h3>\n\n\n\n<iframe sandbox=\"allow-popups allow-scripts allow-modals allow-forms allow-same-origin\" style=\"width:120px;height:240px;\" marginwidth=\"0\" marginheight=\"0\" scrolling=\"no\" frameborder=\"0\" src=\"\/\/ws-na.amazon-adsystem.com\/widgets\/q?ServiceVersion=20070822&#038;OneJS=1&#038;Operation=GetAdHtml&#038;MarketPlace=US&#038;source=ss&#038;ref=as_ss_li_til&#038;ad_type=product_link&#038;tracking_id=jennifergar00-20&#038;language=es_US&#038;marketplace=amazon&#038;region=US&#038;placement=B07RBMPTK8&#038;asins=B07RBMPTK8&#038;linkId=9976e2fad4997fc890f06c398e1bf2b6&#038;show_border=true&#038;link_opens_in_new_window=true\"><\/iframe>\n\n\n\n<p>Sin tirones ni asfixias: este arn\u00e9s para perro anti-tirones tiene 2 puntos de correa de metal resistente, clip frontal para evitar tirones y espalda para paseos relajados.<\/p>\n\n\n\n<p>Correas reflectantes para mayor seguridad: las costuras reflectantes ser\u00e1n realmente bonitas y de alta visibilidad cuando se oscurece. Tu perro ser\u00e1 visto f\u00e1cilmente.<\/p>\n\n\n\n<p>Ajuste ajustable y personalizable: 4 correas totalmente ajustables en el pecho y el cuello, permiten un ajuste personalizado y es v\u00e1lido durante el crecimiento de nuestro perrito <\/p>\n\n\n\n<h3 id=\"title\">ThinkPet Arn\u00e9s Perro Ajustable<\/h3>\n\n\n\n<iframe sandbox=\"allow-popups allow-scripts allow-modals allow-forms allow-same-origin\" style=\"width:120px;height:240px;\" marginwidth=\"0\" marginheight=\"0\" scrolling=\"no\" frameborder=\"0\" src=\"\/\/ws-na.amazon-adsystem.com\/widgets\/q?ServiceVersion=20070822&#038;OneJS=1&#038;Operation=GetAdHtml&#038;MarketPlace=US&#038;source=ss&#038;ref=as_ss_li_til&#038;ad_type=product_link&#038;tracking_id=jennifergar00-20&#038;language=es_US&#038;marketplace=amazon&#038;region=US&#038;placement=B012C3GTI4&#038;asins=B012C3GTI4&#038;linkId=d2e86cd51fa94acecbe046f5f33ebf3f&#038;show_border=true&#038;link_opens_in_new_window=true\"><\/iframe>\n\n<iframe sandbox=\"allow-popups allow-scripts allow-modals allow-forms allow-same-origin\" style=\"width:120px;height:240px;\" marginwidth=\"0\" marginheight=\"0\" scrolling=\"no\" frameborder=\"0\" src=\"\/\/ws-na.amazon-adsystem.com\/widgets\/q?ServiceVersion=20070822&#038;OneJS=1&#038;Operation=GetAdHtml&#038;MarketPlace=US&#038;source=ss&#038;ref=as_ss_li_til&#038;ad_type=product_link&#038;tracking_id=jennifergar00-20&#038;language=es_US&#038;marketplace=amazon&#038;region=US&#038;placement=B07WRGSSMH&#038;asins=B07WRGSSMH&#038;linkId=eb84952d373379c7201867d7e66b7a36&#038;show_border=true&#038;link_opens_in_new_window=true\"><\/iframe>\n\n\n\n<ul><li> <strong>Arn\u00e9s para adiestramiento cachorro y gato<\/strong>  <\/li><li>Tela flexible y cintur\u00f3n de seguridad al lado para soltar f\u00e1cilmente. Cinta de pecho ajustable y presi\u00f3n m\u00ednima al cuello<\/li><li>Arn\u00e9s ligero y respirable &#8211; Interior suave y durable con mallas respirables garantiza la ventilaci\u00f3n y el bienestar de perros peque\u00f1os y gatos. Adecuada para la piel de mascotas<\/li><li>Hebilla de correa- Anillo s\u00f3lido hecho de aleaci\u00f3n de zinc permite m\u00e1s control mediante una cuerda\/correa<\/li><li>Material reflectante &#8211; Las bandas gruesas fluorescentes en la margen aumenta la visibilidad en la oscuridad, permiten evitar accidentes y mejoran la seguridad para sus mascotas<\/li><\/ul>\n\n\n\n<p>Este arn\u00e9s tiene un bonito dise\u00f1o, puedes elegir entre varios colores, cada cual m\u00e1s vistoso. Adem\u00e1s de ser algo imprescindible para pasear a nuestra mascota con la mayor seguridad posible, se convierte en un elemento muy vistoso con lo que nuestras mascotas est\u00e1n mas espectaculares si cabe. A elegir entre varios tama\u00f1os. <\/p>\n\n\n\n<p>A tenor de los comentarios un \u00fanico pero, que se soluciona r\u00e1pidamente contactando con el vendedor, es que hay que tener especial cuidado con la elecci\u00f3n del tama\u00f1o <\/p>\n\n\n\n<h3 id=\"title\"> VOYAGER arn\u00e9s de chaleco para perros peque\u00f1os y gatos<\/h3>\n\n\n\n<iframe sandbox=\"allow-popups allow-scripts allow-modals allow-forms allow-same-origin\" style=\"width:120px;height:240px;\" marginwidth=\"0\" marginheight=\"0\" scrolling=\"no\" frameborder=\"0\" src=\"\/\/ws-na.amazon-adsystem.com\/widgets\/q?ServiceVersion=20070822&#038;OneJS=1&#038;Operation=GetAdHtml&#038;MarketPlace=US&#038;source=ss&#038;ref=as_ss_li_til&#038;ad_type=product_link&#038;tracking_id=jennifergar00-20&#038;language=es_US&#038;marketplace=amazon&#038;region=US&#038;placement=B0171MQW56&#038;asins=B0171MQW56&#038;linkId=108a8b43199e2012f7774869e8d5b21f&#038;show_border=true&#038;link_opens_in_new_window=true\"><\/iframe>\n\n<iframe sandbox=\"allow-popups allow-scripts allow-modals allow-forms allow-same-origin\" style=\"width:120px;height:240px;\" marginwidth=\"0\" marginheight=\"0\" scrolling=\"no\" frameborder=\"0\" src=\"\/\/ws-na.amazon-adsystem.com\/widgets\/q?ServiceVersion=20070822&#038;OneJS=1&#038;Operation=GetAdHtml&#038;MarketPlace=US&#038;source=ss&#038;ref=as_ss_li_til&#038;ad_type=product_link&#038;tracking_id=jennifergar00-20&#038;language=es_US&#038;marketplace=amazon&#038;region=US&#038;placement=B0844P27P2&#038;asins=B0844P27P2&#038;linkId=54f391b67ecb449d519ddfd73bafa0ab&#038;show_border=true&#038;link_opens_in_new_window=true\"><\/iframe>\n\n\n\n<p>Este arn\u00e9s est\u00e1 especialmente indicado para perros mini, incluso gatos.<\/p>\n\n\n\n<p>No hace da\u00f1o al caminar y correr debido a la comodidad del chaleco acolchado. Tejido de malla suave y transpirable para que tu mascota se sienta c\u00f3moda. Dise\u00f1o en forma de V que reduce la resistencia y reduce la sensaci\u00f3n de sujeci\u00f3n de tu mascota.<\/p>\n\n\n\n<p>Este arn\u00e9s es totalmente diferente a lo que hemos visto hasta ahora, ya que est\u00e1 hecho de tela casi en su totalidad. Gracias a ello, es un modelo totalmente transpirable que&nbsp;<strong>ofrecer\u00e1 una gran libertad de movimientos a tu mascota<\/strong>. <\/p>\n\n\n\n<p>El pecho de la silla es ajustable. Usted puede dar a su perro la mejor condici\u00f3n c\u00f3moda mediante ajustes en el pecho. Lo que es m\u00e1s, le asegura bloqueo f\u00e1cil y r\u00e1pido con un solo clic f\u00e1cil, hebilla con cerradura. S\u00f3lo se necesita aproximadamente 1 minuto para vestir a su perro.<\/p>\n\n\n\n<p>La hebilla en el cintur\u00f3n se puede ajustar en tama\u00f1o y se puede deslizar suavemente. Se puede ajustar de acuerdo al tama\u00f1o real de su mascota.<\/p>\n","protected":false},"excerpt":{"rendered":"<p>Hemos hablado del adiestramiento de nuestro querido SHIH TZU y parte imprescindible de este aprendizaje es el paseo. Os traigo una rese\u00f1a sobre&nbsp;los mejores arneses para perros del momento. Dado que los m\u00e1s utilizados son los tipo chaleco, he decidido hacer una&nbsp;selecci\u00f3n de los cinco m\u00e1s vendidos del a\u00f1o. Una de las principales caracter\u00edsticas de [&hellip;]<\/p>\n","protected":false},"author":1,"featured_media":75,"parent":0,"menu_order":0,"comment_status":"closed","ping_status":"closed","template":"","meta":[],"yoast_head":"<!-- This site is optimized with the Yoast SEO plugin v20.0 - https:\/\/yoast.com\/wordpress\/plugins\/seo\/ -->\n<title>Arneses para perros peque\u00f1os: los TOP 5 mejores de 2022 - UNIVERSO SHIH-TZU 2026<\/title>\n<meta name=\"description\" content=\"Hemos hablado del adiestramiento de nuestro querido SHIH TZU y parte imprescindible de este aprendizaje es el paseo. Os traigo una rese\u00f1a sobre los mejores arneses para perros del momento. Todo sobre los cinco mejores arneses del mundo.\" \/>\n<meta name=\"robots\" content=\"index, follow, max-snippet:-1, max-image-preview:large, max-video-preview:-1\" \/>\n<link rel=\"canonical\" href=\"https:\/\/www.parashihtzu.top\/index.php\/arneses-para-perros-los-top-5-mejores-de\/\" \/>\n<meta property=\"og:locale\" content=\"es_ES\" \/>\n<meta property=\"og:type\" content=\"article\" \/>\n<meta property=\"og:title\" content=\"Arneses para perros peque\u00f1os: los TOP 5 mejores de 2022 - UNIVERSO SHIH-TZU 2026\" \/>\n<meta property=\"og:description\" content=\"Hemos hablado del adiestramiento de nuestro querido SHIH TZU y parte imprescindible de este aprendizaje es el paseo. Os traigo una rese\u00f1a sobre los mejores arneses para perros del momento. Todo sobre los cinco mejores arneses del mundo.\" \/>\n<meta property=\"og:url\" content=\"https:\/\/www.parashihtzu.top\/index.php\/arneses-para-perros-los-top-5-mejores-de\/\" \/>\n<meta property=\"og:site_name\" content=\"UNIVERSO SHIH-TZU\" \/>\n<meta property=\"article:modified_time\" content=\"2022-06-22T19:06:28+00:00\" \/>\n<meta property=\"og:image\" content=\"https:\/\/www.parashihtzu.top\/wp-content\/uploads\/2019\/09\/shihtzu-con-arnes.jpg\" \/>\n\t<meta property=\"og:image:width\" content=\"201\" \/>\n\t<meta property=\"og:image:height\" content=\"250\" \/>\n\t<meta property=\"og:image:type\" content=\"image\/jpeg\" \/>\n<meta name=\"twitter:card\" content=\"summary_large_image\" \/>\n<meta name=\"twitter:label1\" content=\"Tiempo de lectura\" \/>\n\t<meta name=\"twitter:data1\" content=\"5 minutos\" \/>\n<script type=\"application\/ld+json\" class=\"yoast-schema-graph\">{\"@context\":\"https:\/\/schema.org\",\"@graph\":[{\"@type\":\"WebPage\",\"@id\":\"https:\/\/www.parashihtzu.top\/index.php\/arneses-para-perros-los-top-5-mejores-de\/\",\"url\":\"https:\/\/www.parashihtzu.top\/index.php\/arneses-para-perros-los-top-5-mejores-de\/\",\"name\":\"Arneses para perros peque\u00f1os: los TOP 5 mejores de 2022 - UNIVERSO SHIH-TZU 2026\",\"isPartOf\":{\"@id\":\"https:\/\/www.parashihtzu.top\/#website\"},\"datePublished\":\"2019-09-05T12:32:02+00:00\",\"dateModified\":\"2022-06-22T19:06:28+00:00\",\"description\":\"Hemos hablado del adiestramiento de nuestro querido SHIH TZU y parte imprescindible de este aprendizaje es el paseo. Os traigo una rese\u00f1a sobre los mejores arneses para perros del momento. Todo sobre los cinco mejores arneses del mundo.\",\"breadcrumb\":{\"@id\":\"https:\/\/www.parashihtzu.top\/index.php\/arneses-para-perros-los-top-5-mejores-de\/#breadcrumb\"},\"inLanguage\":\"es\",\"potentialAction\":[{\"@type\":\"ReadAction\",\"target\":[\"https:\/\/www.parashihtzu.top\/index.php\/arneses-para-perros-los-top-5-mejores-de\/\"]}]},{\"@type\":\"BreadcrumbList\",\"@id\":\"https:\/\/www.parashihtzu.top\/index.php\/arneses-para-perros-los-top-5-mejores-de\/#breadcrumb\",\"itemListElement\":[{\"@type\":\"ListItem\",\"position\":1,\"name\":\"Portada\",\"item\":\"https:\/\/www.parashihtzu.top\/\"},{\"@type\":\"ListItem\",\"position\":2,\"name\":\"Arneses para perros peque\u00f1os: los TOP 5 mejores de 2022\"}]},{\"@type\":\"WebSite\",\"@id\":\"https:\/\/www.parashihtzu.top\/#website\",\"url\":\"https:\/\/www.parashihtzu.top\/\",\"name\":\"UNIVERSO SHIH-TZU\",\"description\":\"Web sobre la raza SHIHTZU con productos e informaci&oacute;n\",\"publisher\":{\"@id\":\"https:\/\/www.parashihtzu.top\/#organization\"},\"potentialAction\":[{\"@type\":\"SearchAction\",\"target\":{\"@type\":\"EntryPoint\",\"urlTemplate\":\"https:\/\/www.parashihtzu.top\/?s={search_term_string}\"},\"query-input\":\"required name=search_term_string\"}],\"inLanguage\":\"es\"},{\"@type\":\"Organization\",\"@id\":\"https:\/\/www.parashihtzu.top\/#organization\",\"name\":\"UNIVERSO SHIH-TZU\",\"url\":\"https:\/\/www.parashihtzu.top\/\",\"logo\":{\"@type\":\"ImageObject\",\"inLanguage\":\"es\",\"@id\":\"https:\/\/www.parashihtzu.top\/#\/schema\/logo\/image\/\",\"url\":\"https:\/\/www.parashihtzu.top\/wp-content\/uploads\/2022\/09\/cropped-Copia_de_Logo_Logotipo_de_flores_Acuarela_Floral_Pastel_rosa-removebg-preview.png\",\"contentUrl\":\"https:\/\/www.parashihtzu.top\/wp-content\/uploads\/2022\/09\/cropped-Copia_de_Logo_Logotipo_de_flores_Acuarela_Floral_Pastel_rosa-removebg-preview.png\",\"width\":500,\"height\":257,\"caption\":\"UNIVERSO SHIH-TZU\"},\"image\":{\"@id\":\"https:\/\/www.parashihtzu.top\/#\/schema\/logo\/image\/\"}}]}<\/script>\n<!-- \/ Yoast SEO plugin. -->","yoast_head_json":{"title":"Arneses para perros peque\u00f1os: los TOP 5 mejores de 2022 - UNIVERSO SHIH-TZU 2026","description":"Hemos hablado del adiestramiento de nuestro querido SHIH TZU y parte imprescindible de este aprendizaje es el paseo. Os traigo una rese\u00f1a sobre los mejores arneses para perros del momento. Todo sobre los cinco mejores arneses del mundo.","robots":{"index":"index","follow":"follow","max-snippet":"max-snippet:-1","max-image-preview":"max-image-preview:large","max-video-preview":"max-video-preview:-1"},"canonical":"https:\/\/www.parashihtzu.top\/index.php\/arneses-para-perros-los-top-5-mejores-de\/","og_locale":"es_ES","og_type":"article","og_title":"Arneses para perros peque\u00f1os: los TOP 5 mejores de 2022 - UNIVERSO SHIH-TZU 2026","og_description":"Hemos hablado del adiestramiento de nuestro querido SHIH TZU y parte imprescindible de este aprendizaje es el paseo. Os traigo una rese\u00f1a sobre los mejores arneses para perros del momento. Todo sobre los cinco mejores arneses del mundo.","og_url":"https:\/\/www.parashihtzu.top\/index.php\/arneses-para-perros-los-top-5-mejores-de\/","og_site_name":"UNIVERSO SHIH-TZU","article_modified_time":"2022-06-22T19:06:28+00:00","og_image":[{"width":201,"height":250,"url":"https:\/\/www.parashihtzu.top\/wp-content\/uploads\/2019\/09\/shihtzu-con-arnes.jpg","type":"image\/jpeg"}],"twitter_card":"summary_large_image","twitter_misc":{"Tiempo de lectura":"5 minutos"},"schema":{"@context":"https:\/\/schema.org","@graph":[{"@type":"WebPage","@id":"https:\/\/www.parashihtzu.top\/index.php\/arneses-para-perros-los-top-5-mejores-de\/","url":"https:\/\/www.parashihtzu.top\/index.php\/arneses-para-perros-los-top-5-mejores-de\/","name":"Arneses para perros peque\u00f1os: los TOP 5 mejores de 2022 - UNIVERSO SHIH-TZU 2026","isPartOf":{"@id":"https:\/\/www.parashihtzu.top\/#website"},"datePublished":"2019-09-05T12:32:02+00:00","dateModified":"2022-06-22T19:06:28+00:00","description":"Hemos hablado del adiestramiento de nuestro querido SHIH TZU y parte imprescindible de este aprendizaje es el paseo. Os traigo una rese\u00f1a sobre los mejores arneses para perros del momento. Todo sobre los cinco mejores arneses del mundo.","breadcrumb":{"@id":"https:\/\/www.parashihtzu.top\/index.php\/arneses-para-perros-los-top-5-mejores-de\/#breadcrumb"},"inLanguage":"es","potentialAction":[{"@type":"ReadAction","target":["https:\/\/www.parashihtzu.top\/index.php\/arneses-para-perros-los-top-5-mejores-de\/"]}]},{"@type":"BreadcrumbList","@id":"https:\/\/www.parashihtzu.top\/index.php\/arneses-para-perros-los-top-5-mejores-de\/#breadcrumb","itemListElement":[{"@type":"ListItem","position":1,"name":"Portada","item":"https:\/\/www.parashihtzu.top\/"},{"@type":"ListItem","position":2,"name":"Arneses para perros peque\u00f1os: los TOP 5 mejores de 2022"}]},{"@type":"WebSite","@id":"https:\/\/www.parashihtzu.top\/#website","url":"https:\/\/www.parashihtzu.top\/","name":"UNIVERSO SHIH-TZU","description":"Web sobre la raza SHIHTZU con productos e informaci&oacute;n","publisher":{"@id":"https:\/\/www.parashihtzu.top\/#organization"},"potentialAction":[{"@type":"SearchAction","target":{"@type":"EntryPoint","urlTemplate":"https:\/\/www.parashihtzu.top\/?s={search_term_string}"},"query-input":"required name=search_term_string"}],"inLanguage":"es"},{"@type":"Organization","@id":"https:\/\/www.parashihtzu.top\/#organization","name":"UNIVERSO SHIH-TZU","url":"https:\/\/www.parashihtzu.top\/","logo":{"@type":"ImageObject","inLanguage":"es","@id":"https:\/\/www.parashihtzu.top\/#\/schema\/logo\/image\/","url":"https:\/\/www.parashihtzu.top\/wp-content\/uploads\/2022\/09\/cropped-Copia_de_Logo_Logotipo_de_flores_Acuarela_Floral_Pastel_rosa-removebg-preview.png","contentUrl":"https:\/\/www.parashihtzu.top\/wp-content\/uploads\/2022\/09\/cropped-Copia_de_Logo_Logotipo_de_flores_Acuarela_Floral_Pastel_rosa-removebg-preview.png","width":500,"height":257,"caption":"UNIVERSO SHIH-TZU"},"image":{"@id":"https:\/\/www.parashihtzu.top\/#\/schema\/logo\/image\/"}}]}},"_links":{"self":[{"href":"https:\/\/www.parashihtzu.top\/index.php\/wp-json\/wp\/v2\/pages\/61"}],"collection":[{"href":"https:\/\/www.parashihtzu.top\/index.php\/wp-json\/wp\/v2\/pages"}],"about":[{"href":"https:\/\/www.parashihtzu.top\/index.php\/wp-json\/wp\/v2\/types\/page"}],"author":[{"embeddable":true,"href":"https:\/\/www.parashihtzu.top\/index.php\/wp-json\/wp\/v2\/users\/1"}],"replies":[{"embeddable":true,"href":"https:\/\/www.parashihtzu.top\/index.php\/wp-json\/wp\/v2\/comments?post=61"}],"version-history":[{"count":23,"href":"https:\/\/www.parashihtzu.top\/index.php\/wp-json\/wp\/v2\/pages\/61\/revisions"}],"predecessor-version":[{"id":545,"href":"https:\/\/www.parashihtzu.top\/index.php\/wp-json\/wp\/v2\/pages\/61\/revisions\/545"}],"wp:featuredmedia":[{"embeddable":true,"href":"https:\/\/www.parashihtzu.top\/index.php\/wp-json\/wp\/v2\/media\/75"}],"wp:attachment":[{"href":"https:\/\/www.parashihtzu.top\/index.php\/wp-json\/wp\/v2\/media?parent=61"}],"curies":[{"name":"wp","href":"https:\/\/api.w.org\/{rel}","templated":true}]}}