{"id":644,"date":"2023-01-23T16:33:51","date_gmt":"2023-01-23T16:33:51","guid":{"rendered":"https:\/\/www.parashihtzu.top\/?page_id=644"},"modified":"2023-02-01T18:07:22","modified_gmt":"2023-02-01T18:07:22","slug":"los-mejores-acondicionadores-para-shihtzu","status":"publish","type":"page","link":"https:\/\/www.parashihtzu.top\/index.php\/los-mejores-acondicionadores-para-shihtzu\/","title":{"rendered":"LOS MEJORES ACONDICIONADORES PARA SHIHTZU"},"content":{"rendered":"<div class=\"wp-block-image is-style-rounded\">\n<figure class=\"aligncenter size-full is-resized\"><img src=\"https:\/\/www.parashihtzu.top\/wp-content\/uploads\/2023\/01\/Petuxe-desenredante.webp\" alt=\"Petuxe desenredante acondicionador\" class=\"wp-image-659\" width=\"430\" height=\"430\" srcset=\"https:\/\/www.parashihtzu.top\/wp-content\/uploads\/2023\/01\/Petuxe-desenredante.webp 1000w, https:\/\/www.parashihtzu.top\/wp-content\/uploads\/2023\/01\/Petuxe-desenredante-300x300.webp 300w, https:\/\/www.parashihtzu.top\/wp-content\/uploads\/2023\/01\/Petuxe-desenredante-150x150.webp 150w, https:\/\/www.parashihtzu.top\/wp-content\/uploads\/2023\/01\/Petuxe-desenredante-768x768.webp 768w, https:\/\/www.parashihtzu.top\/wp-content\/uploads\/2023\/01\/Petuxe-desenredante-640x640.webp 640w, https:\/\/www.parashihtzu.top\/wp-content\/uploads\/2023\/01\/Petuxe-desenredante-144x144.webp 144w, https:\/\/www.parashihtzu.top\/wp-content\/uploads\/2023\/01\/Petuxe-desenredante-120x120.webp 120w\" sizes=\"(max-width: 430px) 100vw, 430px\" \/><\/figure><\/div>\n\n\n<p>Algo que caracteriza a la raza de perro <strong>SHIHTZU <\/strong>es su pelaje. Su cuidado como hemos hablado en varias secciones de esta web es clave para que se vea cuidado, brillante y sedoso. Importante este punto si luego no queremos lidiar con esos nudos que aparecen por su tipo de pelo.<\/p>\n\n\n\n<p>Al igual que para la raza Shihtzu, se puede aplicar para todo tipo de perros de pelo largo o bien que necesiten un cuidado algo m\u00e1s especial, como pueden ser Setter ingl\u00e9s, Lhasa apso, Collie, Komondor, Yorkshire terrier, Bich\u00f3n malt\u00e9s&#8230;. y estas s\u00f3n solo alguna de las razas. <\/p>\n\n\n\n<figure class=\"wp-container-3 wp-block-gallery-2 wp-block-gallery aligncenter has-nested-images columns-default is-cropped\">\n<figure class=\"wp-block-image size-large\"><img width=\"1100\" height=\"733\" data-id=\"645\"  src=\"https:\/\/www.parashihtzu.top\/wp-content\/uploads\/2023\/01\/noddy-g996b786fb_1920.webp\" alt=\"\" class=\"wp-image-645\" srcset=\"https:\/\/www.parashihtzu.top\/wp-content\/uploads\/2023\/01\/noddy-g996b786fb_1920.webp 1100w, https:\/\/www.parashihtzu.top\/wp-content\/uploads\/2023\/01\/noddy-g996b786fb_1920-300x200.webp 300w, https:\/\/www.parashihtzu.top\/wp-content\/uploads\/2023\/01\/noddy-g996b786fb_1920-1024x682.webp 1024w, https:\/\/www.parashihtzu.top\/wp-content\/uploads\/2023\/01\/noddy-g996b786fb_1920-768x512.webp 768w, https:\/\/www.parashihtzu.top\/wp-content\/uploads\/2023\/01\/noddy-g996b786fb_1920-640x426.webp 640w\" sizes=\"(max-width: 1100px) 100vw, 1100px\" \/><figcaption>LHASA APSO<\/figcaption><\/figure>\n\n\n\n<figure class=\"wp-block-image size-large\"><img width=\"1100\" height=\"736\" data-id=\"646\"  src=\"https:\/\/www.parashihtzu.top\/wp-content\/uploads\/2023\/01\/komondor-g7d1d8b36e_1920.webp\" alt=\"komondor\" class=\"wp-image-646\" srcset=\"https:\/\/www.parashihtzu.top\/wp-content\/uploads\/2023\/01\/komondor-g7d1d8b36e_1920.webp 1100w, https:\/\/www.parashihtzu.top\/wp-content\/uploads\/2023\/01\/komondor-g7d1d8b36e_1920-300x201.webp 300w, https:\/\/www.parashihtzu.top\/wp-content\/uploads\/2023\/01\/komondor-g7d1d8b36e_1920-1024x685.webp 1024w, https:\/\/www.parashihtzu.top\/wp-content\/uploads\/2023\/01\/komondor-g7d1d8b36e_1920-768x514.webp 768w, https:\/\/www.parashihtzu.top\/wp-content\/uploads\/2023\/01\/komondor-g7d1d8b36e_1920-640x428.webp 640w\" sizes=\"(max-width: 1100px) 100vw, 1100px\" \/><figcaption>KOMONDOR<\/figcaption><\/figure>\n\n\n\n<figure class=\"wp-block-image size-large\"><img width=\"1200\" height=\"800\" data-id=\"647\"  src=\"https:\/\/www.parashihtzu.top\/wp-content\/uploads\/2023\/01\/yorkshire-terrier-g4f8aa365c_1920.webp\" alt=\"yorkshire terrier\" class=\"wp-image-647\" srcset=\"https:\/\/www.parashihtzu.top\/wp-content\/uploads\/2023\/01\/yorkshire-terrier-g4f8aa365c_1920.webp 1200w, https:\/\/www.parashihtzu.top\/wp-content\/uploads\/2023\/01\/yorkshire-terrier-g4f8aa365c_1920-300x200.webp 300w, https:\/\/www.parashihtzu.top\/wp-content\/uploads\/2023\/01\/yorkshire-terrier-g4f8aa365c_1920-1024x683.webp 1024w, https:\/\/www.parashihtzu.top\/wp-content\/uploads\/2023\/01\/yorkshire-terrier-g4f8aa365c_1920-768x512.webp 768w, https:\/\/www.parashihtzu.top\/wp-content\/uploads\/2023\/01\/yorkshire-terrier-g4f8aa365c_1920-640x427.webp 640w\" sizes=\"(max-width: 1200px) 100vw, 1200px\" \/><figcaption>YORKSHIRE TERRIER<\/figcaption><\/figure>\n<\/figure>\n\n\n\n<p>Momento clave para aplicar este cuidado es el ba\u00f1o, la mejor manera de hidratar el pelo de nuestros perros es utilizar champ\u00fa y acondicionador especiales para perros. En caso de cachorros o con alergias es bueno utilizar productos hipoalerg\u00e9nicos y que no produzcan l\u00e1grimas <\/p>\n\n\n\n<h2 class=\"has-text-align-center\"><strong><a href=\"https:\/\/amzn.to\/3XMiyVO\">BioSilk Para perros, terapia de seda, desenredante y bruma de brillo para perros<\/a><\/strong><\/h2>\n\n\n\n<div class=\"wp-block-media-text is-stacked-on-mobile\" style=\"grid-template-columns:31% auto\"><figure class=\"wp-block-media-text__media\"><a href=\"https:\/\/amzn.to\/3XMiyVO\" target=\"_blank\" rel=\"noreferrer noopener\"><img width=\"1000\" height=\"1000\" src=\"https:\/\/www.parashihtzu.top\/wp-content\/uploads\/2023\/01\/spray-desenredante-biosilk-1.webp\" alt=\"\" class=\"wp-image-650 size-full\" srcset=\"https:\/\/www.parashihtzu.top\/wp-content\/uploads\/2023\/01\/spray-desenredante-biosilk-1.webp 1000w, https:\/\/www.parashihtzu.top\/wp-content\/uploads\/2023\/01\/spray-desenredante-biosilk-1-300x300.webp 300w, https:\/\/www.parashihtzu.top\/wp-content\/uploads\/2023\/01\/spray-desenredante-biosilk-1-150x150.webp 150w, https:\/\/www.parashihtzu.top\/wp-content\/uploads\/2023\/01\/spray-desenredante-biosilk-1-768x768.webp 768w, https:\/\/www.parashihtzu.top\/wp-content\/uploads\/2023\/01\/spray-desenredante-biosilk-1-640x640.webp 640w, https:\/\/www.parashihtzu.top\/wp-content\/uploads\/2023\/01\/spray-desenredante-biosilk-1-144x144.webp 144w, https:\/\/www.parashihtzu.top\/wp-content\/uploads\/2023\/01\/spray-desenredante-biosilk-1-120x120.webp 120w\" sizes=\"(max-width: 1000px) 100vw, 1000px\" \/><\/a><\/figure><div class=\"wp-block-media-text__content\">\n<ul><li>El mejor desenredante para perros: los <strong>ingredientes de alta calidad<\/strong> minimizan el estr\u00e9s del cepillado del perro reduciendo el tir\u00f3n de las zonas mate y dejan el pelo de tu perro brillante, suave y con olor fresco<\/li><li><strong>F\u00e1cil de usar:<\/strong> ideal para despu\u00e9s de un ba\u00f1o y entre ba\u00f1os para mantener el pelo de tu perro suave y libre de nudos<\/li><li><strong>Para todos los perros<\/strong>: este producto es adecuado para todos los perros y <strong>cachorros<\/strong> de 8 semanas de edad y mayores<\/li><li>Sin parabenos y pH equilibrado para perros.<\/li><li>\u00a0Lujosamente formulado <strong>con seda y vitaminas<\/strong> enriquecedoras que trabajan juntas para restaurar el equilibrio de humedad al pelaje de tu cachorro.\u00a0<\/li><\/ul>\n<\/div><\/div>\n\n\n\n<div class=\"wp-container-4 is-content-justification-center wp-block-buttons\">\n<div class=\"wp-block-button is-style-outline\"><a class=\"wp-block-button__link\" href=\"https:\/\/amzn.to\/3XMiyVO\"><strong><mark style=\"background-color:#7bdcb5\" class=\"has-inline-color has-black-color\">VER OFERTA<\/mark><\/strong><\/a><\/div>\n<\/div>\n\n\n\n<h2 class=\"has-text-align-center\"><strong><a href=\"https:\/\/amzn.to\/3XTvrxt\">Artero Acondicionador y desenredante para Perros Matt-x<\/a><\/strong><\/h2>\n\n\n\n<div class=\"wp-block-media-text is-stacked-on-mobile\" style=\"grid-template-columns:31% auto\"><figure class=\"wp-block-media-text__media\"><a href=\"https:\/\/amzn.to\/3XTvrxt\" target=\"_blank\" rel=\"noreferrer noopener\"><img width=\"939\" height=\"1000\" src=\"https:\/\/www.parashihtzu.top\/wp-content\/uploads\/2023\/01\/ARTERO-ACONDICIONADOR.webp\" alt=\"ARTERO ACONDICIONADOR MATT-X\" class=\"wp-image-658 size-full\" srcset=\"https:\/\/www.parashihtzu.top\/wp-content\/uploads\/2023\/01\/ARTERO-ACONDICIONADOR.webp 939w, https:\/\/www.parashihtzu.top\/wp-content\/uploads\/2023\/01\/ARTERO-ACONDICIONADOR-282x300.webp 282w, https:\/\/www.parashihtzu.top\/wp-content\/uploads\/2023\/01\/ARTERO-ACONDICIONADOR-768x818.webp 768w, https:\/\/www.parashihtzu.top\/wp-content\/uploads\/2023\/01\/ARTERO-ACONDICIONADOR-640x682.webp 640w\" sizes=\"(max-width: 939px) 100vw, 939px\" \/><\/a><\/figure><div class=\"wp-block-media-text__content\">\n<ul><li><strong>Potente desenredante<\/strong> para perros y gatos. Deshace enredos y evita roturas del pelaje <\/li><li><strong>Favorece el cepillado<\/strong> y elimina la corriente est\u00e1tica del pelo gracias a su efecto acondicionador no graso<\/li><li>Aplicaci\u00f3n en<strong> pelo mojado o seco<\/strong>. Para desenredar en seco, aplicar el producto en la zona enredada y masajear con los dedos<\/li><li><strong>F\u00e1cil aplicaci\u00f3n <\/strong>. Presentaci\u00f3n en Spray. Sin aerosol. <\/li><li>Distancia entre spray y pelo: 30cm. Aplicar en el nudo y cepillar con carda o cepillo. Utilizar carda para nudos dif\u00edciles y cepillo para nudos superficiales y f\u00e1ciles. <\/li><li>Proteger mucosas y ojos.<\/li><li><strong>No necesita aclarado<\/strong>. Envase de: 300ml.<\/li><\/ul>\n<\/div><\/div>\n\n\n\n<div class=\"wp-container-5 wp-block-buttons\">\n<div class=\"wp-block-button aligncenter is-style-outline\"><a class=\"wp-block-button__link\" href=\"https:\/\/amzn.to\/3XTvrxt\"><strong><mark style=\"background-color:#7bdcb5\" class=\"has-inline-color\">VER OFERTA<\/mark><\/strong><\/a><\/div>\n<\/div>\n\n\n\n<h2 class=\"has-text-align-center\"><strong><a href=\"https:\/\/amzn.to\/3iRLqxf\">Petuxe Acondicionador para Perros -Spray Desenredante<\/a>&nbsp;<\/strong><\/h2>\n\n\n\n<div class=\"wp-block-media-text is-stacked-on-mobile\" style=\"grid-template-columns:31% auto\"><figure class=\"wp-block-media-text__media\"><a href=\"https:\/\/amzn.to\/3iRLqxf\" target=\"_blank\" rel=\"noreferrer noopener\"><img width=\"1000\" height=\"1000\" src=\"https:\/\/www.parashihtzu.top\/wp-content\/uploads\/2023\/01\/Petuxe-desenredante.webp\" alt=\"\" class=\"wp-image-659 size-full\" srcset=\"https:\/\/www.parashihtzu.top\/wp-content\/uploads\/2023\/01\/Petuxe-desenredante.webp 1000w, https:\/\/www.parashihtzu.top\/wp-content\/uploads\/2023\/01\/Petuxe-desenredante-300x300.webp 300w, https:\/\/www.parashihtzu.top\/wp-content\/uploads\/2023\/01\/Petuxe-desenredante-150x150.webp 150w, https:\/\/www.parashihtzu.top\/wp-content\/uploads\/2023\/01\/Petuxe-desenredante-768x768.webp 768w, https:\/\/www.parashihtzu.top\/wp-content\/uploads\/2023\/01\/Petuxe-desenredante-640x640.webp 640w, https:\/\/www.parashihtzu.top\/wp-content\/uploads\/2023\/01\/Petuxe-desenredante-144x144.webp 144w, https:\/\/www.parashihtzu.top\/wp-content\/uploads\/2023\/01\/Petuxe-desenredante-120x120.webp 120w\" sizes=\"(max-width: 1000px) 100vw, 1000px\" \/><\/a><\/figure><div class=\"wp-block-media-text__content\">\n<ul><li><strong>Primera l\u00ednea vegana<\/strong> que cuida el pelo y la piel de tu mascota; con pH neutro adaptado a su piel. Sin ingredientes de origen animal<\/li><li><strong>Fabricados en Espa\u00f1a<\/strong> y registrado en el Ministerio de Agricultura; con n\u00famero de registro Zoosanitario. <\/li><li><strong>No testado en animales<\/strong>; s\u00ed testado en humanos, seg\u00fan normativa europea.. Cumpliendo las exigentes necesidades del cuidado canino.<\/li><li><strong>Acondicionador bif\u00e1sico<\/strong> para perros de higiene avanzada. Especial para todas las razas. Hidrataci\u00f3n y brillo.<\/li><li>Spray Desenredante para Perros y Mascotas. Facilita el peinado y <strong>desenreda nudos<\/strong><\/li><li><strong>Acondicionador Premium<\/strong> para perros.<\/li><\/ul>\n<\/div><\/div>\n\n\n\n<div class=\"wp-container-6 wp-block-buttons\">\n<div class=\"wp-block-button aligncenter is-style-outline\"><a class=\"wp-block-button__link\" href=\"https:\/\/amzn.to\/3iRLqxf\"><strong><mark style=\"background-color:#7bdcb5\" class=\"has-inline-color\">VER OFERTA<\/mark><\/strong><\/a><\/div>\n<\/div>\n\n\n\n<h2 class=\"has-text-align-center\"><strong><a href=\"https:\/\/amzn.to\/3XOc8Wi\">ARTERO ACONDICIONADOR PROTEIN VITAL 100<\/a><\/strong><\/h2>\n\n\n\n<div class=\"wp-block-media-text is-stacked-on-mobile\" style=\"grid-template-columns:32% auto\"><figure class=\"wp-block-media-text__media\"><a href=\"https:\/\/amzn.to\/3XOc8Wi\" target=\"_blank\" rel=\"noreferrer noopener\"><img width=\"889\" height=\"1000\" src=\"https:\/\/www.parashihtzu.top\/wp-content\/uploads\/2023\/01\/ARTERO-DESENREDANTE.webp\" alt=\"ARTERO DESENREDANTE PROTEIN VITAL 100\" class=\"wp-image-660 size-full\" srcset=\"https:\/\/www.parashihtzu.top\/wp-content\/uploads\/2023\/01\/ARTERO-DESENREDANTE.webp 889w, https:\/\/www.parashihtzu.top\/wp-content\/uploads\/2023\/01\/ARTERO-DESENREDANTE-267x300.webp 267w, https:\/\/www.parashihtzu.top\/wp-content\/uploads\/2023\/01\/ARTERO-DESENREDANTE-768x864.webp 768w, https:\/\/www.parashihtzu.top\/wp-content\/uploads\/2023\/01\/ARTERO-DESENREDANTE-640x720.webp 640w\" sizes=\"(max-width: 889px) 100vw, 889px\" \/><\/a><\/figure><div class=\"wp-block-media-text__content\">\n<ul><li><strong>Efecto regenerador<\/strong> inmediato del pelo del perro<\/li><li>Para las razas de pelo de <strong>doble capa<\/strong> como nuestro <strong>Shihtzu <\/strong>es ideal<\/li><li>Aporta <strong>suavidad y brillo<\/strong> \u00fanicos a tu perro<\/li><li>En perros de pelo largo las sesiones de peluquer\u00eda y secado son m\u00e1s largas y <strong>ayuda a que no se rompa el pelo<\/strong> con el cepillado<\/li><li><strong>Ablanda los nudos <\/strong>y ayuda a deshacerlos, durante el ba\u00f1o del perro. As\u00ed podremo deslanar peque\u00f1os nudos de nuestro perro<\/li><li>Aporta un efecto <strong>barrera anti-poluci\u00f3n<\/strong><\/li><\/ul>\n<\/div><\/div>\n\n\n\n<div class=\"wp-container-7 wp-block-buttons\">\n<div class=\"wp-block-button aligncenter is-style-outline\"><a class=\"wp-block-button__link\" href=\"https:\/\/amzn.to\/3XOc8Wi\"><strong><mark style=\"background-color:#7bdcb5\" class=\"has-inline-color\">VER OFERTA<\/mark><\/strong><\/a><\/div>\n<\/div>\n\n\n\n<h2 class=\"has-text-align-center\"><strong><a href=\"https:\/\/amzn.to\/3kETHEX\">MENFORSAN Pack Higiene y Belleza Menforsan, Champ\u00fa Acondicionador Perros 300ml, Colonia Fresa para Perros 125ml, Champ\u00fa en Espuma para Perros<\/a><\/strong><\/h2>\n\n\n\n<div class=\"wp-block-media-text is-stacked-on-mobile\" style=\"grid-template-columns:33% auto\"><figure class=\"wp-block-media-text__media\"><a href=\"https:\/\/amzn.to\/3kETHEX\" target=\"_blank\" rel=\"noreferrer noopener\"><img width=\"700\" height=\"533\" src=\"https:\/\/www.parashihtzu.top\/wp-content\/uploads\/2023\/01\/PACK-MENFORSAN-AROMA-FRESA.webp\" alt=\"PACK MENFORSAN \" class=\"wp-image-661 size-full\" srcset=\"https:\/\/www.parashihtzu.top\/wp-content\/uploads\/2023\/01\/PACK-MENFORSAN-AROMA-FRESA.webp 700w, https:\/\/www.parashihtzu.top\/wp-content\/uploads\/2023\/01\/PACK-MENFORSAN-AROMA-FRESA-300x228.webp 300w, https:\/\/www.parashihtzu.top\/wp-content\/uploads\/2023\/01\/PACK-MENFORSAN-AROMA-FRESA-640x487.webp 640w\" sizes=\"(max-width: 700px) 100vw, 700px\" \/><\/a><\/figure><div class=\"wp-block-media-text__content\">\n<ul><li><strong>Pack con tres productos <\/strong>para cuidar la higiene de tu perro a la perfecci\u00f3n: <strong>Camp\u00fa acondicionador <\/strong>300ml, <strong>colonia fresa<\/strong> 125ml, <strong>Champ\u00fa en espuma <\/strong>aloe vera <\/li><li><strong>AROMA A FRESA<\/strong>: Tres productos, champ\u00fa acondicionador, colonia y champ\u00fa en espuma con rico aroma frutal a fresa, duradero y suave<\/li><li><strong>INGREDIENTES SUAVES<\/strong>: F\u00f3rmula con ingredientes muy suaves para no da\u00f1ar la piel ni el pelo del animal<\/li><li><strong>PRODUCTOS FORMULADOS POR VETERINARIOS<\/strong>: Los productos Menforsan son fabricado bajo estrictos controles de calidad y formulados espec\u00edficamente para el animal.<\/li><li>DISE\u00d1ADOS Y FABRICADOS EN ESPA\u00d1A<\/li><li>Rango de edad: Todas las etapas de la vida<\/li><\/ul>\n<\/div><\/div>\n\n\n\n<div class=\"wp-container-8 wp-block-buttons\">\n<div class=\"wp-block-button aligncenter is-style-outline\"><a class=\"wp-block-button__link\" href=\"https:\/\/amzn.to\/3kETHEX\"><strong><mark style=\"background-color:#7bdcb5\" class=\"has-inline-color\">VER OFERTA<\/mark><\/strong><\/a><\/div>\n<\/div>\n\n\n\n<p class=\"has-medium-font-size\">Tambi\u00e9n te pueden interesar estos otros art\u00edculos:<\/p>\n\n\n\n<ul class=\"has-medium-font-size\"><li><strong><a href=\"https:\/\/www.parashihtzu.top\/index.php\/los-cuatro-mejores-champu-para-shihtzu\/\">Los 4 mejores champ\u00fa para shihtzu<\/a><\/strong><\/li><li><strong><a href=\"https:\/\/www.parashihtzu.top\/index.php\/como-quitar-los-nudos-de-nuestro-shih-tzu\/\">\u00bfC\u00f3mo quitar los nudos de nuestro Shihtzu?<\/a><\/strong><\/li><li><strong><a href=\"https:\/\/www.parashihtzu.top\/index.php\/bano-de-nuestro-shih-tzu\/\">Lleg\u00f3 la hora del ba\u00f1o de nuestro Shih tzu!<\/a><\/strong><\/li><\/ul>\n","protected":false},"excerpt":{"rendered":"<p>Algo que caracteriza a la raza de perro SHIHTZU es su pelaje. Su cuidado como hemos hablado en varias secciones de esta web es clave para que se vea cuidado, brillante y sedoso. Importante este punto si luego no queremos lidiar con esos nudos que aparecen por su tipo de pelo. Al igual que para [&hellip;]<\/p>\n","protected":false},"author":1,"featured_media":0,"parent":0,"menu_order":0,"comment_status":"closed","ping_status":"closed","template":"","meta":[],"yoast_head":"<!-- This site is optimized with the Yoast SEO plugin v20.0 - https:\/\/yoast.com\/wordpress\/plugins\/seo\/ -->\n<title>LOS MEJORES ACONDICIONADORES PARA SHIHTZU - UNIVERSO SHIH-TZU<\/title>\n<meta name=\"description\" content=\"Art\u00edculo con los mejores acondicionadores para todo tipo de perros, especialmente para la raza Shihtzu, caracterizado por su largo pelo\" \/>\n<meta name=\"robots\" content=\"index, follow, max-snippet:-1, max-image-preview:large, max-video-preview:-1\" \/>\n<link rel=\"canonical\" href=\"https:\/\/www.parashihtzu.top\/index.php\/los-mejores-acondicionadores-para-shihtzu\/\" \/>\n<meta property=\"og:locale\" content=\"es_ES\" \/>\n<meta property=\"og:type\" content=\"article\" \/>\n<meta property=\"og:title\" content=\"LOS MEJORES ACONDICIONADORES PARA SHIHTZU - UNIVERSO SHIH-TZU\" \/>\n<meta property=\"og:description\" content=\"Art\u00edculo con los mejores acondicionadores para todo tipo de perros, especialmente para la raza Shihtzu, caracterizado por su largo pelo\" \/>\n<meta property=\"og:url\" content=\"https:\/\/www.parashihtzu.top\/index.php\/los-mejores-acondicionadores-para-shihtzu\/\" \/>\n<meta property=\"og:site_name\" content=\"UNIVERSO SHIH-TZU\" \/>\n<meta property=\"article:modified_time\" content=\"2023-02-01T18:07:22+00:00\" \/>\n<meta property=\"og:image\" content=\"https:\/\/www.parashihtzu.top\/wp-content\/uploads\/2023\/01\/Petuxe-desenredante.webp\" \/>\n<meta name=\"twitter:card\" content=\"summary_large_image\" \/>\n<meta name=\"twitter:label1\" content=\"Tiempo de lectura\" \/>\n\t<meta name=\"twitter:data1\" content=\"6 minutos\" \/>\n<script type=\"application\/ld+json\" class=\"yoast-schema-graph\">{\"@context\":\"https:\/\/schema.org\",\"@graph\":[{\"@type\":\"WebPage\",\"@id\":\"https:\/\/www.parashihtzu.top\/index.php\/los-mejores-acondicionadores-para-shihtzu\/\",\"url\":\"https:\/\/www.parashihtzu.top\/index.php\/los-mejores-acondicionadores-para-shihtzu\/\",\"name\":\"LOS MEJORES ACONDICIONADORES PARA SHIHTZU - UNIVERSO SHIH-TZU\",\"isPartOf\":{\"@id\":\"https:\/\/www.parashihtzu.top\/#website\"},\"datePublished\":\"2023-01-23T16:33:51+00:00\",\"dateModified\":\"2023-02-01T18:07:22+00:00\",\"description\":\"Art\u00edculo con los mejores acondicionadores para todo tipo de perros, especialmente para la raza Shihtzu, caracterizado por su largo pelo\",\"breadcrumb\":{\"@id\":\"https:\/\/www.parashihtzu.top\/index.php\/los-mejores-acondicionadores-para-shihtzu\/#breadcrumb\"},\"inLanguage\":\"es\",\"potentialAction\":[{\"@type\":\"ReadAction\",\"target\":[\"https:\/\/www.parashihtzu.top\/index.php\/los-mejores-acondicionadores-para-shihtzu\/\"]}]},{\"@type\":\"BreadcrumbList\",\"@id\":\"https:\/\/www.parashihtzu.top\/index.php\/los-mejores-acondicionadores-para-shihtzu\/#breadcrumb\",\"itemListElement\":[{\"@type\":\"ListItem\",\"position\":1,\"name\":\"Portada\",\"item\":\"https:\/\/www.parashihtzu.top\/\"},{\"@type\":\"ListItem\",\"position\":2,\"name\":\"LOS MEJORES ACONDICIONADORES PARA SHIHTZU\"}]},{\"@type\":\"WebSite\",\"@id\":\"https:\/\/www.parashihtzu.top\/#website\",\"url\":\"https:\/\/www.parashihtzu.top\/\",\"name\":\"UNIVERSO SHIH-TZU\",\"description\":\"Web sobre la raza SHIHTZU con productos e informaci&oacute;n\",\"publisher\":{\"@id\":\"https:\/\/www.parashihtzu.top\/#organization\"},\"potentialAction\":[{\"@type\":\"SearchAction\",\"target\":{\"@type\":\"EntryPoint\",\"urlTemplate\":\"https:\/\/www.parashihtzu.top\/?s={search_term_string}\"},\"query-input\":\"required name=search_term_string\"}],\"inLanguage\":\"es\"},{\"@type\":\"Organization\",\"@id\":\"https:\/\/www.parashihtzu.top\/#organization\",\"name\":\"UNIVERSO SHIH-TZU\",\"url\":\"https:\/\/www.parashihtzu.top\/\",\"logo\":{\"@type\":\"ImageObject\",\"inLanguage\":\"es\",\"@id\":\"https:\/\/www.parashihtzu.top\/#\/schema\/logo\/image\/\",\"url\":\"https:\/\/www.parashihtzu.top\/wp-content\/uploads\/2022\/09\/cropped-Copia_de_Logo_Logotipo_de_flores_Acuarela_Floral_Pastel_rosa-removebg-preview.png\",\"contentUrl\":\"https:\/\/www.parashihtzu.top\/wp-content\/uploads\/2022\/09\/cropped-Copia_de_Logo_Logotipo_de_flores_Acuarela_Floral_Pastel_rosa-removebg-preview.png\",\"width\":500,\"height\":257,\"caption\":\"UNIVERSO SHIH-TZU\"},\"image\":{\"@id\":\"https:\/\/www.parashihtzu.top\/#\/schema\/logo\/image\/\"}}]}<\/script>\n<!-- \/ Yoast SEO plugin. -->","yoast_head_json":{"title":"LOS MEJORES ACONDICIONADORES PARA SHIHTZU - UNIVERSO SHIH-TZU","description":"Art\u00edculo con los mejores acondicionadores para todo tipo de perros, especialmente para la raza Shihtzu, caracterizado por su largo pelo","robots":{"index":"index","follow":"follow","max-snippet":"max-snippet:-1","max-image-preview":"max-image-preview:large","max-video-preview":"max-video-preview:-1"},"canonical":"https:\/\/www.parashihtzu.top\/index.php\/los-mejores-acondicionadores-para-shihtzu\/","og_locale":"es_ES","og_type":"article","og_title":"LOS MEJORES ACONDICIONADORES PARA SHIHTZU - UNIVERSO SHIH-TZU","og_description":"Art\u00edculo con los mejores acondicionadores para todo tipo de perros, especialmente para la raza Shihtzu, caracterizado por su largo pelo","og_url":"https:\/\/www.parashihtzu.top\/index.php\/los-mejores-acondicionadores-para-shihtzu\/","og_site_name":"UNIVERSO SHIH-TZU","article_modified_time":"2023-02-01T18:07:22+00:00","og_image":[{"url":"https:\/\/www.parashihtzu.top\/wp-content\/uploads\/2023\/01\/Petuxe-desenredante.webp"}],"twitter_card":"summary_large_image","twitter_misc":{"Tiempo de lectura":"6 minutos"},"schema":{"@context":"https:\/\/schema.org","@graph":[{"@type":"WebPage","@id":"https:\/\/www.parashihtzu.top\/index.php\/los-mejores-acondicionadores-para-shihtzu\/","url":"https:\/\/www.parashihtzu.top\/index.php\/los-mejores-acondicionadores-para-shihtzu\/","name":"LOS MEJORES ACONDICIONADORES PARA SHIHTZU - UNIVERSO SHIH-TZU","isPartOf":{"@id":"https:\/\/www.parashihtzu.top\/#website"},"datePublished":"2023-01-23T16:33:51+00:00","dateModified":"2023-02-01T18:07:22+00:00","description":"Art\u00edculo con los mejores acondicionadores para todo tipo de perros, especialmente para la raza Shihtzu, caracterizado por su largo pelo","breadcrumb":{"@id":"https:\/\/www.parashihtzu.top\/index.php\/los-mejores-acondicionadores-para-shihtzu\/#breadcrumb"},"inLanguage":"es","potentialAction":[{"@type":"ReadAction","target":["https:\/\/www.parashihtzu.top\/index.php\/los-mejores-acondicionadores-para-shihtzu\/"]}]},{"@type":"BreadcrumbList","@id":"https:\/\/www.parashihtzu.top\/index.php\/los-mejores-acondicionadores-para-shihtzu\/#breadcrumb","itemListElement":[{"@type":"ListItem","position":1,"name":"Portada","item":"https:\/\/www.parashihtzu.top\/"},{"@type":"ListItem","position":2,"name":"LOS MEJORES ACONDICIONADORES PARA SHIHTZU"}]},{"@type":"WebSite","@id":"https:\/\/www.parashihtzu.top\/#website","url":"https:\/\/www.parashihtzu.top\/","name":"UNIVERSO SHIH-TZU","description":"Web sobre la raza SHIHTZU con productos e informaci&oacute;n","publisher":{"@id":"https:\/\/www.parashihtzu.top\/#organization"},"potentialAction":[{"@type":"SearchAction","target":{"@type":"EntryPoint","urlTemplate":"https:\/\/www.parashihtzu.top\/?s={search_term_string}"},"query-input":"required name=search_term_string"}],"inLanguage":"es"},{"@type":"Organization","@id":"https:\/\/www.parashihtzu.top\/#organization","name":"UNIVERSO SHIH-TZU","url":"https:\/\/www.parashihtzu.top\/","logo":{"@type":"ImageObject","inLanguage":"es","@id":"https:\/\/www.parashihtzu.top\/#\/schema\/logo\/image\/","url":"https:\/\/www.parashihtzu.top\/wp-content\/uploads\/2022\/09\/cropped-Copia_de_Logo_Logotipo_de_flores_Acuarela_Floral_Pastel_rosa-removebg-preview.png","contentUrl":"https:\/\/www.parashihtzu.top\/wp-content\/uploads\/2022\/09\/cropped-Copia_de_Logo_Logotipo_de_flores_Acuarela_Floral_Pastel_rosa-removebg-preview.png","width":500,"height":257,"caption":"UNIVERSO SHIH-TZU"},"image":{"@id":"https:\/\/www.parashihtzu.top\/#\/schema\/logo\/image\/"}}]}},"_links":{"self":[{"href":"https:\/\/www.parashihtzu.top\/index.php\/wp-json\/wp\/v2\/pages\/644"}],"collection":[{"href":"https:\/\/www.parashihtzu.top\/index.php\/wp-json\/wp\/v2\/pages"}],"about":[{"href":"https:\/\/www.parashihtzu.top\/index.php\/wp-json\/wp\/v2\/types\/page"}],"author":[{"embeddable":true,"href":"https:\/\/www.parashihtzu.top\/index.php\/wp-json\/wp\/v2\/users\/1"}],"replies":[{"embeddable":true,"href":"https:\/\/www.parashihtzu.top\/index.php\/wp-json\/wp\/v2\/comments?post=644"}],"version-history":[{"count":5,"href":"https:\/\/www.parashihtzu.top\/index.php\/wp-json\/wp\/v2\/pages\/644\/revisions"}],"predecessor-version":[{"id":686,"href":"https:\/\/www.parashihtzu.top\/index.php\/wp-json\/wp\/v2\/pages\/644\/revisions\/686"}],"wp:attachment":[{"href":"https:\/\/www.parashihtzu.top\/index.php\/wp-json\/wp\/v2\/media?parent=644"}],"curies":[{"name":"wp","href":"https:\/\/api.w.org\/{rel}","templated":true}]}}