{"id":88,"date":"2019-09-15T19:30:37","date_gmt":"2019-09-15T19:30:37","guid":{"rendered":"https:\/\/www.parashihtzu.top\/?page_id=88"},"modified":"2022-09-27T12:19:54","modified_gmt":"2022-09-27T12:19:54","slug":"alimentacion-para-shih-tzu","status":"publish","type":"page","link":"https:\/\/www.parashihtzu.top\/index.php\/alimentacion-para-shih-tzu\/","title":{"rendered":"ALIMENTACI\u00d3N PARA SHIH TZU"},"content":{"rendered":"\n<iframe src=\"\/\/rcm-na.amazon-adsystem.com\/e\/cm?o=1&amp;p=48&amp;l=ez&amp;f=ifr&amp;linkID=998e3b9044348f8b1ec90c275a97cbaf&amp;t=jennifergar00-20&amp;tracking_id=jennifergar00-20\" width=\"728\" height=\"90\" scrolling=\"no\" border=\"0\" marginwidth=\"0\" style=\"border:none;\" frameborder=\"0\"><\/iframe>\n\n\n\n<p>En este art\u00edculo te quiero hablar del uno de los pilares fundamentales para que tu Shihtzu crezca fuerte y sano, que es la alimentaci\u00f3n. En el mercado existen m\u00faltiples opciones con la que podr\u00e1s alimentar a tu perro pero deber\u00e1s ser tu quien elija lo mejor o bien lo que m\u00e1s se adapte a sus necesidades. No es lo mismo un alimento para un perro con sobrepeso o bien alimentar a un perrito algo m\u00e1s delicado o con alergias. Es bueno que consultes con tu veterinario si tienes dudas, sobretodo si tiene alguna enfermedad o alerg\u00eda pero tambi\u00e9n que \u00abinvestigues\u00bb un poco m\u00e1s sobre este mundo alimenticio, ya que no siempre lo m\u00e1s comercial es lo m\u00e1s beneficioso para nuestro shihtzu o ya en general para cualquier mascota<\/p>\n\n\n\n<p>Te detallar\u00e9 algunas de las opciones de comida para perros a continuaci\u00f3n:<\/p>\n\n\n\n<h2>PIENSO PARA SHIHTZU<\/h2>\n\n\n\n<p>Uno de los rasgos m\u00e1s caracter\u00edsticos de esta raza es su&nbsp;<strong>largo y sedoso pelo<\/strong>, que tiene que tener unos cuidados especiales, cuidados que deben empezar por la propia alimentaci\u00f3n. As\u00ed, el pienso para Shih Tzu especializado tiene que incluir componentes que ayuden a mantener sano y fuerte su pelo. Otro de los puntos a tener en cuenta en el pienso para Shih Tzu es el sobrepeso. Y es que el temperamento de nuestro shih tzu suele ser tranquilo y sedentario, adem\u00e1s de su peque\u00f1o tama\u00f1o, perfecto para la ciudad, puede hacer que su ejercicio sea insuficiente. As\u00ed, no es infrecuente que aparezca un exceso de peso, sobre todo en animales de cierta edad o esterilizados. Un buen&nbsp;<strong>pienso para Shih Tzu<\/strong>&nbsp;tiene que tener un aporte cal\u00f3rico muy medido para intentar evitar problemas relacionados con esos kilos de m\u00e1s. <\/p>\n\n\n\n<p>Adem\u00e1s, durante su fase de cachorro es habitual que el Shih Tzu tenga algunos problemas g\u00e1stricos, que de nuevo ser\u00e1n combatidos (o deber\u00edan serlo) por un adecuado pienso para Shih Tzu cachorro.<\/p>\n\n\n\n<script type=\"text\/javascript\">\namzn_assoc_tracking_id = \"jennifergar00-20\";\namzn_assoc_ad_mode = \"manual\";\namzn_assoc_ad_type = \"smart\";\namzn_assoc_marketplace = \"amazon\";\namzn_assoc_region = \"US\";\namzn_assoc_design = \"enhanced_links\";\namzn_assoc_asins = \"B0074JN05W\";\namzn_assoc_placement = \"adunit\";\namzn_assoc_linkid = \"571e4088bc2cbf8189cbc8f0f404bf6d\";\n<\/script>\n<script src=\"\/\/z-na.amazon-adsystem.com\/widgets\/onejs?MarketPlace=US\"><\/script>\n\n\n\n<p>Existen muchas calidades dentro de los gama de los piensos para perros de raza peque\u00f1a, y espec\u00edfico para la raza shih tzu tambi\u00e9n. Por ejemplo la Marca Royal Canin ha desarrollado una l\u00ednea de pienso especializada en <strong>Royal Canin Shih tzu<\/strong> tanto para adulto como para cachorro. Unos van enriquecidos con vitaminas, antioxidantes.. <\/p>\n\n\n\n<script type=\"text\/javascript\">\namzn_assoc_tracking_id = \"jennifergar00-20\";\namzn_assoc_ad_mode = \"manual\";\namzn_assoc_ad_type = \"smart\";\namzn_assoc_marketplace = \"amazon\";\namzn_assoc_region = \"US\";\namzn_assoc_design = \"enhanced_links\";\namzn_assoc_asins = \"B003P9WUG0\";\namzn_assoc_placement = \"adunit\";\namzn_assoc_linkid = \"f7dd89047ab0d262a825d6a90e529abd\";\n<\/script>\n<script src=\"\/\/z-na.amazon-adsystem.com\/widgets\/onejs?MarketPlace=US\"><\/script>\n\n\n\n<p>Hay opciones que, hay que tener en cuenta, est\u00e1n procesados a altas temperaturas por lo que gran parte de los nutrientes se pierden, adem\u00e1s de ser alimentos que est\u00e1n autorizados en sus procesos para el consumo de perros pero no para el consumo humano<\/p>\n\n\n\n<script type=\"text\/javascript\">\namzn_assoc_tracking_id = \"jennifergar00-20\";\namzn_assoc_ad_mode = \"manual\";\namzn_assoc_ad_type = \"smart\";\namzn_assoc_marketplace = \"amazon\";\namzn_assoc_region = \"US\";\namzn_assoc_design = \"enhanced_links\";\namzn_assoc_asins = \"B009B87RWG\";\namzn_assoc_placement = \"adunit\";\namzn_assoc_linkid = \"d18bd3a26fc9ef00d1ab435008bf66c7\";\n<\/script>\n<script src=\"\/\/z-na.amazon-adsystem.com\/widgets\/onejs?MarketPlace=US\"><\/script>\n\n\n\n<script type=\"text\/javascript\">\namzn_assoc_tracking_id = \"jennifergar00-20\";\namzn_assoc_ad_mode = \"manual\";\namzn_assoc_ad_type = \"smart\";\namzn_assoc_marketplace = \"amazon\";\namzn_assoc_region = \"US\";\namzn_assoc_design = \"enhanced_links\";\namzn_assoc_asins = \"B0153VN0IE\";\namzn_assoc_placement = \"adunit\";\namzn_assoc_linkid = \"f5e88216ddb6e12d7ebf9945028b7ee9\";\n<\/script>\n<script src=\"\/\/z-na.amazon-adsystem.com\/widgets\/onejs?MarketPlace=US\"><\/script>\n\n\n\n<h2>ALIMENTO\/COMIDA DESHIDRATADA PARA PERROS<\/h2>\n\n\n\n<p>Esta es otra de las opciones que tenemos para poder alimentar a nuestro shih tzu. La comida deshidratada es casera, apta para el consumo humano por lo que no se elaboran con partes de animal como huesos, o deshechos de animales en su proceso de elaboraci\u00f3n. Se fomenta la comida 100% natural, sin conservantes a\u00f1adidos, saludable y adem\u00e1s de supervisada por veterinarios y nutricionistas.<\/p>\n\n\n\n<p>Tengo un art\u00edculo en el que explico de manera m\u00e1s detallada los beneficios del alimento deshidratado para perros y que para nuestro shih tzu es muy buena opci\u00f3n ya que en muchas ocasiones son algo delicados con la alimentaci\u00f3n. <a rel=\"noreferrer noopener\" href=\"https:\/\/www.parashihtzu.top\/index.php\/beneficios-del-alimento-deshidratado-para-perros\/\" target=\"_blank\">Haz click aqu\u00ed<\/a><\/p>\n\n\n<div class=\"wp-block-image\">\n<figure class=\"aligncenter size-large is-resized\"><a href=\"https:\/\/www.cookieswil.com\/es\/tienda\/alimento-para-perros?f=28\" class=\"broken_link\"><img src=\"https:\/\/www.parashihtzu.top\/wp-content\/uploads\/2020\/05\/banner.png\" alt=\"\" class=\"wp-image-359\" width=\"705\" height=\"121\" srcset=\"https:\/\/www.parashihtzu.top\/wp-content\/uploads\/2020\/05\/banner.png 984w, https:\/\/www.parashihtzu.top\/wp-content\/uploads\/2020\/05\/banner-300x52.png 300w, https:\/\/www.parashihtzu.top\/wp-content\/uploads\/2020\/05\/banner-768x133.png 768w, https:\/\/www.parashihtzu.top\/wp-content\/uploads\/2020\/05\/banner-640x111.png 640w\" sizes=\"(max-width: 705px) 100vw, 705px\" \/><\/a><\/figure><\/div>\n\n\n<h2>DIETA BARF PARA PERROS<\/h2>\n\n\n\n<p>La <strong><a href=\"https:\/\/www.parashihtzu.top\/index.php\/beneficios-del-alimento-deshidratado-para-perros\/\" target=\"_blank\" rel=\"noreferrer noopener\">dieta BARF<\/a><\/strong> es algo m\u00e1s complicada de implementar, pero se ha vuelto muy popular \u00faltimamente. Consiste en alimentar a los perros con alimentos crudos biol\u00f3gicamente adecuados para ellos. Esta dieta fue dise\u00f1ada por\u00a0un veterinario australiano llamado Ian Billinghurst. <strong>BARF<\/strong>\u00a0es el acr\u00f3nimo de Biologically Appropriate Raw Food, que puede traducirse al castellano como Alimentaci\u00f3n Cruda Biol\u00f3gicamente Adecuada, en espa\u00f1ol, <strong>ACBA<\/strong>.<\/p>\n\n\n<div class=\"wp-block-image\">\n<figure class=\"aligncenter size-large is-resized\"><img src=\"https:\/\/www.parashihtzu.top\/wp-content\/uploads\/2020\/05\/dietabarf-1.jpg\" alt=\"Dieta Barf\" class=\"wp-image-363\" width=\"261\" height=\"146\" title=\"Dieta Barf\"\/><\/figure><\/div>\n\n\n<p>Si has decidido alimentar a tu perro mediante esta dieta,&nbsp;es conveniente que investigues un poco y <strong>consultes a tu veterinario<\/strong>, analizando bien las necesidades de tu perro para tener la seguridad de que&nbsp;no sufrir\u00e1 ninguna deficiencia en su dieta ni tendr\u00e1 problemas de salud.<\/p>\n\n\n\n<p>La totalidad de la dieta BARF se basa en alimentos crudos? Con el fin de evitar alg\u00fan problema de infecciones algunos seguidores de esta dieta cuecen ligeramente los alimentos. Los alimentos crudos pueden contener agentes pat\u00f3genos, como puede ser la carne pero hay que tener en cuenta que los perros, como carn\u00edvoros que son, tienen un tracto digestivo corto y su digesti\u00f3n es r\u00e1pida, eliminando los desechos muy r\u00e1pido, por lo que se evita as\u00ed que no se fermenten los alimentos en sus sistema digestivo.<\/p>\n\n\n\n<p>En otras palabras tu perro est\u00e1 preparado para luchar como un superheroe contra las bacterias de la carne, ya que tanto su saliva como sus jugos g\u00e1stricos tienen propiedades antibacterianas<\/p>\n\n\n\n<p>El mayor peligro de esta dieta se encuentra en los huesos, sobre todo los de ave, que se astillan f\u00e1cilmente y pueden provocar obstrucciones intestinales, desgarro de la mucosa intestinal u otros problemas que requerir\u00e1n cirug\u00eda.<\/p>\n\n\n\n<p>Los defensores de la dieta BARF alegan que se trata de una alimentaci\u00f3n&nbsp;mucho m\u00e1s saludable que la que proporciona un pienso comercial. Si la comparamos con piensos de baja gama, esta afirmaci\u00f3n puede ser correcta, pero no con los de alta, que cuidan mucho sus ingredientes, adem\u00e1s de cocinarlos lentamente y a&nbsp;baja temperatura para mantener los nutrientes.<\/p>\n\n\n\n<p><\/p>\n","protected":false},"excerpt":{"rendered":"<p>En este art\u00edculo te quiero hablar del uno de los pilares fundamentales para que tu Shihtzu crezca fuerte y sano, que es la alimentaci\u00f3n. En el mercado existen m\u00faltiples opciones con la que podr\u00e1s alimentar a tu perro pero deber\u00e1s ser tu quien elija lo mejor o bien lo que m\u00e1s se adapte a sus [&hellip;]<\/p>\n","protected":false},"author":1,"featured_media":0,"parent":0,"menu_order":0,"comment_status":"closed","ping_status":"closed","template":"","meta":[],"yoast_head":"<!-- This site is optimized with the Yoast SEO plugin v20.0 - https:\/\/yoast.com\/wordpress\/plugins\/seo\/ -->\n<title>ALIMENTACI\u00d3N PARA SHIH TZU - UNIVERSO SHIH-TZU<\/title>\n<meta name=\"description\" content=\"Encuentra el pienso ideal para tu perro ya sea para shih tzu o raza de perros peque\u00f1os. Tienes una gran variedad\" \/>\n<meta name=\"robots\" content=\"index, follow, max-snippet:-1, max-image-preview:large, max-video-preview:-1\" \/>\n<link rel=\"canonical\" href=\"https:\/\/www.parashihtzu.top\/index.php\/alimentacion-para-shih-tzu\/\" \/>\n<meta property=\"og:locale\" content=\"es_ES\" \/>\n<meta property=\"og:type\" content=\"article\" \/>\n<meta property=\"og:title\" content=\"ALIMENTACI\u00d3N PARA SHIH TZU - UNIVERSO SHIH-TZU\" \/>\n<meta property=\"og:description\" content=\"Encuentra el pienso ideal para tu perro ya sea para shih tzu o raza de perros peque\u00f1os. Tienes una gran variedad\" \/>\n<meta property=\"og:url\" content=\"https:\/\/www.parashihtzu.top\/index.php\/alimentacion-para-shih-tzu\/\" \/>\n<meta property=\"og:site_name\" content=\"UNIVERSO SHIH-TZU\" \/>\n<meta property=\"article:modified_time\" content=\"2022-09-27T12:19:54+00:00\" \/>\n<meta property=\"og:image\" content=\"https:\/\/www.parashihtzu.top\/wp-content\/uploads\/2020\/05\/banner.png\" \/>\n<meta name=\"twitter:card\" content=\"summary_large_image\" \/>\n<meta name=\"twitter:label1\" content=\"Tiempo de lectura\" \/>\n\t<meta name=\"twitter:data1\" content=\"5 minutos\" \/>\n<script type=\"application\/ld+json\" class=\"yoast-schema-graph\">{\"@context\":\"https:\/\/schema.org\",\"@graph\":[{\"@type\":\"WebPage\",\"@id\":\"https:\/\/www.parashihtzu.top\/index.php\/alimentacion-para-shih-tzu\/\",\"url\":\"https:\/\/www.parashihtzu.top\/index.php\/alimentacion-para-shih-tzu\/\",\"name\":\"ALIMENTACI\u00d3N PARA SHIH TZU - UNIVERSO SHIH-TZU\",\"isPartOf\":{\"@id\":\"https:\/\/www.parashihtzu.top\/#website\"},\"datePublished\":\"2019-09-15T19:30:37+00:00\",\"dateModified\":\"2022-09-27T12:19:54+00:00\",\"description\":\"Encuentra el pienso ideal para tu perro ya sea para shih tzu o raza de perros peque\u00f1os. Tienes una gran variedad\",\"breadcrumb\":{\"@id\":\"https:\/\/www.parashihtzu.top\/index.php\/alimentacion-para-shih-tzu\/#breadcrumb\"},\"inLanguage\":\"es\",\"potentialAction\":[{\"@type\":\"ReadAction\",\"target\":[\"https:\/\/www.parashihtzu.top\/index.php\/alimentacion-para-shih-tzu\/\"]}]},{\"@type\":\"BreadcrumbList\",\"@id\":\"https:\/\/www.parashihtzu.top\/index.php\/alimentacion-para-shih-tzu\/#breadcrumb\",\"itemListElement\":[{\"@type\":\"ListItem\",\"position\":1,\"name\":\"Portada\",\"item\":\"https:\/\/www.parashihtzu.top\/\"},{\"@type\":\"ListItem\",\"position\":2,\"name\":\"ALIMENTACI\u00d3N PARA SHIH TZU\"}]},{\"@type\":\"WebSite\",\"@id\":\"https:\/\/www.parashihtzu.top\/#website\",\"url\":\"https:\/\/www.parashihtzu.top\/\",\"name\":\"UNIVERSO SHIH-TZU\",\"description\":\"Web sobre la raza SHIHTZU con productos e informaci&oacute;n\",\"publisher\":{\"@id\":\"https:\/\/www.parashihtzu.top\/#organization\"},\"potentialAction\":[{\"@type\":\"SearchAction\",\"target\":{\"@type\":\"EntryPoint\",\"urlTemplate\":\"https:\/\/www.parashihtzu.top\/?s={search_term_string}\"},\"query-input\":\"required name=search_term_string\"}],\"inLanguage\":\"es\"},{\"@type\":\"Organization\",\"@id\":\"https:\/\/www.parashihtzu.top\/#organization\",\"name\":\"UNIVERSO SHIH-TZU\",\"url\":\"https:\/\/www.parashihtzu.top\/\",\"logo\":{\"@type\":\"ImageObject\",\"inLanguage\":\"es\",\"@id\":\"https:\/\/www.parashihtzu.top\/#\/schema\/logo\/image\/\",\"url\":\"https:\/\/www.parashihtzu.top\/wp-content\/uploads\/2022\/09\/cropped-Copia_de_Logo_Logotipo_de_flores_Acuarela_Floral_Pastel_rosa-removebg-preview.png\",\"contentUrl\":\"https:\/\/www.parashihtzu.top\/wp-content\/uploads\/2022\/09\/cropped-Copia_de_Logo_Logotipo_de_flores_Acuarela_Floral_Pastel_rosa-removebg-preview.png\",\"width\":500,\"height\":257,\"caption\":\"UNIVERSO SHIH-TZU\"},\"image\":{\"@id\":\"https:\/\/www.parashihtzu.top\/#\/schema\/logo\/image\/\"}}]}<\/script>\n<!-- \/ Yoast SEO plugin. -->","yoast_head_json":{"title":"ALIMENTACI\u00d3N PARA SHIH TZU - UNIVERSO SHIH-TZU","description":"Encuentra el pienso ideal para tu perro ya sea para shih tzu o raza de perros peque\u00f1os. Tienes una gran variedad","robots":{"index":"index","follow":"follow","max-snippet":"max-snippet:-1","max-image-preview":"max-image-preview:large","max-video-preview":"max-video-preview:-1"},"canonical":"https:\/\/www.parashihtzu.top\/index.php\/alimentacion-para-shih-tzu\/","og_locale":"es_ES","og_type":"article","og_title":"ALIMENTACI\u00d3N PARA SHIH TZU - UNIVERSO SHIH-TZU","og_description":"Encuentra el pienso ideal para tu perro ya sea para shih tzu o raza de perros peque\u00f1os. Tienes una gran variedad","og_url":"https:\/\/www.parashihtzu.top\/index.php\/alimentacion-para-shih-tzu\/","og_site_name":"UNIVERSO SHIH-TZU","article_modified_time":"2022-09-27T12:19:54+00:00","og_image":[{"url":"https:\/\/www.parashihtzu.top\/wp-content\/uploads\/2020\/05\/banner.png"}],"twitter_card":"summary_large_image","twitter_misc":{"Tiempo de lectura":"5 minutos"},"schema":{"@context":"https:\/\/schema.org","@graph":[{"@type":"WebPage","@id":"https:\/\/www.parashihtzu.top\/index.php\/alimentacion-para-shih-tzu\/","url":"https:\/\/www.parashihtzu.top\/index.php\/alimentacion-para-shih-tzu\/","name":"ALIMENTACI\u00d3N PARA SHIH TZU - UNIVERSO SHIH-TZU","isPartOf":{"@id":"https:\/\/www.parashihtzu.top\/#website"},"datePublished":"2019-09-15T19:30:37+00:00","dateModified":"2022-09-27T12:19:54+00:00","description":"Encuentra el pienso ideal para tu perro ya sea para shih tzu o raza de perros peque\u00f1os. Tienes una gran variedad","breadcrumb":{"@id":"https:\/\/www.parashihtzu.top\/index.php\/alimentacion-para-shih-tzu\/#breadcrumb"},"inLanguage":"es","potentialAction":[{"@type":"ReadAction","target":["https:\/\/www.parashihtzu.top\/index.php\/alimentacion-para-shih-tzu\/"]}]},{"@type":"BreadcrumbList","@id":"https:\/\/www.parashihtzu.top\/index.php\/alimentacion-para-shih-tzu\/#breadcrumb","itemListElement":[{"@type":"ListItem","position":1,"name":"Portada","item":"https:\/\/www.parashihtzu.top\/"},{"@type":"ListItem","position":2,"name":"ALIMENTACI\u00d3N PARA SHIH TZU"}]},{"@type":"WebSite","@id":"https:\/\/www.parashihtzu.top\/#website","url":"https:\/\/www.parashihtzu.top\/","name":"UNIVERSO SHIH-TZU","description":"Web sobre la raza SHIHTZU con productos e informaci&oacute;n","publisher":{"@id":"https:\/\/www.parashihtzu.top\/#organization"},"potentialAction":[{"@type":"SearchAction","target":{"@type":"EntryPoint","urlTemplate":"https:\/\/www.parashihtzu.top\/?s={search_term_string}"},"query-input":"required name=search_term_string"}],"inLanguage":"es"},{"@type":"Organization","@id":"https:\/\/www.parashihtzu.top\/#organization","name":"UNIVERSO SHIH-TZU","url":"https:\/\/www.parashihtzu.top\/","logo":{"@type":"ImageObject","inLanguage":"es","@id":"https:\/\/www.parashihtzu.top\/#\/schema\/logo\/image\/","url":"https:\/\/www.parashihtzu.top\/wp-content\/uploads\/2022\/09\/cropped-Copia_de_Logo_Logotipo_de_flores_Acuarela_Floral_Pastel_rosa-removebg-preview.png","contentUrl":"https:\/\/www.parashihtzu.top\/wp-content\/uploads\/2022\/09\/cropped-Copia_de_Logo_Logotipo_de_flores_Acuarela_Floral_Pastel_rosa-removebg-preview.png","width":500,"height":257,"caption":"UNIVERSO SHIH-TZU"},"image":{"@id":"https:\/\/www.parashihtzu.top\/#\/schema\/logo\/image\/"}}]}},"_links":{"self":[{"href":"https:\/\/www.parashihtzu.top\/index.php\/wp-json\/wp\/v2\/pages\/88"}],"collection":[{"href":"https:\/\/www.parashihtzu.top\/index.php\/wp-json\/wp\/v2\/pages"}],"about":[{"href":"https:\/\/www.parashihtzu.top\/index.php\/wp-json\/wp\/v2\/types\/page"}],"author":[{"embeddable":true,"href":"https:\/\/www.parashihtzu.top\/index.php\/wp-json\/wp\/v2\/users\/1"}],"replies":[{"embeddable":true,"href":"https:\/\/www.parashihtzu.top\/index.php\/wp-json\/wp\/v2\/comments?post=88"}],"version-history":[{"count":27,"href":"https:\/\/www.parashihtzu.top\/index.php\/wp-json\/wp\/v2\/pages\/88\/revisions"}],"predecessor-version":[{"id":617,"href":"https:\/\/www.parashihtzu.top\/index.php\/wp-json\/wp\/v2\/pages\/88\/revisions\/617"}],"wp:attachment":[{"href":"https:\/\/www.parashihtzu.top\/index.php\/wp-json\/wp\/v2\/media?parent=88"}],"curies":[{"name":"wp","href":"https:\/\/api.w.org\/{rel}","templated":true}]}}